{"id":9,"date":"2018-11-19T16:16:20","date_gmt":"2018-11-19T16:16:20","guid":{"rendered":"https:\/\/fastformsystems.com\/uk\/?post_type=product&#038;p=9"},"modified":"2020-03-20T15:44:35","modified_gmt":"2020-03-20T15:44:35","slug":"coffrage-de-colonne","status":"publish","type":"product","link":"https:\/\/fastformsystems.com\/fr\/produits\/coffrage-de-colonne\/","title":{"rendered":"Coffrage de colonne"},"content":{"rendered":"<p>Fast-Form est la solution id\u00e9ale pour tous les types de colonnes. C\u2019est le syst\u00e8me le plus l\u00e9ger sur le march\u00e9, et il est facile et rapide \u00e0 monter. Nous proposons des tailles standard allant de 1,2\u00a0m \u00e0 6,4\u00a0m, \u00e0 partir de 250\u00a0mm de largeur, et compatibles avec nos syst\u00e8mes de mur en acier et aluminium standard.<\/p>\n<p>Aucun amorce poteau n\u2019est n\u00e9cessaire ! Notre syst\u00e8me de fixation unique qui se boulonne sur votre dalle signifie que vous n\u2019avez pas besoin d&#8217;amorce poteau, ce qui constitue une \u00e9conomie suppl\u00e9mentaire pour vous. Notre coffrage de colonne peut facilement \u00eatre ajust\u00e9 \u00e0 d\u2019autres tailles. Le syst\u00e8me est tellement flexible qu\u2019il s\u2019adaptera \u00e0 presque n\u2019importe quelle taille et n\u2019importe quel type de colonne.<\/p>\n<p>Des acc\u00e8s et des mains courantes sont disponibles sur demande. Il s\u2019agit d\u2019un syst\u00e8me l\u00e9ger \u00e0 montage manuel qui vous fait \u00e9conomiser des co\u00fbts de grue en aluminium ou un syst\u00e8me de levage par grue en acier.<\/p>\n","protected":false},"featured_media":562,"template":"","class_list":["post-9","product","type-product","status-publish","has-post-thumbnail","hentry"],"acf":[],"yoast_head":"<!-- This site is optimized with the Yoast SEO plugin v25.5 - https:\/\/yoast.com\/wordpress\/plugins\/seo\/ -->\n<title>Coffrage de colonne - Fast Form Systems<\/title>\n<meta name=\"robots\" content=\"index, follow, max-snippet:-1, max-image-preview:large, max-video-preview:-1\" \/>\n<link rel=\"canonical\" href=\"https:\/\/fastformsystems.com\/fr\/produits\/coffrage-de-colonne\/\" \/>\n<meta property=\"og:locale\" content=\"en_GB\" \/>\n<meta property=\"og:type\" content=\"article\" \/>\n<meta property=\"og:title\" content=\"Coffrage de colonne - Fast Form Systems\" \/>\n<meta property=\"og:description\" content=\"Fast-Form est la solution id\u00e9ale pour tous les types de colonnes. C\u2019est le syst\u00e8me le plus l\u00e9ger sur le march\u00e9, et il est facile et rapide \u00e0 monter. Nous proposons des tailles standard allant de 1,2\u00a0m \u00e0 6,4\u00a0m, \u00e0 partir de 250\u00a0mm de largeur, et compatibles avec nos syst\u00e8mes de mur en acier et aluminium standard. Aucun amorce poteau n\u2019est n\u00e9cessaire ! Notre syst\u00e8me de &hellip; Continue reading Coffrage de colonne &raquo;\" \/>\n<meta property=\"og:url\" content=\"https:\/\/fastformsystems.com\/fr\/produits\/coffrage-de-colonne\/\" \/>\n<meta property=\"og:site_name\" content=\"FR\" \/>\n<meta property=\"article:modified_time\" content=\"2020-03-20T15:44:35+00:00\" \/>\n<meta property=\"og:image\" content=\"https:\/\/fastformsystems.com\/fr\/wp-content\/uploads\/sites\/7\/2018\/11\/Column_banner_1400x400.jpg\" \/>\n\t<meta property=\"og:image:width\" content=\"1300\" \/>\n\t<meta property=\"og:image:height\" content=\"400\" \/>\n\t<meta property=\"og:image:type\" content=\"image\/jpeg\" \/>\n<meta name=\"twitter:card\" content=\"summary_large_image\" \/>\n<meta name=\"twitter:label1\" content=\"Estimated reading time\" \/>\n\t<meta name=\"twitter:data1\" content=\"1 minute\" \/>\n<script type=\"application\/ld+json\" class=\"yoast-schema-graph\">{\"@context\":\"https:\/\/schema.org\",\"@graph\":[{\"@type\":\"WebPage\",\"@id\":\"https:\/\/fastformsystems.com\/fr\/produits\/coffrage-de-colonne\/\",\"url\":\"https:\/\/fastformsystems.com\/fr\/produits\/coffrage-de-colonne\/\",\"name\":\"Coffrage de colonne - Fast Form Systems\",\"isPartOf\":{\"@id\":\"https:\/\/fastformsystems.com\/fr\/#website\"},\"primaryImageOfPage\":{\"@id\":\"https:\/\/fastformsystems.com\/fr\/produits\/coffrage-de-colonne\/#primaryimage\"},\"image\":{\"@id\":\"https:\/\/fastformsystems.com\/fr\/produits\/coffrage-de-colonne\/#primaryimage\"},\"thumbnailUrl\":\"https:\/\/fastformsystems.com\/fr\/wp-content\/uploads\/sites\/7\/2018\/11\/Column_banner_1400x400.jpg\",\"datePublished\":\"2018-11-19T16:16:20+00:00\",\"dateModified\":\"2020-03-20T15:44:35+00:00\",\"breadcrumb\":{\"@id\":\"https:\/\/fastformsystems.com\/fr\/produits\/coffrage-de-colonne\/#breadcrumb\"},\"inLanguage\":\"en-GB\",\"potentialAction\":[{\"@type\":\"ReadAction\",\"target\":[\"https:\/\/fastformsystems.com\/fr\/produits\/coffrage-de-colonne\/\"]}]},{\"@type\":\"ImageObject\",\"inLanguage\":\"en-GB\",\"@id\":\"https:\/\/fastformsystems.com\/fr\/produits\/coffrage-de-colonne\/#primaryimage\",\"url\":\"https:\/\/fastformsystems.com\/fr\/wp-content\/uploads\/sites\/7\/2018\/11\/Column_banner_1400x400.jpg\",\"contentUrl\":\"https:\/\/fastformsystems.com\/fr\/wp-content\/uploads\/sites\/7\/2018\/11\/Column_banner_1400x400.jpg\",\"width\":1300,\"height\":400},{\"@type\":\"BreadcrumbList\",\"@id\":\"https:\/\/fastformsystems.com\/fr\/produits\/coffrage-de-colonne\/#breadcrumb\",\"itemListElement\":[{\"@type\":\"ListItem\",\"position\":1,\"name\":\"Home\",\"item\":\"https:\/\/fastformsystems.com\/fr\/\"},{\"@type\":\"ListItem\",\"position\":2,\"name\":\"Coffrage de colonne\"}]},{\"@type\":\"WebSite\",\"@id\":\"https:\/\/fastformsystems.com\/fr\/#website\",\"url\":\"https:\/\/fastformsystems.com\/fr\/\",\"name\":\"FR\",\"description\":\"\",\"potentialAction\":[{\"@type\":\"SearchAction\",\"target\":{\"@type\":\"EntryPoint\",\"urlTemplate\":\"https:\/\/fastformsystems.com\/fr\/?s={search_term_string}\"},\"query-input\":{\"@type\":\"PropertyValueSpecification\",\"valueRequired\":true,\"valueName\":\"search_term_string\"}}],\"inLanguage\":\"en-GB\"}]}<\/script>\n<!-- \/ Yoast SEO plugin. -->","yoast_head_json":{"title":"Coffrage de colonne - Fast Form Systems","robots":{"index":"index","follow":"follow","max-snippet":"max-snippet:-1","max-image-preview":"max-image-preview:large","max-video-preview":"max-video-preview:-1"},"canonical":"https:\/\/fastformsystems.com\/fr\/produits\/coffrage-de-colonne\/","og_locale":"en_GB","og_type":"article","og_title":"Coffrage de colonne - Fast Form Systems","og_description":"Fast-Form est la solution id\u00e9ale pour tous les types de colonnes. C\u2019est le syst\u00e8me le plus l\u00e9ger sur le march\u00e9, et il est facile et rapide \u00e0 monter. Nous proposons des tailles standard allant de 1,2\u00a0m \u00e0 6,4\u00a0m, \u00e0 partir de 250\u00a0mm de largeur, et compatibles avec nos syst\u00e8mes de mur en acier et aluminium standard. Aucun amorce poteau n\u2019est n\u00e9cessaire ! Notre syst\u00e8me de &hellip; Continue reading Coffrage de colonne &raquo;","og_url":"https:\/\/fastformsystems.com\/fr\/produits\/coffrage-de-colonne\/","og_site_name":"FR","article_modified_time":"2020-03-20T15:44:35+00:00","og_image":[{"width":1300,"height":400,"url":"https:\/\/fastformsystems.com\/fr\/wp-content\/uploads\/sites\/7\/2018\/11\/Column_banner_1400x400.jpg","type":"image\/jpeg"}],"twitter_card":"summary_large_image","twitter_misc":{"Estimated reading time":"1 minute"},"schema":{"@context":"https:\/\/schema.org","@graph":[{"@type":"WebPage","@id":"https:\/\/fastformsystems.com\/fr\/produits\/coffrage-de-colonne\/","url":"https:\/\/fastformsystems.com\/fr\/produits\/coffrage-de-colonne\/","name":"Coffrage de colonne - Fast Form Systems","isPartOf":{"@id":"https:\/\/fastformsystems.com\/fr\/#website"},"primaryImageOfPage":{"@id":"https:\/\/fastformsystems.com\/fr\/produits\/coffrage-de-colonne\/#primaryimage"},"image":{"@id":"https:\/\/fastformsystems.com\/fr\/produits\/coffrage-de-colonne\/#primaryimage"},"thumbnailUrl":"https:\/\/fastformsystems.com\/fr\/wp-content\/uploads\/sites\/7\/2018\/11\/Column_banner_1400x400.jpg","datePublished":"2018-11-19T16:16:20+00:00","dateModified":"2020-03-20T15:44:35+00:00","breadcrumb":{"@id":"https:\/\/fastformsystems.com\/fr\/produits\/coffrage-de-colonne\/#breadcrumb"},"inLanguage":"en-GB","potentialAction":[{"@type":"ReadAction","target":["https:\/\/fastformsystems.com\/fr\/produits\/coffrage-de-colonne\/"]}]},{"@type":"ImageObject","inLanguage":"en-GB","@id":"https:\/\/fastformsystems.com\/fr\/produits\/coffrage-de-colonne\/#primaryimage","url":"https:\/\/fastformsystems.com\/fr\/wp-content\/uploads\/sites\/7\/2018\/11\/Column_banner_1400x400.jpg","contentUrl":"https:\/\/fastformsystems.com\/fr\/wp-content\/uploads\/sites\/7\/2018\/11\/Column_banner_1400x400.jpg","width":1300,"height":400},{"@type":"BreadcrumbList","@id":"https:\/\/fastformsystems.com\/fr\/produits\/coffrage-de-colonne\/#breadcrumb","itemListElement":[{"@type":"ListItem","position":1,"name":"Home","item":"https:\/\/fastformsystems.com\/fr\/"},{"@type":"ListItem","position":2,"name":"Coffrage de colonne"}]},{"@type":"WebSite","@id":"https:\/\/fastformsystems.com\/fr\/#website","url":"https:\/\/fastformsystems.com\/fr\/","name":"FR","description":"","potentialAction":[{"@type":"SearchAction","target":{"@type":"EntryPoint","urlTemplate":"https:\/\/fastformsystems.com\/fr\/?s={search_term_string}"},"query-input":{"@type":"PropertyValueSpecification","valueRequired":true,"valueName":"search_term_string"}}],"inLanguage":"en-GB"}]}},"_links":{"self":[{"href":"https:\/\/fastformsystems.com\/fr\/wp-json\/wp\/v2\/product\/9","targetHints":{"allow":["GET"]}}],"collection":[{"href":"https:\/\/fastformsystems.com\/fr\/wp-json\/wp\/v2\/product"}],"about":[{"href":"https:\/\/fastformsystems.com\/fr\/wp-json\/wp\/v2\/types\/product"}],"wp:featuredmedia":[{"embeddable":true,"href":"https:\/\/fastformsystems.com\/fr\/wp-json\/wp\/v2\/media\/562"}],"wp:attachment":[{"href":"https:\/\/fastformsystems.com\/fr\/wp-json\/wp\/v2\/media?parent=9"}],"curies":[{"name":"wp","href":"https:\/\/api.w.org\/{rel}","templated":true}]}}