{"id":8,"date":"2018-11-19T16:15:51","date_gmt":"2018-11-19T16:15:51","guid":{"rendered":"https:\/\/fastformsystems.com\/uk\/?post_type=product&#038;p=8"},"modified":"2020-03-20T15:44:23","modified_gmt":"2020-03-20T15:44:23","slug":"coffrage-de-mur","status":"publish","type":"product","link":"https:\/\/fastformsystems.com\/fr\/produits\/coffrage-de-mur\/","title":{"rendered":"Coffrage de mur"},"content":{"rendered":"<p>Fast-Form est la solution id\u00e9ale pour tous les types de coffrages de mur et de colonne. Notre mod\u00e8le unique brevet\u00e9 combine la solidit\u00e9 d\u2019un syst\u00e8me de panneaux en acier, la flexibilit\u00e9 et la simplicit\u00e9 d\u2019utilisation d\u2019un syst\u00e8me mont\u00e9 \u00e0 la main et le fini d\u2019un syst\u00e8me traditionnel en bois (ainsi qu\u2019une option de levage de panneaux), sans les barres de liaison et les jointures de panneaux. De plus, les composants du m\u00eame syst\u00e8me peuvent former des murs droits et arrondis! Aucun autre syst\u00e8me n\u2019offre une telle flexibilit\u00e9, mais si vous pr\u00e9f\u00e9rez les syst\u00e8mes de grands panneaux avec parois berlinoises, nous les proposons \u00e9galement.<\/p>\n<p>&nbsp;<\/p>\n","protected":false},"featured_media":761,"template":"","class_list":["post-8","product","type-product","status-publish","has-post-thumbnail","hentry"],"acf":[],"yoast_head":"<!-- This site is optimized with the Yoast SEO plugin v25.5 - https:\/\/yoast.com\/wordpress\/plugins\/seo\/ -->\n<title>Coffrage de mur - Fast Form Systems<\/title>\n<meta name=\"description\" content=\"Wall formwork system that can be erected by hand or moved by crane, lightweight and Low carbon, what ever you need we have the solution\" \/>\n<meta name=\"robots\" content=\"index, follow, max-snippet:-1, max-image-preview:large, max-video-preview:-1\" \/>\n<link rel=\"canonical\" href=\"https:\/\/fastformsystems.com\/fr\/produits\/coffrage-de-mur\/\" \/>\n<meta property=\"og:locale\" content=\"en_GB\" \/>\n<meta property=\"og:type\" content=\"article\" \/>\n<meta property=\"og:title\" content=\"Coffrage de mur - Fast Form Systems\" \/>\n<meta property=\"og:description\" content=\"Wall formwork system that can be erected by hand or moved by crane, lightweight and Low carbon, what ever you need we have the solution\" \/>\n<meta property=\"og:url\" content=\"https:\/\/fastformsystems.com\/fr\/produits\/coffrage-de-mur\/\" \/>\n<meta property=\"og:site_name\" content=\"FR\" \/>\n<meta property=\"article:modified_time\" content=\"2020-03-20T15:44:23+00:00\" \/>\n<meta property=\"og:image\" content=\"https:\/\/fastformsystems.com\/fr\/wp-content\/uploads\/sites\/7\/2018\/11\/20170830_135914-2.jpg\" \/>\n\t<meta property=\"og:image:width\" content=\"2560\" \/>\n\t<meta property=\"og:image:height\" content=\"1536\" \/>\n\t<meta property=\"og:image:type\" content=\"image\/jpeg\" \/>\n<meta name=\"twitter:card\" content=\"summary_large_image\" \/>\n<meta name=\"twitter:label1\" content=\"Estimated reading time\" \/>\n\t<meta name=\"twitter:data1\" content=\"1 minute\" \/>\n<script type=\"application\/ld+json\" class=\"yoast-schema-graph\">{\"@context\":\"https:\/\/schema.org\",\"@graph\":[{\"@type\":\"WebPage\",\"@id\":\"https:\/\/fastformsystems.com\/fr\/produits\/coffrage-de-mur\/\",\"url\":\"https:\/\/fastformsystems.com\/fr\/produits\/coffrage-de-mur\/\",\"name\":\"Coffrage de mur - Fast Form Systems\",\"isPartOf\":{\"@id\":\"https:\/\/fastformsystems.com\/fr\/#website\"},\"primaryImageOfPage\":{\"@id\":\"https:\/\/fastformsystems.com\/fr\/produits\/coffrage-de-mur\/#primaryimage\"},\"image\":{\"@id\":\"https:\/\/fastformsystems.com\/fr\/produits\/coffrage-de-mur\/#primaryimage\"},\"thumbnailUrl\":\"https:\/\/fastformsystems.com\/fr\/wp-content\/uploads\/sites\/7\/2018\/11\/20170830_135914-2.jpg\",\"datePublished\":\"2018-11-19T16:15:51+00:00\",\"dateModified\":\"2020-03-20T15:44:23+00:00\",\"description\":\"Wall formwork system that can be erected by hand or moved by crane, lightweight and Low carbon, what ever you need we have the solution\",\"breadcrumb\":{\"@id\":\"https:\/\/fastformsystems.com\/fr\/produits\/coffrage-de-mur\/#breadcrumb\"},\"inLanguage\":\"en-GB\",\"potentialAction\":[{\"@type\":\"ReadAction\",\"target\":[\"https:\/\/fastformsystems.com\/fr\/produits\/coffrage-de-mur\/\"]}]},{\"@type\":\"ImageObject\",\"inLanguage\":\"en-GB\",\"@id\":\"https:\/\/fastformsystems.com\/fr\/produits\/coffrage-de-mur\/#primaryimage\",\"url\":\"https:\/\/fastformsystems.com\/fr\/wp-content\/uploads\/sites\/7\/2018\/11\/20170830_135914-2.jpg\",\"contentUrl\":\"https:\/\/fastformsystems.com\/fr\/wp-content\/uploads\/sites\/7\/2018\/11\/20170830_135914-2.jpg\",\"width\":2560,\"height\":1536},{\"@type\":\"BreadcrumbList\",\"@id\":\"https:\/\/fastformsystems.com\/fr\/produits\/coffrage-de-mur\/#breadcrumb\",\"itemListElement\":[{\"@type\":\"ListItem\",\"position\":1,\"name\":\"Home\",\"item\":\"https:\/\/fastformsystems.com\/fr\/\"},{\"@type\":\"ListItem\",\"position\":2,\"name\":\"Coffrage de mur\"}]},{\"@type\":\"WebSite\",\"@id\":\"https:\/\/fastformsystems.com\/fr\/#website\",\"url\":\"https:\/\/fastformsystems.com\/fr\/\",\"name\":\"FR\",\"description\":\"\",\"potentialAction\":[{\"@type\":\"SearchAction\",\"target\":{\"@type\":\"EntryPoint\",\"urlTemplate\":\"https:\/\/fastformsystems.com\/fr\/?s={search_term_string}\"},\"query-input\":{\"@type\":\"PropertyValueSpecification\",\"valueRequired\":true,\"valueName\":\"search_term_string\"}}],\"inLanguage\":\"en-GB\"}]}<\/script>\n<!-- \/ Yoast SEO plugin. -->","yoast_head_json":{"title":"Coffrage de mur - Fast Form Systems","description":"Wall formwork system that can be erected by hand or moved by crane, lightweight and Low carbon, what ever you need we have the solution","robots":{"index":"index","follow":"follow","max-snippet":"max-snippet:-1","max-image-preview":"max-image-preview:large","max-video-preview":"max-video-preview:-1"},"canonical":"https:\/\/fastformsystems.com\/fr\/produits\/coffrage-de-mur\/","og_locale":"en_GB","og_type":"article","og_title":"Coffrage de mur - Fast Form Systems","og_description":"Wall formwork system that can be erected by hand or moved by crane, lightweight and Low carbon, what ever you need we have the solution","og_url":"https:\/\/fastformsystems.com\/fr\/produits\/coffrage-de-mur\/","og_site_name":"FR","article_modified_time":"2020-03-20T15:44:23+00:00","og_image":[{"width":2560,"height":1536,"url":"https:\/\/fastformsystems.com\/fr\/wp-content\/uploads\/sites\/7\/2018\/11\/20170830_135914-2.jpg","type":"image\/jpeg"}],"twitter_card":"summary_large_image","twitter_misc":{"Estimated reading time":"1 minute"},"schema":{"@context":"https:\/\/schema.org","@graph":[{"@type":"WebPage","@id":"https:\/\/fastformsystems.com\/fr\/produits\/coffrage-de-mur\/","url":"https:\/\/fastformsystems.com\/fr\/produits\/coffrage-de-mur\/","name":"Coffrage de mur - Fast Form Systems","isPartOf":{"@id":"https:\/\/fastformsystems.com\/fr\/#website"},"primaryImageOfPage":{"@id":"https:\/\/fastformsystems.com\/fr\/produits\/coffrage-de-mur\/#primaryimage"},"image":{"@id":"https:\/\/fastformsystems.com\/fr\/produits\/coffrage-de-mur\/#primaryimage"},"thumbnailUrl":"https:\/\/fastformsystems.com\/fr\/wp-content\/uploads\/sites\/7\/2018\/11\/20170830_135914-2.jpg","datePublished":"2018-11-19T16:15:51+00:00","dateModified":"2020-03-20T15:44:23+00:00","description":"Wall formwork system that can be erected by hand or moved by crane, lightweight and Low carbon, what ever you need we have the solution","breadcrumb":{"@id":"https:\/\/fastformsystems.com\/fr\/produits\/coffrage-de-mur\/#breadcrumb"},"inLanguage":"en-GB","potentialAction":[{"@type":"ReadAction","target":["https:\/\/fastformsystems.com\/fr\/produits\/coffrage-de-mur\/"]}]},{"@type":"ImageObject","inLanguage":"en-GB","@id":"https:\/\/fastformsystems.com\/fr\/produits\/coffrage-de-mur\/#primaryimage","url":"https:\/\/fastformsystems.com\/fr\/wp-content\/uploads\/sites\/7\/2018\/11\/20170830_135914-2.jpg","contentUrl":"https:\/\/fastformsystems.com\/fr\/wp-content\/uploads\/sites\/7\/2018\/11\/20170830_135914-2.jpg","width":2560,"height":1536},{"@type":"BreadcrumbList","@id":"https:\/\/fastformsystems.com\/fr\/produits\/coffrage-de-mur\/#breadcrumb","itemListElement":[{"@type":"ListItem","position":1,"name":"Home","item":"https:\/\/fastformsystems.com\/fr\/"},{"@type":"ListItem","position":2,"name":"Coffrage de mur"}]},{"@type":"WebSite","@id":"https:\/\/fastformsystems.com\/fr\/#website","url":"https:\/\/fastformsystems.com\/fr\/","name":"FR","description":"","potentialAction":[{"@type":"SearchAction","target":{"@type":"EntryPoint","urlTemplate":"https:\/\/fastformsystems.com\/fr\/?s={search_term_string}"},"query-input":{"@type":"PropertyValueSpecification","valueRequired":true,"valueName":"search_term_string"}}],"inLanguage":"en-GB"}]}},"_links":{"self":[{"href":"https:\/\/fastformsystems.com\/fr\/wp-json\/wp\/v2\/product\/8","targetHints":{"allow":["GET"]}}],"collection":[{"href":"https:\/\/fastformsystems.com\/fr\/wp-json\/wp\/v2\/product"}],"about":[{"href":"https:\/\/fastformsystems.com\/fr\/wp-json\/wp\/v2\/types\/product"}],"wp:featuredmedia":[{"embeddable":true,"href":"https:\/\/fastformsystems.com\/fr\/wp-json\/wp\/v2\/media\/761"}],"wp:attachment":[{"href":"https:\/\/fastformsystems.com\/fr\/wp-json\/wp\/v2\/media?parent=8"}],"curies":[{"name":"wp","href":"https:\/\/api.w.org\/{rel}","templated":true}]}}