{"id":7,"date":"2018-11-19T16:15:35","date_gmt":"2018-11-19T16:15:35","guid":{"rendered":"https:\/\/fastformsystems.com\/uk\/?post_type=product&#038;p=7"},"modified":"2020-03-20T15:44:10","modified_gmt":"2020-03-20T15:44:10","slug":"poutre-de-palplanche","status":"publish","type":"product","link":"https:\/\/fastformsystems.com\/fr\/produits\/poutre-de-palplanche\/","title":{"rendered":"Poutre de palplanche"},"content":{"rendered":"<p>Fast-Form est la solution id\u00e9ale pour tous les types de poutres de couronnement de palplanche. La seule solution compl\u00e8te pour les poutres de couronnement de palplanche au monde. Droit, courb\u00e9 ou arrondi, \u00e0 niveau ou inclin\u00e9, \u00e0 une ou deux faces, Fast-Form est le seul syst\u00e8me au monde \u00e0 pouvoir tout supporter en un seul syst\u00e8me, m\u00eame les coffrages terrestres, en utilisant le <a href=\"\/fr\/produits\/systemes-de-fixation\/\"><strong>syst\u00e8me de fixations pour coffrage Fast Form<\/strong><\/a> flexible.<\/p>\n<p>Syst\u00e8me l\u00e9ger qui peut \u00eatre install\u00e9 de mani\u00e8re manuelle, il \u00e9pouse tous les c\u00f4t\u00e9s de la traverse quelle que soit sa grandeur ou sa complexit\u00e9, et notre syst\u00e8me fonctionne \u00e9galement avec le <a href=\"\/fr\/produits\/coffrage-de-mur\/\"><strong>syst\u00e8me de mur Fast Form<\/strong><\/a> pour les coul\u00e9es de grands murs au-dessus de palplanches, avec des plans en 3D tout en couleurs et des plans de travail temporaire inclus, c\u2019est le syst\u00e8me le plus rapide et le plus rentable sur le march\u00e9.<\/p>\n","protected":false},"featured_media":763,"template":"","class_list":["post-7","product","type-product","status-publish","has-post-thumbnail","hentry"],"acf":[],"yoast_head":"<!-- This site is optimized with the Yoast SEO plugin v25.5 - https:\/\/yoast.com\/wordpress\/plugins\/seo\/ -->\n<title>Poutre de palplanche | Fast-Form Systems<\/title>\n<meta name=\"robots\" content=\"index, follow, max-snippet:-1, max-image-preview:large, max-video-preview:-1\" \/>\n<link rel=\"canonical\" href=\"https:\/\/fastformsystems.com\/fr\/produits\/poutre-de-palplanche\/\" \/>\n<meta property=\"og:locale\" content=\"en_GB\" \/>\n<meta property=\"og:type\" content=\"article\" \/>\n<meta property=\"og:title\" content=\"Poutre de palplanche | Fast-Form Systems\" \/>\n<meta property=\"og:description\" content=\"Fast-Form est la solution id\u00e9ale pour tous les types de poutres de couronnement de palplanche. La seule solution compl\u00e8te pour les poutres de couronnement de palplanche au monde. Droit, courb\u00e9 ou arrondi, \u00e0 niveau ou inclin\u00e9, \u00e0 une ou deux faces, Fast-Form est le seul syst\u00e8me au monde \u00e0 pouvoir tout supporter en un seul syst\u00e8me, m\u00eame les coffrages terrestres, en utilisant le syst\u00e8me de &hellip; Continue reading Poutre de palplanche &raquo;\" \/>\n<meta property=\"og:url\" content=\"https:\/\/fastformsystems.com\/fr\/produits\/poutre-de-palplanche\/\" \/>\n<meta property=\"og:site_name\" content=\"FR\" \/>\n<meta property=\"article:modified_time\" content=\"2020-03-20T15:44:10+00:00\" \/>\n<meta property=\"og:image\" content=\"https:\/\/fastformsystems.com\/fr\/wp-content\/uploads\/sites\/7\/2018\/11\/2-1.jpg\" \/>\n\t<meta property=\"og:image:width\" content=\"2000\" \/>\n\t<meta property=\"og:image:height\" content=\"1125\" \/>\n\t<meta property=\"og:image:type\" content=\"image\/jpeg\" \/>\n<meta name=\"twitter:card\" content=\"summary_large_image\" \/>\n<meta name=\"twitter:label1\" content=\"Estimated reading time\" \/>\n\t<meta name=\"twitter:data1\" content=\"1 minute\" \/>\n<script type=\"application\/ld+json\" class=\"yoast-schema-graph\">{\"@context\":\"https:\/\/schema.org\",\"@graph\":[{\"@type\":\"WebPage\",\"@id\":\"https:\/\/fastformsystems.com\/fr\/produits\/poutre-de-palplanche\/\",\"url\":\"https:\/\/fastformsystems.com\/fr\/produits\/poutre-de-palplanche\/\",\"name\":\"Poutre de palplanche | Fast-Form Systems\",\"isPartOf\":{\"@id\":\"https:\/\/fastformsystems.com\/fr\/#website\"},\"primaryImageOfPage\":{\"@id\":\"https:\/\/fastformsystems.com\/fr\/produits\/poutre-de-palplanche\/#primaryimage\"},\"image\":{\"@id\":\"https:\/\/fastformsystems.com\/fr\/produits\/poutre-de-palplanche\/#primaryimage\"},\"thumbnailUrl\":\"https:\/\/fastformsystems.com\/fr\/wp-content\/uploads\/sites\/7\/2018\/11\/2-1.jpg\",\"datePublished\":\"2018-11-19T16:15:35+00:00\",\"dateModified\":\"2020-03-20T15:44:10+00:00\",\"breadcrumb\":{\"@id\":\"https:\/\/fastformsystems.com\/fr\/produits\/poutre-de-palplanche\/#breadcrumb\"},\"inLanguage\":\"en-GB\",\"potentialAction\":[{\"@type\":\"ReadAction\",\"target\":[\"https:\/\/fastformsystems.com\/fr\/produits\/poutre-de-palplanche\/\"]}]},{\"@type\":\"ImageObject\",\"inLanguage\":\"en-GB\",\"@id\":\"https:\/\/fastformsystems.com\/fr\/produits\/poutre-de-palplanche\/#primaryimage\",\"url\":\"https:\/\/fastformsystems.com\/fr\/wp-content\/uploads\/sites\/7\/2018\/11\/2-1.jpg\",\"contentUrl\":\"https:\/\/fastformsystems.com\/fr\/wp-content\/uploads\/sites\/7\/2018\/11\/2-1.jpg\",\"width\":2000,\"height\":1125},{\"@type\":\"BreadcrumbList\",\"@id\":\"https:\/\/fastformsystems.com\/fr\/produits\/poutre-de-palplanche\/#breadcrumb\",\"itemListElement\":[{\"@type\":\"ListItem\",\"position\":1,\"name\":\"Home\",\"item\":\"https:\/\/fastformsystems.com\/fr\/\"},{\"@type\":\"ListItem\",\"position\":2,\"name\":\"Poutre de palplanche\"}]},{\"@type\":\"WebSite\",\"@id\":\"https:\/\/fastformsystems.com\/fr\/#website\",\"url\":\"https:\/\/fastformsystems.com\/fr\/\",\"name\":\"FR\",\"description\":\"\",\"potentialAction\":[{\"@type\":\"SearchAction\",\"target\":{\"@type\":\"EntryPoint\",\"urlTemplate\":\"https:\/\/fastformsystems.com\/fr\/?s={search_term_string}\"},\"query-input\":{\"@type\":\"PropertyValueSpecification\",\"valueRequired\":true,\"valueName\":\"search_term_string\"}}],\"inLanguage\":\"en-GB\"}]}<\/script>\n<!-- \/ Yoast SEO plugin. -->","yoast_head_json":{"title":"Poutre de palplanche | Fast-Form Systems","robots":{"index":"index","follow":"follow","max-snippet":"max-snippet:-1","max-image-preview":"max-image-preview:large","max-video-preview":"max-video-preview:-1"},"canonical":"https:\/\/fastformsystems.com\/fr\/produits\/poutre-de-palplanche\/","og_locale":"en_GB","og_type":"article","og_title":"Poutre de palplanche | Fast-Form Systems","og_description":"Fast-Form est la solution id\u00e9ale pour tous les types de poutres de couronnement de palplanche. La seule solution compl\u00e8te pour les poutres de couronnement de palplanche au monde. Droit, courb\u00e9 ou arrondi, \u00e0 niveau ou inclin\u00e9, \u00e0 une ou deux faces, Fast-Form est le seul syst\u00e8me au monde \u00e0 pouvoir tout supporter en un seul syst\u00e8me, m\u00eame les coffrages terrestres, en utilisant le syst\u00e8me de &hellip; Continue reading Poutre de palplanche &raquo;","og_url":"https:\/\/fastformsystems.com\/fr\/produits\/poutre-de-palplanche\/","og_site_name":"FR","article_modified_time":"2020-03-20T15:44:10+00:00","og_image":[{"width":2000,"height":1125,"url":"https:\/\/fastformsystems.com\/fr\/wp-content\/uploads\/sites\/7\/2018\/11\/2-1.jpg","type":"image\/jpeg"}],"twitter_card":"summary_large_image","twitter_misc":{"Estimated reading time":"1 minute"},"schema":{"@context":"https:\/\/schema.org","@graph":[{"@type":"WebPage","@id":"https:\/\/fastformsystems.com\/fr\/produits\/poutre-de-palplanche\/","url":"https:\/\/fastformsystems.com\/fr\/produits\/poutre-de-palplanche\/","name":"Poutre de palplanche | Fast-Form Systems","isPartOf":{"@id":"https:\/\/fastformsystems.com\/fr\/#website"},"primaryImageOfPage":{"@id":"https:\/\/fastformsystems.com\/fr\/produits\/poutre-de-palplanche\/#primaryimage"},"image":{"@id":"https:\/\/fastformsystems.com\/fr\/produits\/poutre-de-palplanche\/#primaryimage"},"thumbnailUrl":"https:\/\/fastformsystems.com\/fr\/wp-content\/uploads\/sites\/7\/2018\/11\/2-1.jpg","datePublished":"2018-11-19T16:15:35+00:00","dateModified":"2020-03-20T15:44:10+00:00","breadcrumb":{"@id":"https:\/\/fastformsystems.com\/fr\/produits\/poutre-de-palplanche\/#breadcrumb"},"inLanguage":"en-GB","potentialAction":[{"@type":"ReadAction","target":["https:\/\/fastformsystems.com\/fr\/produits\/poutre-de-palplanche\/"]}]},{"@type":"ImageObject","inLanguage":"en-GB","@id":"https:\/\/fastformsystems.com\/fr\/produits\/poutre-de-palplanche\/#primaryimage","url":"https:\/\/fastformsystems.com\/fr\/wp-content\/uploads\/sites\/7\/2018\/11\/2-1.jpg","contentUrl":"https:\/\/fastformsystems.com\/fr\/wp-content\/uploads\/sites\/7\/2018\/11\/2-1.jpg","width":2000,"height":1125},{"@type":"BreadcrumbList","@id":"https:\/\/fastformsystems.com\/fr\/produits\/poutre-de-palplanche\/#breadcrumb","itemListElement":[{"@type":"ListItem","position":1,"name":"Home","item":"https:\/\/fastformsystems.com\/fr\/"},{"@type":"ListItem","position":2,"name":"Poutre de palplanche"}]},{"@type":"WebSite","@id":"https:\/\/fastformsystems.com\/fr\/#website","url":"https:\/\/fastformsystems.com\/fr\/","name":"FR","description":"","potentialAction":[{"@type":"SearchAction","target":{"@type":"EntryPoint","urlTemplate":"https:\/\/fastformsystems.com\/fr\/?s={search_term_string}"},"query-input":{"@type":"PropertyValueSpecification","valueRequired":true,"valueName":"search_term_string"}}],"inLanguage":"en-GB"}]}},"_links":{"self":[{"href":"https:\/\/fastformsystems.com\/fr\/wp-json\/wp\/v2\/product\/7","targetHints":{"allow":["GET"]}}],"collection":[{"href":"https:\/\/fastformsystems.com\/fr\/wp-json\/wp\/v2\/product"}],"about":[{"href":"https:\/\/fastformsystems.com\/fr\/wp-json\/wp\/v2\/types\/product"}],"wp:featuredmedia":[{"embeddable":true,"href":"https:\/\/fastformsystems.com\/fr\/wp-json\/wp\/v2\/media\/763"}],"wp:attachment":[{"href":"https:\/\/fastformsystems.com\/fr\/wp-json\/wp\/v2\/media?parent=7"}],"curies":[{"name":"wp","href":"https:\/\/api.w.org\/{rel}","templated":true}]}}