{"id":14,"date":"2018-11-19T16:17:17","date_gmt":"2018-11-19T16:17:17","guid":{"rendered":"https:\/\/fastformsystems.com\/uk\/?post_type=product&#038;p=14"},"modified":"2020-03-20T15:43:25","modified_gmt":"2020-03-20T15:43:25","slug":"sur-mesure","status":"publish","type":"product","link":"https:\/\/fastformsystems.com\/fr\/produits\/sur-mesure\/","title":{"rendered":"Sur mesure"},"content":{"rendered":"<p>Fast-Form\u2122 fabrique tous nos syst\u00e8mes, et nous cr\u00e9ons des coffrages sur mesure pour le Royaume-Uni, l\u2019Europe, les \u00c9tats-Unis et le monde entier.<\/p>\n<p>Nous pouvons vous offrir la solution parfaite pour tous vos besoins de coffrage sur mesure, et pouvons concevoir n\u2019importe quel syst\u00e8me adapt\u00e9 \u00e0 vos besoins. Notre syst\u00e8me est si flexible qu\u2019il a \u00e9t\u00e9 utilis\u00e9 pour toutes sortes d\u2019applications, de l\u2019\u00e9tayage des murs de ma\u00e7onnerie au moulage de plinthes sur des murs, en passant par des passerelles et des acc\u00e8s de s\u00e9curit\u00e9, des terrasses et bien d\u2019autres choses. Quels que soient vos besoins, Fast-Form peut collaborer avec vous pour concevoir une solution. Nous proposons une conception CAO en 3D \u00e9poustouflante et compl\u00e8te en interne, des plans de travaux temporaires et des calculs de structure\u00a0: des services complets bas\u00e9s sur nos solutions de coffrages brevet\u00e9es et r\u00e9compens\u00e9es.<\/p>\n","protected":false},"featured_media":901,"template":"","class_list":["post-14","product","type-product","status-publish","has-post-thumbnail","hentry"],"acf":[],"yoast_head":"<!-- This site is optimized with the Yoast SEO plugin v25.5 - https:\/\/yoast.com\/wordpress\/plugins\/seo\/ -->\n<title>Sur mesure - Fast-Form Systems<\/title>\n<meta name=\"robots\" content=\"index, follow, max-snippet:-1, max-image-preview:large, max-video-preview:-1\" \/>\n<link rel=\"canonical\" href=\"https:\/\/fastformsystems.com\/fr\/produits\/sur-mesure\/\" \/>\n<meta property=\"og:locale\" content=\"en_GB\" \/>\n<meta property=\"og:type\" content=\"article\" \/>\n<meta property=\"og:title\" content=\"Sur mesure - Fast-Form Systems\" \/>\n<meta property=\"og:description\" content=\"Fast-Form\u2122 fabrique tous nos syst\u00e8mes, et nous cr\u00e9ons des coffrages sur mesure pour le Royaume-Uni, l\u2019Europe, les \u00c9tats-Unis et le monde entier. Nous pouvons vous offrir la solution parfaite pour tous vos besoins de coffrage sur mesure, et pouvons concevoir n\u2019importe quel syst\u00e8me adapt\u00e9 \u00e0 vos besoins. Notre syst\u00e8me est si flexible qu\u2019il a \u00e9t\u00e9 utilis\u00e9 pour toutes sortes d\u2019applications, de l\u2019\u00e9tayage des murs de &hellip; Continue reading Sur mesure &raquo;\" \/>\n<meta property=\"og:url\" content=\"https:\/\/fastformsystems.com\/fr\/produits\/sur-mesure\/\" \/>\n<meta property=\"og:site_name\" content=\"FR\" \/>\n<meta property=\"article:modified_time\" content=\"2020-03-20T15:43:25+00:00\" \/>\n<meta property=\"og:image\" content=\"https:\/\/fastformsystems.com\/fr\/wp-content\/uploads\/sites\/7\/2018\/11\/FastForm005.jpg\" \/>\n\t<meta property=\"og:image:width\" content=\"2500\" \/>\n\t<meta property=\"og:image:height\" content=\"1727\" \/>\n\t<meta property=\"og:image:type\" content=\"image\/jpeg\" \/>\n<meta name=\"twitter:card\" content=\"summary_large_image\" \/>\n<meta name=\"twitter:label1\" content=\"Estimated reading time\" \/>\n\t<meta name=\"twitter:data1\" content=\"1 minute\" \/>\n<script type=\"application\/ld+json\" class=\"yoast-schema-graph\">{\"@context\":\"https:\/\/schema.org\",\"@graph\":[{\"@type\":\"WebPage\",\"@id\":\"https:\/\/fastformsystems.com\/fr\/produits\/sur-mesure\/\",\"url\":\"https:\/\/fastformsystems.com\/fr\/produits\/sur-mesure\/\",\"name\":\"Sur mesure - Fast-Form Systems\",\"isPartOf\":{\"@id\":\"https:\/\/fastformsystems.com\/fr\/#website\"},\"primaryImageOfPage\":{\"@id\":\"https:\/\/fastformsystems.com\/fr\/produits\/sur-mesure\/#primaryimage\"},\"image\":{\"@id\":\"https:\/\/fastformsystems.com\/fr\/produits\/sur-mesure\/#primaryimage\"},\"thumbnailUrl\":\"https:\/\/fastformsystems.com\/fr\/wp-content\/uploads\/sites\/7\/2018\/11\/FastForm005.jpg\",\"datePublished\":\"2018-11-19T16:17:17+00:00\",\"dateModified\":\"2020-03-20T15:43:25+00:00\",\"breadcrumb\":{\"@id\":\"https:\/\/fastformsystems.com\/fr\/produits\/sur-mesure\/#breadcrumb\"},\"inLanguage\":\"en-GB\",\"potentialAction\":[{\"@type\":\"ReadAction\",\"target\":[\"https:\/\/fastformsystems.com\/fr\/produits\/sur-mesure\/\"]}]},{\"@type\":\"ImageObject\",\"inLanguage\":\"en-GB\",\"@id\":\"https:\/\/fastformsystems.com\/fr\/produits\/sur-mesure\/#primaryimage\",\"url\":\"https:\/\/fastformsystems.com\/fr\/wp-content\/uploads\/sites\/7\/2018\/11\/FastForm005.jpg\",\"contentUrl\":\"https:\/\/fastformsystems.com\/fr\/wp-content\/uploads\/sites\/7\/2018\/11\/FastForm005.jpg\",\"width\":2500,\"height\":1727},{\"@type\":\"BreadcrumbList\",\"@id\":\"https:\/\/fastformsystems.com\/fr\/produits\/sur-mesure\/#breadcrumb\",\"itemListElement\":[{\"@type\":\"ListItem\",\"position\":1,\"name\":\"Home\",\"item\":\"https:\/\/fastformsystems.com\/fr\/\"},{\"@type\":\"ListItem\",\"position\":2,\"name\":\"Sur mesure\"}]},{\"@type\":\"WebSite\",\"@id\":\"https:\/\/fastformsystems.com\/fr\/#website\",\"url\":\"https:\/\/fastformsystems.com\/fr\/\",\"name\":\"FR\",\"description\":\"\",\"potentialAction\":[{\"@type\":\"SearchAction\",\"target\":{\"@type\":\"EntryPoint\",\"urlTemplate\":\"https:\/\/fastformsystems.com\/fr\/?s={search_term_string}\"},\"query-input\":{\"@type\":\"PropertyValueSpecification\",\"valueRequired\":true,\"valueName\":\"search_term_string\"}}],\"inLanguage\":\"en-GB\"}]}<\/script>\n<!-- \/ Yoast SEO plugin. -->","yoast_head_json":{"title":"Sur mesure - Fast-Form Systems","robots":{"index":"index","follow":"follow","max-snippet":"max-snippet:-1","max-image-preview":"max-image-preview:large","max-video-preview":"max-video-preview:-1"},"canonical":"https:\/\/fastformsystems.com\/fr\/produits\/sur-mesure\/","og_locale":"en_GB","og_type":"article","og_title":"Sur mesure - Fast-Form Systems","og_description":"Fast-Form\u2122 fabrique tous nos syst\u00e8mes, et nous cr\u00e9ons des coffrages sur mesure pour le Royaume-Uni, l\u2019Europe, les \u00c9tats-Unis et le monde entier. Nous pouvons vous offrir la solution parfaite pour tous vos besoins de coffrage sur mesure, et pouvons concevoir n\u2019importe quel syst\u00e8me adapt\u00e9 \u00e0 vos besoins. Notre syst\u00e8me est si flexible qu\u2019il a \u00e9t\u00e9 utilis\u00e9 pour toutes sortes d\u2019applications, de l\u2019\u00e9tayage des murs de &hellip; Continue reading Sur mesure &raquo;","og_url":"https:\/\/fastformsystems.com\/fr\/produits\/sur-mesure\/","og_site_name":"FR","article_modified_time":"2020-03-20T15:43:25+00:00","og_image":[{"width":2500,"height":1727,"url":"https:\/\/fastformsystems.com\/fr\/wp-content\/uploads\/sites\/7\/2018\/11\/FastForm005.jpg","type":"image\/jpeg"}],"twitter_card":"summary_large_image","twitter_misc":{"Estimated reading time":"1 minute"},"schema":{"@context":"https:\/\/schema.org","@graph":[{"@type":"WebPage","@id":"https:\/\/fastformsystems.com\/fr\/produits\/sur-mesure\/","url":"https:\/\/fastformsystems.com\/fr\/produits\/sur-mesure\/","name":"Sur mesure - Fast-Form Systems","isPartOf":{"@id":"https:\/\/fastformsystems.com\/fr\/#website"},"primaryImageOfPage":{"@id":"https:\/\/fastformsystems.com\/fr\/produits\/sur-mesure\/#primaryimage"},"image":{"@id":"https:\/\/fastformsystems.com\/fr\/produits\/sur-mesure\/#primaryimage"},"thumbnailUrl":"https:\/\/fastformsystems.com\/fr\/wp-content\/uploads\/sites\/7\/2018\/11\/FastForm005.jpg","datePublished":"2018-11-19T16:17:17+00:00","dateModified":"2020-03-20T15:43:25+00:00","breadcrumb":{"@id":"https:\/\/fastformsystems.com\/fr\/produits\/sur-mesure\/#breadcrumb"},"inLanguage":"en-GB","potentialAction":[{"@type":"ReadAction","target":["https:\/\/fastformsystems.com\/fr\/produits\/sur-mesure\/"]}]},{"@type":"ImageObject","inLanguage":"en-GB","@id":"https:\/\/fastformsystems.com\/fr\/produits\/sur-mesure\/#primaryimage","url":"https:\/\/fastformsystems.com\/fr\/wp-content\/uploads\/sites\/7\/2018\/11\/FastForm005.jpg","contentUrl":"https:\/\/fastformsystems.com\/fr\/wp-content\/uploads\/sites\/7\/2018\/11\/FastForm005.jpg","width":2500,"height":1727},{"@type":"BreadcrumbList","@id":"https:\/\/fastformsystems.com\/fr\/produits\/sur-mesure\/#breadcrumb","itemListElement":[{"@type":"ListItem","position":1,"name":"Home","item":"https:\/\/fastformsystems.com\/fr\/"},{"@type":"ListItem","position":2,"name":"Sur mesure"}]},{"@type":"WebSite","@id":"https:\/\/fastformsystems.com\/fr\/#website","url":"https:\/\/fastformsystems.com\/fr\/","name":"FR","description":"","potentialAction":[{"@type":"SearchAction","target":{"@type":"EntryPoint","urlTemplate":"https:\/\/fastformsystems.com\/fr\/?s={search_term_string}"},"query-input":{"@type":"PropertyValueSpecification","valueRequired":true,"valueName":"search_term_string"}}],"inLanguage":"en-GB"}]}},"_links":{"self":[{"href":"https:\/\/fastformsystems.com\/fr\/wp-json\/wp\/v2\/product\/14","targetHints":{"allow":["GET"]}}],"collection":[{"href":"https:\/\/fastformsystems.com\/fr\/wp-json\/wp\/v2\/product"}],"about":[{"href":"https:\/\/fastformsystems.com\/fr\/wp-json\/wp\/v2\/types\/product"}],"wp:featuredmedia":[{"embeddable":true,"href":"https:\/\/fastformsystems.com\/fr\/wp-json\/wp\/v2\/media\/901"}],"wp:attachment":[{"href":"https:\/\/fastformsystems.com\/fr\/wp-json\/wp\/v2\/media?parent=14"}],"curies":[{"name":"wp","href":"https:\/\/api.w.org\/{rel}","templated":true}]}}