{"id":13,"date":"2018-11-19T16:17:06","date_gmt":"2018-11-19T16:17:06","guid":{"rendered":"https:\/\/fastformsystems.com\/uk\/?post_type=product&#038;p=13"},"modified":"2020-03-20T15:45:24","modified_gmt":"2020-03-20T15:45:24","slug":"grands-panneaux","status":"publish","type":"product","link":"https:\/\/fastformsystems.com\/fr\/produits\/grands-panneaux\/","title":{"rendered":"Grands panneaux"},"content":{"rendered":"<p>Fast-Form est la solution parfaite pour tous les types de coffrages de mur et de colonne. Nous proposons 2 versions du syst\u00e8me de grands panneaux : des parois berlinoises en bois H20 et des parois berlinoises en aluminium. Ces grands panneaux sont parfaits pour les grands murs et id\u00e9aux pour les coul\u00e9es r\u00e9p\u00e9titives, gr\u00e2ce \u00e0 leur d\u00e9montage et remontage rapide et facile.<\/p>\n","protected":false},"featured_media":607,"template":"","class_list":["post-13","product","type-product","status-publish","has-post-thumbnail","hentry"],"acf":[],"yoast_head":"<!-- This site is optimized with the Yoast SEO plugin v25.5 - https:\/\/yoast.com\/wordpress\/plugins\/seo\/ -->\n<title>Grands panneaux - Fast Form Systems<\/title>\n<meta name=\"robots\" content=\"index, follow, max-snippet:-1, max-image-preview:large, max-video-preview:-1\" \/>\n<link rel=\"canonical\" href=\"https:\/\/fastformsystems.com\/fr\/produits\/grands-panneaux\/\" \/>\n<meta property=\"og:locale\" content=\"en_GB\" \/>\n<meta property=\"og:type\" content=\"article\" \/>\n<meta property=\"og:title\" content=\"Grands panneaux - Fast Form Systems\" \/>\n<meta property=\"og:description\" content=\"Fast-Form est la solution parfaite pour tous les types de coffrages de mur et de colonne. Nous proposons 2 versions du syst\u00e8me de grands panneaux : des parois berlinoises en bois H20 et des parois berlinoises en aluminium. Ces grands panneaux sont parfaits pour les grands murs et id\u00e9aux pour les coul\u00e9es r\u00e9p\u00e9titives, gr\u00e2ce \u00e0 leur d\u00e9montage et remontage rapide et facile.\" \/>\n<meta property=\"og:url\" content=\"https:\/\/fastformsystems.com\/fr\/produits\/grands-panneaux\/\" \/>\n<meta property=\"og:site_name\" content=\"FR\" \/>\n<meta property=\"article:modified_time\" content=\"2020-03-20T15:45:24+00:00\" \/>\n<meta property=\"og:image\" content=\"https:\/\/fastformsystems.com\/fr\/wp-content\/uploads\/sites\/7\/2018\/11\/Large_wall_banner_1400x400.jpg\" \/>\n\t<meta property=\"og:image:width\" content=\"1400\" \/>\n\t<meta property=\"og:image:height\" content=\"400\" \/>\n\t<meta property=\"og:image:type\" content=\"image\/jpeg\" \/>\n<meta name=\"twitter:card\" content=\"summary_large_image\" \/>\n<script type=\"application\/ld+json\" class=\"yoast-schema-graph\">{\"@context\":\"https:\/\/schema.org\",\"@graph\":[{\"@type\":\"WebPage\",\"@id\":\"https:\/\/fastformsystems.com\/fr\/produits\/grands-panneaux\/\",\"url\":\"https:\/\/fastformsystems.com\/fr\/produits\/grands-panneaux\/\",\"name\":\"Grands panneaux - Fast Form Systems\",\"isPartOf\":{\"@id\":\"https:\/\/fastformsystems.com\/fr\/#website\"},\"primaryImageOfPage\":{\"@id\":\"https:\/\/fastformsystems.com\/fr\/produits\/grands-panneaux\/#primaryimage\"},\"image\":{\"@id\":\"https:\/\/fastformsystems.com\/fr\/produits\/grands-panneaux\/#primaryimage\"},\"thumbnailUrl\":\"https:\/\/fastformsystems.com\/fr\/wp-content\/uploads\/sites\/7\/2018\/11\/Large_wall_banner_1400x400.jpg\",\"datePublished\":\"2018-11-19T16:17:06+00:00\",\"dateModified\":\"2020-03-20T15:45:24+00:00\",\"breadcrumb\":{\"@id\":\"https:\/\/fastformsystems.com\/fr\/produits\/grands-panneaux\/#breadcrumb\"},\"inLanguage\":\"en-GB\",\"potentialAction\":[{\"@type\":\"ReadAction\",\"target\":[\"https:\/\/fastformsystems.com\/fr\/produits\/grands-panneaux\/\"]}]},{\"@type\":\"ImageObject\",\"inLanguage\":\"en-GB\",\"@id\":\"https:\/\/fastformsystems.com\/fr\/produits\/grands-panneaux\/#primaryimage\",\"url\":\"https:\/\/fastformsystems.com\/fr\/wp-content\/uploads\/sites\/7\/2018\/11\/Large_wall_banner_1400x400.jpg\",\"contentUrl\":\"https:\/\/fastformsystems.com\/fr\/wp-content\/uploads\/sites\/7\/2018\/11\/Large_wall_banner_1400x400.jpg\",\"width\":1400,\"height\":400},{\"@type\":\"BreadcrumbList\",\"@id\":\"https:\/\/fastformsystems.com\/fr\/produits\/grands-panneaux\/#breadcrumb\",\"itemListElement\":[{\"@type\":\"ListItem\",\"position\":1,\"name\":\"Home\",\"item\":\"https:\/\/fastformsystems.com\/fr\/\"},{\"@type\":\"ListItem\",\"position\":2,\"name\":\"Grands panneaux\"}]},{\"@type\":\"WebSite\",\"@id\":\"https:\/\/fastformsystems.com\/fr\/#website\",\"url\":\"https:\/\/fastformsystems.com\/fr\/\",\"name\":\"FR\",\"description\":\"\",\"potentialAction\":[{\"@type\":\"SearchAction\",\"target\":{\"@type\":\"EntryPoint\",\"urlTemplate\":\"https:\/\/fastformsystems.com\/fr\/?s={search_term_string}\"},\"query-input\":{\"@type\":\"PropertyValueSpecification\",\"valueRequired\":true,\"valueName\":\"search_term_string\"}}],\"inLanguage\":\"en-GB\"}]}<\/script>\n<!-- \/ Yoast SEO plugin. -->","yoast_head_json":{"title":"Grands panneaux - Fast Form Systems","robots":{"index":"index","follow":"follow","max-snippet":"max-snippet:-1","max-image-preview":"max-image-preview:large","max-video-preview":"max-video-preview:-1"},"canonical":"https:\/\/fastformsystems.com\/fr\/produits\/grands-panneaux\/","og_locale":"en_GB","og_type":"article","og_title":"Grands panneaux - Fast Form Systems","og_description":"Fast-Form est la solution parfaite pour tous les types de coffrages de mur et de colonne. Nous proposons 2 versions du syst\u00e8me de grands panneaux : des parois berlinoises en bois H20 et des parois berlinoises en aluminium. Ces grands panneaux sont parfaits pour les grands murs et id\u00e9aux pour les coul\u00e9es r\u00e9p\u00e9titives, gr\u00e2ce \u00e0 leur d\u00e9montage et remontage rapide et facile.","og_url":"https:\/\/fastformsystems.com\/fr\/produits\/grands-panneaux\/","og_site_name":"FR","article_modified_time":"2020-03-20T15:45:24+00:00","og_image":[{"width":1400,"height":400,"url":"https:\/\/fastformsystems.com\/fr\/wp-content\/uploads\/sites\/7\/2018\/11\/Large_wall_banner_1400x400.jpg","type":"image\/jpeg"}],"twitter_card":"summary_large_image","schema":{"@context":"https:\/\/schema.org","@graph":[{"@type":"WebPage","@id":"https:\/\/fastformsystems.com\/fr\/produits\/grands-panneaux\/","url":"https:\/\/fastformsystems.com\/fr\/produits\/grands-panneaux\/","name":"Grands panneaux - Fast Form Systems","isPartOf":{"@id":"https:\/\/fastformsystems.com\/fr\/#website"},"primaryImageOfPage":{"@id":"https:\/\/fastformsystems.com\/fr\/produits\/grands-panneaux\/#primaryimage"},"image":{"@id":"https:\/\/fastformsystems.com\/fr\/produits\/grands-panneaux\/#primaryimage"},"thumbnailUrl":"https:\/\/fastformsystems.com\/fr\/wp-content\/uploads\/sites\/7\/2018\/11\/Large_wall_banner_1400x400.jpg","datePublished":"2018-11-19T16:17:06+00:00","dateModified":"2020-03-20T15:45:24+00:00","breadcrumb":{"@id":"https:\/\/fastformsystems.com\/fr\/produits\/grands-panneaux\/#breadcrumb"},"inLanguage":"en-GB","potentialAction":[{"@type":"ReadAction","target":["https:\/\/fastformsystems.com\/fr\/produits\/grands-panneaux\/"]}]},{"@type":"ImageObject","inLanguage":"en-GB","@id":"https:\/\/fastformsystems.com\/fr\/produits\/grands-panneaux\/#primaryimage","url":"https:\/\/fastformsystems.com\/fr\/wp-content\/uploads\/sites\/7\/2018\/11\/Large_wall_banner_1400x400.jpg","contentUrl":"https:\/\/fastformsystems.com\/fr\/wp-content\/uploads\/sites\/7\/2018\/11\/Large_wall_banner_1400x400.jpg","width":1400,"height":400},{"@type":"BreadcrumbList","@id":"https:\/\/fastformsystems.com\/fr\/produits\/grands-panneaux\/#breadcrumb","itemListElement":[{"@type":"ListItem","position":1,"name":"Home","item":"https:\/\/fastformsystems.com\/fr\/"},{"@type":"ListItem","position":2,"name":"Grands panneaux"}]},{"@type":"WebSite","@id":"https:\/\/fastformsystems.com\/fr\/#website","url":"https:\/\/fastformsystems.com\/fr\/","name":"FR","description":"","potentialAction":[{"@type":"SearchAction","target":{"@type":"EntryPoint","urlTemplate":"https:\/\/fastformsystems.com\/fr\/?s={search_term_string}"},"query-input":{"@type":"PropertyValueSpecification","valueRequired":true,"valueName":"search_term_string"}}],"inLanguage":"en-GB"}]}},"_links":{"self":[{"href":"https:\/\/fastformsystems.com\/fr\/wp-json\/wp\/v2\/product\/13","targetHints":{"allow":["GET"]}}],"collection":[{"href":"https:\/\/fastformsystems.com\/fr\/wp-json\/wp\/v2\/product"}],"about":[{"href":"https:\/\/fastformsystems.com\/fr\/wp-json\/wp\/v2\/types\/product"}],"wp:featuredmedia":[{"embeddable":true,"href":"https:\/\/fastformsystems.com\/fr\/wp-json\/wp\/v2\/media\/607"}],"wp:attachment":[{"href":"https:\/\/fastformsystems.com\/fr\/wp-json\/wp\/v2\/media?parent=13"}],"curies":[{"name":"wp","href":"https:\/\/api.w.org\/{rel}","templated":true}]}}