{"id":12,"date":"2018-11-19T16:16:55","date_gmt":"2018-11-19T16:16:55","guid":{"rendered":"https:\/\/fastformsystems.com\/uk\/?post_type=product&#038;p=12"},"modified":"2020-03-20T15:45:13","modified_gmt":"2020-03-20T15:45:13","slug":"systemes-de-fixation","status":"publish","type":"product","link":"https:\/\/fastformsystems.com\/fr\/produits\/systemes-de-fixation\/","title":{"rendered":"Syst\u00e8mes de fixation"},"content":{"rendered":"<p>Fast-Form est la solution parfaite pour tous les types de coffrages de palplanches, dalles, bases, poutres, murs et poutres de couronnement de palplanches. Droit ou arrondi, \u00e0 une ou deux faces, nous avons la solution. Avec 2 types de bases disponibles, vous pouvez les fixer directement sur la structure principale et le sol en utilisant des goupilles de guidage ou vous pouvez les boulonner sur des dalles et du b\u00e9ton avec des boulons \u00e0 b\u00e9ton r\u00e9utilisables. Vous pouvez m\u00eame les fixer sur des platelages avec des vis \u00e0 bois. Quelle que soit la nature de votre sol \/ base, vous pourrez y installer les fixations Fast-Form.<\/p>\n","protected":false},"featured_media":697,"template":"","class_list":["post-12","product","type-product","status-publish","has-post-thumbnail","hentry"],"acf":[],"yoast_head":"<!-- This site is optimized with the Yoast SEO plugin v25.5 - https:\/\/yoast.com\/wordpress\/plugins\/seo\/ -->\n<title>Bracket system | Fast-Form System | Formwork Hire and Sales<\/title>\n<meta name=\"description\" content=\"Bracket system by Fast Form, faster, Safer, Greener and more efficient than timber formwork, call or email for more details\" \/>\n<meta name=\"robots\" content=\"index, follow, max-snippet:-1, max-image-preview:large, max-video-preview:-1\" \/>\n<link rel=\"canonical\" href=\"https:\/\/fastformsystems.com\/fr\/produits\/systemes-de-fixation\/\" \/>\n<meta property=\"og:locale\" content=\"en_GB\" \/>\n<meta property=\"og:type\" content=\"article\" \/>\n<meta property=\"og:title\" content=\"Bracket system | Fast-Form System | Formwork Hire and Sales\" \/>\n<meta property=\"og:description\" content=\"Bracket system by Fast Form, faster, Safer, Greener and more efficient than timber formwork, call or email for more details\" \/>\n<meta property=\"og:url\" content=\"https:\/\/fastformsystems.com\/fr\/produits\/systemes-de-fixation\/\" \/>\n<meta property=\"og:site_name\" content=\"FR\" \/>\n<meta property=\"article:modified_time\" content=\"2020-03-20T15:45:13+00:00\" \/>\n<meta property=\"og:image\" content=\"https:\/\/fastformsystems.com\/fr\/wp-content\/uploads\/sites\/7\/2018\/11\/20150526_085112.jpg\" \/>\n\t<meta property=\"og:image:width\" content=\"2048\" \/>\n\t<meta property=\"og:image:height\" content=\"1152\" \/>\n\t<meta property=\"og:image:type\" content=\"image\/jpeg\" \/>\n<meta name=\"twitter:card\" content=\"summary_large_image\" \/>\n<meta name=\"twitter:label1\" content=\"Estimated reading time\" \/>\n\t<meta name=\"twitter:data1\" content=\"1 minute\" \/>\n<script type=\"application\/ld+json\" class=\"yoast-schema-graph\">{\"@context\":\"https:\/\/schema.org\",\"@graph\":[{\"@type\":\"WebPage\",\"@id\":\"https:\/\/fastformsystems.com\/fr\/produits\/systemes-de-fixation\/\",\"url\":\"https:\/\/fastformsystems.com\/fr\/produits\/systemes-de-fixation\/\",\"name\":\"Bracket system | Fast-Form System | Formwork Hire and Sales\",\"isPartOf\":{\"@id\":\"https:\/\/fastformsystems.com\/fr\/#website\"},\"primaryImageOfPage\":{\"@id\":\"https:\/\/fastformsystems.com\/fr\/produits\/systemes-de-fixation\/#primaryimage\"},\"image\":{\"@id\":\"https:\/\/fastformsystems.com\/fr\/produits\/systemes-de-fixation\/#primaryimage\"},\"thumbnailUrl\":\"https:\/\/fastformsystems.com\/fr\/wp-content\/uploads\/sites\/7\/2018\/11\/20150526_085112.jpg\",\"datePublished\":\"2018-11-19T16:16:55+00:00\",\"dateModified\":\"2020-03-20T15:45:13+00:00\",\"description\":\"Bracket system by Fast Form, faster, Safer, Greener and more efficient than timber formwork, call or email for more details\",\"breadcrumb\":{\"@id\":\"https:\/\/fastformsystems.com\/fr\/produits\/systemes-de-fixation\/#breadcrumb\"},\"inLanguage\":\"en-GB\",\"potentialAction\":[{\"@type\":\"ReadAction\",\"target\":[\"https:\/\/fastformsystems.com\/fr\/produits\/systemes-de-fixation\/\"]}]},{\"@type\":\"ImageObject\",\"inLanguage\":\"en-GB\",\"@id\":\"https:\/\/fastformsystems.com\/fr\/produits\/systemes-de-fixation\/#primaryimage\",\"url\":\"https:\/\/fastformsystems.com\/fr\/wp-content\/uploads\/sites\/7\/2018\/11\/20150526_085112.jpg\",\"contentUrl\":\"https:\/\/fastformsystems.com\/fr\/wp-content\/uploads\/sites\/7\/2018\/11\/20150526_085112.jpg\",\"width\":2048,\"height\":1152},{\"@type\":\"BreadcrumbList\",\"@id\":\"https:\/\/fastformsystems.com\/fr\/produits\/systemes-de-fixation\/#breadcrumb\",\"itemListElement\":[{\"@type\":\"ListItem\",\"position\":1,\"name\":\"Home\",\"item\":\"https:\/\/fastformsystems.com\/fr\/\"},{\"@type\":\"ListItem\",\"position\":2,\"name\":\"Syst\u00e8mes de fixation\"}]},{\"@type\":\"WebSite\",\"@id\":\"https:\/\/fastformsystems.com\/fr\/#website\",\"url\":\"https:\/\/fastformsystems.com\/fr\/\",\"name\":\"FR\",\"description\":\"\",\"potentialAction\":[{\"@type\":\"SearchAction\",\"target\":{\"@type\":\"EntryPoint\",\"urlTemplate\":\"https:\/\/fastformsystems.com\/fr\/?s={search_term_string}\"},\"query-input\":{\"@type\":\"PropertyValueSpecification\",\"valueRequired\":true,\"valueName\":\"search_term_string\"}}],\"inLanguage\":\"en-GB\"}]}<\/script>\n<!-- \/ Yoast SEO plugin. -->","yoast_head_json":{"title":"Bracket system | Fast-Form System | Formwork Hire and Sales","description":"Bracket system by Fast Form, faster, Safer, Greener and more efficient than timber formwork, call or email for more details","robots":{"index":"index","follow":"follow","max-snippet":"max-snippet:-1","max-image-preview":"max-image-preview:large","max-video-preview":"max-video-preview:-1"},"canonical":"https:\/\/fastformsystems.com\/fr\/produits\/systemes-de-fixation\/","og_locale":"en_GB","og_type":"article","og_title":"Bracket system | Fast-Form System | Formwork Hire and Sales","og_description":"Bracket system by Fast Form, faster, Safer, Greener and more efficient than timber formwork, call or email for more details","og_url":"https:\/\/fastformsystems.com\/fr\/produits\/systemes-de-fixation\/","og_site_name":"FR","article_modified_time":"2020-03-20T15:45:13+00:00","og_image":[{"width":2048,"height":1152,"url":"https:\/\/fastformsystems.com\/fr\/wp-content\/uploads\/sites\/7\/2018\/11\/20150526_085112.jpg","type":"image\/jpeg"}],"twitter_card":"summary_large_image","twitter_misc":{"Estimated reading time":"1 minute"},"schema":{"@context":"https:\/\/schema.org","@graph":[{"@type":"WebPage","@id":"https:\/\/fastformsystems.com\/fr\/produits\/systemes-de-fixation\/","url":"https:\/\/fastformsystems.com\/fr\/produits\/systemes-de-fixation\/","name":"Bracket system | Fast-Form System | Formwork Hire and Sales","isPartOf":{"@id":"https:\/\/fastformsystems.com\/fr\/#website"},"primaryImageOfPage":{"@id":"https:\/\/fastformsystems.com\/fr\/produits\/systemes-de-fixation\/#primaryimage"},"image":{"@id":"https:\/\/fastformsystems.com\/fr\/produits\/systemes-de-fixation\/#primaryimage"},"thumbnailUrl":"https:\/\/fastformsystems.com\/fr\/wp-content\/uploads\/sites\/7\/2018\/11\/20150526_085112.jpg","datePublished":"2018-11-19T16:16:55+00:00","dateModified":"2020-03-20T15:45:13+00:00","description":"Bracket system by Fast Form, faster, Safer, Greener and more efficient than timber formwork, call or email for more details","breadcrumb":{"@id":"https:\/\/fastformsystems.com\/fr\/produits\/systemes-de-fixation\/#breadcrumb"},"inLanguage":"en-GB","potentialAction":[{"@type":"ReadAction","target":["https:\/\/fastformsystems.com\/fr\/produits\/systemes-de-fixation\/"]}]},{"@type":"ImageObject","inLanguage":"en-GB","@id":"https:\/\/fastformsystems.com\/fr\/produits\/systemes-de-fixation\/#primaryimage","url":"https:\/\/fastformsystems.com\/fr\/wp-content\/uploads\/sites\/7\/2018\/11\/20150526_085112.jpg","contentUrl":"https:\/\/fastformsystems.com\/fr\/wp-content\/uploads\/sites\/7\/2018\/11\/20150526_085112.jpg","width":2048,"height":1152},{"@type":"BreadcrumbList","@id":"https:\/\/fastformsystems.com\/fr\/produits\/systemes-de-fixation\/#breadcrumb","itemListElement":[{"@type":"ListItem","position":1,"name":"Home","item":"https:\/\/fastformsystems.com\/fr\/"},{"@type":"ListItem","position":2,"name":"Syst\u00e8mes de fixation"}]},{"@type":"WebSite","@id":"https:\/\/fastformsystems.com\/fr\/#website","url":"https:\/\/fastformsystems.com\/fr\/","name":"FR","description":"","potentialAction":[{"@type":"SearchAction","target":{"@type":"EntryPoint","urlTemplate":"https:\/\/fastformsystems.com\/fr\/?s={search_term_string}"},"query-input":{"@type":"PropertyValueSpecification","valueRequired":true,"valueName":"search_term_string"}}],"inLanguage":"en-GB"}]}},"_links":{"self":[{"href":"https:\/\/fastformsystems.com\/fr\/wp-json\/wp\/v2\/product\/12","targetHints":{"allow":["GET"]}}],"collection":[{"href":"https:\/\/fastformsystems.com\/fr\/wp-json\/wp\/v2\/product"}],"about":[{"href":"https:\/\/fastformsystems.com\/fr\/wp-json\/wp\/v2\/types\/product"}],"wp:featuredmedia":[{"embeddable":true,"href":"https:\/\/fastformsystems.com\/fr\/wp-json\/wp\/v2\/media\/697"}],"wp:attachment":[{"href":"https:\/\/fastformsystems.com\/fr\/wp-json\/wp\/v2\/media?parent=12"}],"curies":[{"name":"wp","href":"https:\/\/api.w.org\/{rel}","templated":true}]}}