{"id":11,"date":"2018-11-19T16:16:41","date_gmt":"2018-11-19T16:16:41","guid":{"rendered":"https:\/\/fastformsystems.com\/uk\/?post_type=product&#038;p=11"},"modified":"2020-03-20T15:45:00","modified_gmt":"2020-03-20T15:45:00","slug":"etaiement","status":"publish","type":"product","link":"https:\/\/fastformsystems.com\/fr\/produits\/etaiement\/","title":{"rendered":"\u00c9taiement"},"content":{"rendered":"<p>Notre syst\u00e8me d\u2019\u00e9taiement Fast-Form est disponible pour toutes les applications de dalles. C\u2019est un syst\u00e8me bas\u00e9 sur un \u00e9chafaudage rapide et facile \u00e0 monter, avec des poutres en bois H20 comme \u00e9tais primaires et secondaires, ce qui vous apporte une finition d\u2019une plus grande qualit\u00e9 pour tout syst\u00e8me bas\u00e9 sur des panneaux.<\/p>\n<p>Le syst\u00e8me est \u00e9quip\u00e9 de pieds de 6\u00a0tonnes qui peuvent couler des dalles de presque n\u2019importe quelle profondeur, et il inclut tous les calculs et plans structuraux. Les fixations Fast-Form se fixent facilement \u00e0 la surface du contreplaqu\u00e9 pour vous offrir un coffrage des bords de la dalle rapide et efficace. Il est \u00e9galement compatible avec notre syst\u00e8me de coffrage de sol unique pour les bords des dalles.<\/p>\n<p>Nous pouvons \u00e9galement vous proposer d\u2019autres syst\u00e8mes \u00e0 la vente et \u00e0 la location. Quelle que soit la nature de vos besoins, Fast Form peut vous fournir un syst\u00e8me adapt\u00e9 aux besoins sp\u00e9cifiques de votre site. Nous pouvons vous fournir les syst\u00e8mes d\u2019\u00e9taiement Peri \/ GHI et Ishebeck Titan.<\/p>\n","protected":false},"featured_media":584,"template":"","class_list":["post-11","product","type-product","status-publish","has-post-thumbnail","hentry"],"acf":[],"yoast_head":"<!-- This site is optimized with the Yoast SEO plugin v25.5 - https:\/\/yoast.com\/wordpress\/plugins\/seo\/ -->\n<title>\u00c9taiement - Fast Form Systems<\/title>\n<meta name=\"robots\" content=\"index, follow, max-snippet:-1, max-image-preview:large, max-video-preview:-1\" \/>\n<link rel=\"canonical\" href=\"https:\/\/fastformsystems.com\/fr\/produits\/etaiement\/\" \/>\n<meta property=\"og:locale\" content=\"en_GB\" \/>\n<meta property=\"og:type\" content=\"article\" \/>\n<meta property=\"og:title\" content=\"\u00c9taiement - Fast Form Systems\" \/>\n<meta property=\"og:description\" content=\"Notre syst\u00e8me d\u2019\u00e9taiement Fast-Form est disponible pour toutes les applications de dalles. C\u2019est un syst\u00e8me bas\u00e9 sur un \u00e9chafaudage rapide et facile \u00e0 monter, avec des poutres en bois H20 comme \u00e9tais primaires et secondaires, ce qui vous apporte une finition d\u2019une plus grande qualit\u00e9 pour tout syst\u00e8me bas\u00e9 sur des panneaux. Le syst\u00e8me est \u00e9quip\u00e9 de pieds de 6\u00a0tonnes qui peuvent couler des dalles &hellip; Continue reading \u00c9taiement &raquo;\" \/>\n<meta property=\"og:url\" content=\"https:\/\/fastformsystems.com\/fr\/produits\/etaiement\/\" \/>\n<meta property=\"og:site_name\" content=\"FR\" \/>\n<meta property=\"article:modified_time\" content=\"2020-03-20T15:45:00+00:00\" \/>\n<meta property=\"og:image\" content=\"https:\/\/fastformsystems.com\/fr\/wp-content\/uploads\/sites\/7\/2018\/11\/Falsework_banner_1400x400.jpg\" \/>\n\t<meta property=\"og:image:width\" content=\"1400\" \/>\n\t<meta property=\"og:image:height\" content=\"400\" \/>\n\t<meta property=\"og:image:type\" content=\"image\/jpeg\" \/>\n<meta name=\"twitter:card\" content=\"summary_large_image\" \/>\n<meta name=\"twitter:label1\" content=\"Estimated reading time\" \/>\n\t<meta name=\"twitter:data1\" content=\"1 minute\" \/>\n<script type=\"application\/ld+json\" class=\"yoast-schema-graph\">{\"@context\":\"https:\/\/schema.org\",\"@graph\":[{\"@type\":\"WebPage\",\"@id\":\"https:\/\/fastformsystems.com\/fr\/produits\/etaiement\/\",\"url\":\"https:\/\/fastformsystems.com\/fr\/produits\/etaiement\/\",\"name\":\"\u00c9taiement - Fast Form Systems\",\"isPartOf\":{\"@id\":\"https:\/\/fastformsystems.com\/fr\/#website\"},\"primaryImageOfPage\":{\"@id\":\"https:\/\/fastformsystems.com\/fr\/produits\/etaiement\/#primaryimage\"},\"image\":{\"@id\":\"https:\/\/fastformsystems.com\/fr\/produits\/etaiement\/#primaryimage\"},\"thumbnailUrl\":\"https:\/\/fastformsystems.com\/fr\/wp-content\/uploads\/sites\/7\/2018\/11\/Falsework_banner_1400x400.jpg\",\"datePublished\":\"2018-11-19T16:16:41+00:00\",\"dateModified\":\"2020-03-20T15:45:00+00:00\",\"breadcrumb\":{\"@id\":\"https:\/\/fastformsystems.com\/fr\/produits\/etaiement\/#breadcrumb\"},\"inLanguage\":\"en-GB\",\"potentialAction\":[{\"@type\":\"ReadAction\",\"target\":[\"https:\/\/fastformsystems.com\/fr\/produits\/etaiement\/\"]}]},{\"@type\":\"ImageObject\",\"inLanguage\":\"en-GB\",\"@id\":\"https:\/\/fastformsystems.com\/fr\/produits\/etaiement\/#primaryimage\",\"url\":\"https:\/\/fastformsystems.com\/fr\/wp-content\/uploads\/sites\/7\/2018\/11\/Falsework_banner_1400x400.jpg\",\"contentUrl\":\"https:\/\/fastformsystems.com\/fr\/wp-content\/uploads\/sites\/7\/2018\/11\/Falsework_banner_1400x400.jpg\",\"width\":1400,\"height\":400},{\"@type\":\"BreadcrumbList\",\"@id\":\"https:\/\/fastformsystems.com\/fr\/produits\/etaiement\/#breadcrumb\",\"itemListElement\":[{\"@type\":\"ListItem\",\"position\":1,\"name\":\"Home\",\"item\":\"https:\/\/fastformsystems.com\/fr\/\"},{\"@type\":\"ListItem\",\"position\":2,\"name\":\"\u00c9taiement\"}]},{\"@type\":\"WebSite\",\"@id\":\"https:\/\/fastformsystems.com\/fr\/#website\",\"url\":\"https:\/\/fastformsystems.com\/fr\/\",\"name\":\"FR\",\"description\":\"\",\"potentialAction\":[{\"@type\":\"SearchAction\",\"target\":{\"@type\":\"EntryPoint\",\"urlTemplate\":\"https:\/\/fastformsystems.com\/fr\/?s={search_term_string}\"},\"query-input\":{\"@type\":\"PropertyValueSpecification\",\"valueRequired\":true,\"valueName\":\"search_term_string\"}}],\"inLanguage\":\"en-GB\"}]}<\/script>\n<!-- \/ Yoast SEO plugin. -->","yoast_head_json":{"title":"\u00c9taiement - Fast Form Systems","robots":{"index":"index","follow":"follow","max-snippet":"max-snippet:-1","max-image-preview":"max-image-preview:large","max-video-preview":"max-video-preview:-1"},"canonical":"https:\/\/fastformsystems.com\/fr\/produits\/etaiement\/","og_locale":"en_GB","og_type":"article","og_title":"\u00c9taiement - Fast Form Systems","og_description":"Notre syst\u00e8me d\u2019\u00e9taiement Fast-Form est disponible pour toutes les applications de dalles. C\u2019est un syst\u00e8me bas\u00e9 sur un \u00e9chafaudage rapide et facile \u00e0 monter, avec des poutres en bois H20 comme \u00e9tais primaires et secondaires, ce qui vous apporte une finition d\u2019une plus grande qualit\u00e9 pour tout syst\u00e8me bas\u00e9 sur des panneaux. Le syst\u00e8me est \u00e9quip\u00e9 de pieds de 6\u00a0tonnes qui peuvent couler des dalles &hellip; Continue reading \u00c9taiement &raquo;","og_url":"https:\/\/fastformsystems.com\/fr\/produits\/etaiement\/","og_site_name":"FR","article_modified_time":"2020-03-20T15:45:00+00:00","og_image":[{"width":1400,"height":400,"url":"https:\/\/fastformsystems.com\/fr\/wp-content\/uploads\/sites\/7\/2018\/11\/Falsework_banner_1400x400.jpg","type":"image\/jpeg"}],"twitter_card":"summary_large_image","twitter_misc":{"Estimated reading time":"1 minute"},"schema":{"@context":"https:\/\/schema.org","@graph":[{"@type":"WebPage","@id":"https:\/\/fastformsystems.com\/fr\/produits\/etaiement\/","url":"https:\/\/fastformsystems.com\/fr\/produits\/etaiement\/","name":"\u00c9taiement - Fast Form Systems","isPartOf":{"@id":"https:\/\/fastformsystems.com\/fr\/#website"},"primaryImageOfPage":{"@id":"https:\/\/fastformsystems.com\/fr\/produits\/etaiement\/#primaryimage"},"image":{"@id":"https:\/\/fastformsystems.com\/fr\/produits\/etaiement\/#primaryimage"},"thumbnailUrl":"https:\/\/fastformsystems.com\/fr\/wp-content\/uploads\/sites\/7\/2018\/11\/Falsework_banner_1400x400.jpg","datePublished":"2018-11-19T16:16:41+00:00","dateModified":"2020-03-20T15:45:00+00:00","breadcrumb":{"@id":"https:\/\/fastformsystems.com\/fr\/produits\/etaiement\/#breadcrumb"},"inLanguage":"en-GB","potentialAction":[{"@type":"ReadAction","target":["https:\/\/fastformsystems.com\/fr\/produits\/etaiement\/"]}]},{"@type":"ImageObject","inLanguage":"en-GB","@id":"https:\/\/fastformsystems.com\/fr\/produits\/etaiement\/#primaryimage","url":"https:\/\/fastformsystems.com\/fr\/wp-content\/uploads\/sites\/7\/2018\/11\/Falsework_banner_1400x400.jpg","contentUrl":"https:\/\/fastformsystems.com\/fr\/wp-content\/uploads\/sites\/7\/2018\/11\/Falsework_banner_1400x400.jpg","width":1400,"height":400},{"@type":"BreadcrumbList","@id":"https:\/\/fastformsystems.com\/fr\/produits\/etaiement\/#breadcrumb","itemListElement":[{"@type":"ListItem","position":1,"name":"Home","item":"https:\/\/fastformsystems.com\/fr\/"},{"@type":"ListItem","position":2,"name":"\u00c9taiement"}]},{"@type":"WebSite","@id":"https:\/\/fastformsystems.com\/fr\/#website","url":"https:\/\/fastformsystems.com\/fr\/","name":"FR","description":"","potentialAction":[{"@type":"SearchAction","target":{"@type":"EntryPoint","urlTemplate":"https:\/\/fastformsystems.com\/fr\/?s={search_term_string}"},"query-input":{"@type":"PropertyValueSpecification","valueRequired":true,"valueName":"search_term_string"}}],"inLanguage":"en-GB"}]}},"_links":{"self":[{"href":"https:\/\/fastformsystems.com\/fr\/wp-json\/wp\/v2\/product\/11","targetHints":{"allow":["GET"]}}],"collection":[{"href":"https:\/\/fastformsystems.com\/fr\/wp-json\/wp\/v2\/product"}],"about":[{"href":"https:\/\/fastformsystems.com\/fr\/wp-json\/wp\/v2\/types\/product"}],"wp:featuredmedia":[{"embeddable":true,"href":"https:\/\/fastformsystems.com\/fr\/wp-json\/wp\/v2\/media\/584"}],"wp:attachment":[{"href":"https:\/\/fastformsystems.com\/fr\/wp-json\/wp\/v2\/media?parent=11"}],"curies":[{"name":"wp","href":"https:\/\/api.w.org\/{rel}","templated":true}]}}