{"id":10,"date":"2018-11-19T16:16:32","date_gmt":"2018-11-19T16:16:32","guid":{"rendered":"https:\/\/fastformsystems.com\/uk\/?post_type=product&#038;p=10"},"modified":"2020-03-20T15:44:48","modified_gmt":"2020-03-20T15:44:48","slug":"coffrage-de-sol","status":"publish","type":"product","link":"https:\/\/fastformsystems.com\/fr\/produits\/coffrage-de-sol\/","title":{"rendered":"Coffrage de sol"},"content":{"rendered":"<p>Disponible \u00e0 la location et \u00e0 l\u2019achat, notre syst\u00e8me de coffrage de sol\/trottoir flexible se diff\u00e9rencie de tous les autres coffrages de sol sur le march\u00e9. Le coffrage de sol Fast Form est le syst\u00e8me le plus flexible et polyvalent disponible. Les coffrages de sol peuvent \u00e9galement \u00eatre combin\u00e9s avec le syst\u00e8me de fixation Fast-Form pour apporter le coffrage de sol le plus stable sur le march\u00e9, ce qui permet une installation sur n\u2019importe quelle surface.<\/p>\n<p>Les coffrages de sol Fast-Form sont en acier galvanis\u00e9 (des versions en acier doux sont disponibles \u00e0 la vente). Ils sont plus r\u00e9sistants et flexibles que n\u2019importe quel autre coffrage de sol et sont \u00e9quip\u00e9s d\u2019entretoises \u00e0 goupilles plus larges pour renforcer le coffrage de sol et les prot\u00e9ger des dommages. Les coffrages de sol Fast-Form peuvent \u00eatre assembl\u00e9s les unes sur les autres pour permettre des hauteurs de coul\u00e9e plus importantes. Ils peuvent \u00e9galement \u00eatre assembl\u00e9s \u00e0 l\u2019aide de boulons, ce qui signifie qu\u2019il n\u2019y a plus de raccords l\u00e2ches, m\u00eame en cas d\u2019utilisation des chapes et rails industriels.<\/p>\n","protected":false},"featured_media":570,"template":"","class_list":["post-10","product","type-product","status-publish","has-post-thumbnail","hentry"],"acf":[],"yoast_head":"<!-- This site is optimized with the Yoast SEO plugin v25.5 - https:\/\/yoast.com\/wordpress\/plugins\/seo\/ -->\n<title>Coffrage de sol - Fast-Form Systems<\/title>\n<meta name=\"robots\" content=\"index, follow, max-snippet:-1, max-image-preview:large, max-video-preview:-1\" \/>\n<link rel=\"canonical\" href=\"https:\/\/fastformsystems.com\/fr\/produits\/coffrage-de-sol\/\" \/>\n<meta property=\"og:locale\" content=\"en_GB\" \/>\n<meta property=\"og:type\" content=\"article\" \/>\n<meta property=\"og:title\" content=\"Coffrage de sol - Fast-Form Systems\" \/>\n<meta property=\"og:description\" content=\"Disponible \u00e0 la location et \u00e0 l\u2019achat, notre syst\u00e8me de coffrage de sol\/trottoir flexible se diff\u00e9rencie de tous les autres coffrages de sol sur le march\u00e9. Le coffrage de sol Fast Form est le syst\u00e8me le plus flexible et polyvalent disponible. Les coffrages de sol peuvent \u00e9galement \u00eatre combin\u00e9s avec le syst\u00e8me de fixation Fast-Form pour apporter le coffrage de sol le plus stable sur &hellip; Continue reading Coffrage de sol &raquo;\" \/>\n<meta property=\"og:url\" content=\"https:\/\/fastformsystems.com\/fr\/produits\/coffrage-de-sol\/\" \/>\n<meta property=\"og:site_name\" content=\"FR\" \/>\n<meta property=\"article:modified_time\" content=\"2020-03-20T15:44:48+00:00\" \/>\n<meta property=\"og:image\" content=\"https:\/\/fastformsystems.com\/fr\/wp-content\/uploads\/sites\/7\/2018\/11\/Road_forms_banner_1400x400.jpg\" \/>\n\t<meta property=\"og:image:width\" content=\"1400\" \/>\n\t<meta property=\"og:image:height\" content=\"400\" \/>\n\t<meta property=\"og:image:type\" content=\"image\/jpeg\" \/>\n<meta name=\"twitter:card\" content=\"summary_large_image\" \/>\n<meta name=\"twitter:label1\" content=\"Estimated reading time\" \/>\n\t<meta name=\"twitter:data1\" content=\"1 minute\" \/>\n<script type=\"application\/ld+json\" class=\"yoast-schema-graph\">{\"@context\":\"https:\/\/schema.org\",\"@graph\":[{\"@type\":\"WebPage\",\"@id\":\"https:\/\/fastformsystems.com\/fr\/produits\/coffrage-de-sol\/\",\"url\":\"https:\/\/fastformsystems.com\/fr\/produits\/coffrage-de-sol\/\",\"name\":\"Coffrage de sol - Fast-Form Systems\",\"isPartOf\":{\"@id\":\"https:\/\/fastformsystems.com\/fr\/#website\"},\"primaryImageOfPage\":{\"@id\":\"https:\/\/fastformsystems.com\/fr\/produits\/coffrage-de-sol\/#primaryimage\"},\"image\":{\"@id\":\"https:\/\/fastformsystems.com\/fr\/produits\/coffrage-de-sol\/#primaryimage\"},\"thumbnailUrl\":\"https:\/\/fastformsystems.com\/fr\/wp-content\/uploads\/sites\/7\/2018\/11\/Road_forms_banner_1400x400.jpg\",\"datePublished\":\"2018-11-19T16:16:32+00:00\",\"dateModified\":\"2020-03-20T15:44:48+00:00\",\"breadcrumb\":{\"@id\":\"https:\/\/fastformsystems.com\/fr\/produits\/coffrage-de-sol\/#breadcrumb\"},\"inLanguage\":\"en-GB\",\"potentialAction\":[{\"@type\":\"ReadAction\",\"target\":[\"https:\/\/fastformsystems.com\/fr\/produits\/coffrage-de-sol\/\"]}]},{\"@type\":\"ImageObject\",\"inLanguage\":\"en-GB\",\"@id\":\"https:\/\/fastformsystems.com\/fr\/produits\/coffrage-de-sol\/#primaryimage\",\"url\":\"https:\/\/fastformsystems.com\/fr\/wp-content\/uploads\/sites\/7\/2018\/11\/Road_forms_banner_1400x400.jpg\",\"contentUrl\":\"https:\/\/fastformsystems.com\/fr\/wp-content\/uploads\/sites\/7\/2018\/11\/Road_forms_banner_1400x400.jpg\",\"width\":1400,\"height\":400},{\"@type\":\"BreadcrumbList\",\"@id\":\"https:\/\/fastformsystems.com\/fr\/produits\/coffrage-de-sol\/#breadcrumb\",\"itemListElement\":[{\"@type\":\"ListItem\",\"position\":1,\"name\":\"Home\",\"item\":\"https:\/\/fastformsystems.com\/fr\/\"},{\"@type\":\"ListItem\",\"position\":2,\"name\":\"Coffrage de sol\"}]},{\"@type\":\"WebSite\",\"@id\":\"https:\/\/fastformsystems.com\/fr\/#website\",\"url\":\"https:\/\/fastformsystems.com\/fr\/\",\"name\":\"FR\",\"description\":\"\",\"potentialAction\":[{\"@type\":\"SearchAction\",\"target\":{\"@type\":\"EntryPoint\",\"urlTemplate\":\"https:\/\/fastformsystems.com\/fr\/?s={search_term_string}\"},\"query-input\":{\"@type\":\"PropertyValueSpecification\",\"valueRequired\":true,\"valueName\":\"search_term_string\"}}],\"inLanguage\":\"en-GB\"}]}<\/script>\n<!-- \/ Yoast SEO plugin. -->","yoast_head_json":{"title":"Coffrage de sol - Fast-Form Systems","robots":{"index":"index","follow":"follow","max-snippet":"max-snippet:-1","max-image-preview":"max-image-preview:large","max-video-preview":"max-video-preview:-1"},"canonical":"https:\/\/fastformsystems.com\/fr\/produits\/coffrage-de-sol\/","og_locale":"en_GB","og_type":"article","og_title":"Coffrage de sol - Fast-Form Systems","og_description":"Disponible \u00e0 la location et \u00e0 l\u2019achat, notre syst\u00e8me de coffrage de sol\/trottoir flexible se diff\u00e9rencie de tous les autres coffrages de sol sur le march\u00e9. Le coffrage de sol Fast Form est le syst\u00e8me le plus flexible et polyvalent disponible. Les coffrages de sol peuvent \u00e9galement \u00eatre combin\u00e9s avec le syst\u00e8me de fixation Fast-Form pour apporter le coffrage de sol le plus stable sur &hellip; Continue reading Coffrage de sol &raquo;","og_url":"https:\/\/fastformsystems.com\/fr\/produits\/coffrage-de-sol\/","og_site_name":"FR","article_modified_time":"2020-03-20T15:44:48+00:00","og_image":[{"width":1400,"height":400,"url":"https:\/\/fastformsystems.com\/fr\/wp-content\/uploads\/sites\/7\/2018\/11\/Road_forms_banner_1400x400.jpg","type":"image\/jpeg"}],"twitter_card":"summary_large_image","twitter_misc":{"Estimated reading time":"1 minute"},"schema":{"@context":"https:\/\/schema.org","@graph":[{"@type":"WebPage","@id":"https:\/\/fastformsystems.com\/fr\/produits\/coffrage-de-sol\/","url":"https:\/\/fastformsystems.com\/fr\/produits\/coffrage-de-sol\/","name":"Coffrage de sol - Fast-Form Systems","isPartOf":{"@id":"https:\/\/fastformsystems.com\/fr\/#website"},"primaryImageOfPage":{"@id":"https:\/\/fastformsystems.com\/fr\/produits\/coffrage-de-sol\/#primaryimage"},"image":{"@id":"https:\/\/fastformsystems.com\/fr\/produits\/coffrage-de-sol\/#primaryimage"},"thumbnailUrl":"https:\/\/fastformsystems.com\/fr\/wp-content\/uploads\/sites\/7\/2018\/11\/Road_forms_banner_1400x400.jpg","datePublished":"2018-11-19T16:16:32+00:00","dateModified":"2020-03-20T15:44:48+00:00","breadcrumb":{"@id":"https:\/\/fastformsystems.com\/fr\/produits\/coffrage-de-sol\/#breadcrumb"},"inLanguage":"en-GB","potentialAction":[{"@type":"ReadAction","target":["https:\/\/fastformsystems.com\/fr\/produits\/coffrage-de-sol\/"]}]},{"@type":"ImageObject","inLanguage":"en-GB","@id":"https:\/\/fastformsystems.com\/fr\/produits\/coffrage-de-sol\/#primaryimage","url":"https:\/\/fastformsystems.com\/fr\/wp-content\/uploads\/sites\/7\/2018\/11\/Road_forms_banner_1400x400.jpg","contentUrl":"https:\/\/fastformsystems.com\/fr\/wp-content\/uploads\/sites\/7\/2018\/11\/Road_forms_banner_1400x400.jpg","width":1400,"height":400},{"@type":"BreadcrumbList","@id":"https:\/\/fastformsystems.com\/fr\/produits\/coffrage-de-sol\/#breadcrumb","itemListElement":[{"@type":"ListItem","position":1,"name":"Home","item":"https:\/\/fastformsystems.com\/fr\/"},{"@type":"ListItem","position":2,"name":"Coffrage de sol"}]},{"@type":"WebSite","@id":"https:\/\/fastformsystems.com\/fr\/#website","url":"https:\/\/fastformsystems.com\/fr\/","name":"FR","description":"","potentialAction":[{"@type":"SearchAction","target":{"@type":"EntryPoint","urlTemplate":"https:\/\/fastformsystems.com\/fr\/?s={search_term_string}"},"query-input":{"@type":"PropertyValueSpecification","valueRequired":true,"valueName":"search_term_string"}}],"inLanguage":"en-GB"}]}},"_links":{"self":[{"href":"https:\/\/fastformsystems.com\/fr\/wp-json\/wp\/v2\/product\/10","targetHints":{"allow":["GET"]}}],"collection":[{"href":"https:\/\/fastformsystems.com\/fr\/wp-json\/wp\/v2\/product"}],"about":[{"href":"https:\/\/fastformsystems.com\/fr\/wp-json\/wp\/v2\/types\/product"}],"wp:featuredmedia":[{"embeddable":true,"href":"https:\/\/fastformsystems.com\/fr\/wp-json\/wp\/v2\/media\/570"}],"wp:attachment":[{"href":"https:\/\/fastformsystems.com\/fr\/wp-json\/wp\/v2\/media?parent=10"}],"curies":[{"name":"wp","href":"https:\/\/api.w.org\/{rel}","templated":true}]}}