{"id":34,"date":"2018-11-19T16:20:28","date_gmt":"2018-11-19T16:20:28","guid":{"rendered":"https:\/\/fastformsystems.com\/uk\/?page_id=34"},"modified":"2020-02-28T14:18:23","modified_gmt":"2020-02-28T14:18:23","slug":"sous-traitants","status":"publish","type":"page","link":"https:\/\/fastformsystems.com\/fr\/sous-traitants\/","title":{"rendered":"Sous-traitants recommand\u00e9s"},"content":{"rendered":"<p>Ci-dessous vous trouverez une liste de sous-traitants qui sont habitu\u00e9s \u00e0 travailler avec notre syst\u00e8me et qui peuvent installer nos fixations ou nos syst\u00e8mes de poutres de couronnement de palplanche. Veuillez les contacter directement et mentionner que c\u2019est Fast-Form Systems Ltd qui vous les a recommand\u00e9s. Pour obtenir plus de d\u00e9tails ou des coordonn\u00e9es, veuillez contacter notre agence et nous vous mettrons en contact avec eux.<\/p>\n","protected":false},"excerpt":{"rendered":"<p>Ci-dessous vous trouverez une liste de sous-traitants qui sont habitu\u00e9s \u00e0 travailler avec notre syst\u00e8me et qui peuvent installer nos fixations ou nos syst\u00e8mes de poutres de couronnement de palplanche. Veuillez les contacter directement et mentionner que c\u2019est Fast-Form Systems Ltd qui vous les a recommand\u00e9s. Pour obtenir plus de d\u00e9tails ou des coordonn\u00e9es, veuillez contacter notre agence et nous vous mettrons en contact avec &hellip; <a href=\"https:\/\/fastformsystems.com\/fr\/sous-traitants\/\" class=\"more-link\">Continue reading <span class=\"screen-reader-text\">Sous-traitants recommand\u00e9s<\/span> <span class=\"meta-nav\">&raquo;<\/span><\/a><\/p>\n","protected":false},"author":1,"featured_media":651,"parent":0,"menu_order":0,"comment_status":"closed","ping_status":"closed","template":"","meta":{"_acf_changed":false,"footnotes":""},"class_list":["post-34","page","type-page","status-publish","has-post-thumbnail","hentry"],"acf":[],"yoast_head":"<!-- This site is optimized with the Yoast SEO plugin v25.5 - https:\/\/yoast.com\/wordpress\/plugins\/seo\/ -->\n<title>Sous-traitants recommand\u00e9s - Fast Form Systems<\/title>\n<meta name=\"robots\" content=\"index, follow, max-snippet:-1, max-image-preview:large, max-video-preview:-1\" \/>\n<link rel=\"canonical\" href=\"https:\/\/fastformsystems.com\/fr\/sous-traitants\/\" \/>\n<meta property=\"og:locale\" content=\"en_GB\" \/>\n<meta property=\"og:type\" content=\"article\" \/>\n<meta property=\"og:title\" content=\"Sous-traitants recommand\u00e9s - Fast Form Systems\" \/>\n<meta property=\"og:description\" content=\"Ci-dessous vous trouverez une liste de sous-traitants qui sont habitu\u00e9s \u00e0 travailler avec notre syst\u00e8me et qui peuvent installer nos fixations ou nos syst\u00e8mes de poutres de couronnement de palplanche. Veuillez les contacter directement et mentionner que c\u2019est Fast-Form Systems Ltd qui vous les a recommand\u00e9s. Pour obtenir plus de d\u00e9tails ou des coordonn\u00e9es, veuillez contacter notre agence et nous vous mettrons en contact avec &hellip; Continue reading Sous-traitants recommand\u00e9s &raquo;\" \/>\n<meta property=\"og:url\" content=\"https:\/\/fastformsystems.com\/fr\/sous-traitants\/\" \/>\n<meta property=\"og:site_name\" content=\"FR\" \/>\n<meta property=\"article:modified_time\" content=\"2020-02-28T14:18:23+00:00\" \/>\n<meta property=\"og:image\" content=\"https:\/\/fastformsystems.com\/fr\/wp-content\/uploads\/sites\/7\/2019\/01\/WP_20150921_002_1400x400.jpg\" \/>\n\t<meta property=\"og:image:width\" content=\"1400\" \/>\n\t<meta property=\"og:image:height\" content=\"400\" \/>\n\t<meta property=\"og:image:type\" content=\"image\/jpeg\" \/>\n<meta name=\"twitter:card\" content=\"summary_large_image\" \/>\n<script type=\"application\/ld+json\" class=\"yoast-schema-graph\">{\"@context\":\"https:\/\/schema.org\",\"@graph\":[{\"@type\":\"WebPage\",\"@id\":\"https:\/\/fastformsystems.com\/fr\/sous-traitants\/\",\"url\":\"https:\/\/fastformsystems.com\/fr\/sous-traitants\/\",\"name\":\"Sous-traitants recommand\u00e9s - Fast Form Systems\",\"isPartOf\":{\"@id\":\"https:\/\/fastformsystems.com\/fr\/#website\"},\"primaryImageOfPage\":{\"@id\":\"https:\/\/fastformsystems.com\/fr\/sous-traitants\/#primaryimage\"},\"image\":{\"@id\":\"https:\/\/fastformsystems.com\/fr\/sous-traitants\/#primaryimage\"},\"thumbnailUrl\":\"https:\/\/fastformsystems.com\/fr\/wp-content\/uploads\/sites\/7\/2019\/01\/WP_20150921_002_1400x400.jpg\",\"datePublished\":\"2018-11-19T16:20:28+00:00\",\"dateModified\":\"2020-02-28T14:18:23+00:00\",\"breadcrumb\":{\"@id\":\"https:\/\/fastformsystems.com\/fr\/sous-traitants\/#breadcrumb\"},\"inLanguage\":\"en-GB\",\"potentialAction\":[{\"@type\":\"ReadAction\",\"target\":[\"https:\/\/fastformsystems.com\/fr\/sous-traitants\/\"]}]},{\"@type\":\"ImageObject\",\"inLanguage\":\"en-GB\",\"@id\":\"https:\/\/fastformsystems.com\/fr\/sous-traitants\/#primaryimage\",\"url\":\"https:\/\/fastformsystems.com\/fr\/wp-content\/uploads\/sites\/7\/2019\/01\/WP_20150921_002_1400x400.jpg\",\"contentUrl\":\"https:\/\/fastformsystems.com\/fr\/wp-content\/uploads\/sites\/7\/2019\/01\/WP_20150921_002_1400x400.jpg\",\"width\":1400,\"height\":400},{\"@type\":\"BreadcrumbList\",\"@id\":\"https:\/\/fastformsystems.com\/fr\/sous-traitants\/#breadcrumb\",\"itemListElement\":[{\"@type\":\"ListItem\",\"position\":1,\"name\":\"Home\",\"item\":\"https:\/\/fastformsystems.com\/fr\/\"},{\"@type\":\"ListItem\",\"position\":2,\"name\":\"Sous-traitants recommand\u00e9s\"}]},{\"@type\":\"WebSite\",\"@id\":\"https:\/\/fastformsystems.com\/fr\/#website\",\"url\":\"https:\/\/fastformsystems.com\/fr\/\",\"name\":\"FR\",\"description\":\"\",\"potentialAction\":[{\"@type\":\"SearchAction\",\"target\":{\"@type\":\"EntryPoint\",\"urlTemplate\":\"https:\/\/fastformsystems.com\/fr\/?s={search_term_string}\"},\"query-input\":{\"@type\":\"PropertyValueSpecification\",\"valueRequired\":true,\"valueName\":\"search_term_string\"}}],\"inLanguage\":\"en-GB\"}]}<\/script>\n<!-- \/ Yoast SEO plugin. -->","yoast_head_json":{"title":"Sous-traitants recommand\u00e9s - Fast Form Systems","robots":{"index":"index","follow":"follow","max-snippet":"max-snippet:-1","max-image-preview":"max-image-preview:large","max-video-preview":"max-video-preview:-1"},"canonical":"https:\/\/fastformsystems.com\/fr\/sous-traitants\/","og_locale":"en_GB","og_type":"article","og_title":"Sous-traitants recommand\u00e9s - Fast Form Systems","og_description":"Ci-dessous vous trouverez une liste de sous-traitants qui sont habitu\u00e9s \u00e0 travailler avec notre syst\u00e8me et qui peuvent installer nos fixations ou nos syst\u00e8mes de poutres de couronnement de palplanche. Veuillez les contacter directement et mentionner que c\u2019est Fast-Form Systems Ltd qui vous les a recommand\u00e9s. Pour obtenir plus de d\u00e9tails ou des coordonn\u00e9es, veuillez contacter notre agence et nous vous mettrons en contact avec &hellip; Continue reading Sous-traitants recommand\u00e9s &raquo;","og_url":"https:\/\/fastformsystems.com\/fr\/sous-traitants\/","og_site_name":"FR","article_modified_time":"2020-02-28T14:18:23+00:00","og_image":[{"width":1400,"height":400,"url":"https:\/\/fastformsystems.com\/fr\/wp-content\/uploads\/sites\/7\/2019\/01\/WP_20150921_002_1400x400.jpg","type":"image\/jpeg"}],"twitter_card":"summary_large_image","schema":{"@context":"https:\/\/schema.org","@graph":[{"@type":"WebPage","@id":"https:\/\/fastformsystems.com\/fr\/sous-traitants\/","url":"https:\/\/fastformsystems.com\/fr\/sous-traitants\/","name":"Sous-traitants recommand\u00e9s - Fast Form Systems","isPartOf":{"@id":"https:\/\/fastformsystems.com\/fr\/#website"},"primaryImageOfPage":{"@id":"https:\/\/fastformsystems.com\/fr\/sous-traitants\/#primaryimage"},"image":{"@id":"https:\/\/fastformsystems.com\/fr\/sous-traitants\/#primaryimage"},"thumbnailUrl":"https:\/\/fastformsystems.com\/fr\/wp-content\/uploads\/sites\/7\/2019\/01\/WP_20150921_002_1400x400.jpg","datePublished":"2018-11-19T16:20:28+00:00","dateModified":"2020-02-28T14:18:23+00:00","breadcrumb":{"@id":"https:\/\/fastformsystems.com\/fr\/sous-traitants\/#breadcrumb"},"inLanguage":"en-GB","potentialAction":[{"@type":"ReadAction","target":["https:\/\/fastformsystems.com\/fr\/sous-traitants\/"]}]},{"@type":"ImageObject","inLanguage":"en-GB","@id":"https:\/\/fastformsystems.com\/fr\/sous-traitants\/#primaryimage","url":"https:\/\/fastformsystems.com\/fr\/wp-content\/uploads\/sites\/7\/2019\/01\/WP_20150921_002_1400x400.jpg","contentUrl":"https:\/\/fastformsystems.com\/fr\/wp-content\/uploads\/sites\/7\/2019\/01\/WP_20150921_002_1400x400.jpg","width":1400,"height":400},{"@type":"BreadcrumbList","@id":"https:\/\/fastformsystems.com\/fr\/sous-traitants\/#breadcrumb","itemListElement":[{"@type":"ListItem","position":1,"name":"Home","item":"https:\/\/fastformsystems.com\/fr\/"},{"@type":"ListItem","position":2,"name":"Sous-traitants recommand\u00e9s"}]},{"@type":"WebSite","@id":"https:\/\/fastformsystems.com\/fr\/#website","url":"https:\/\/fastformsystems.com\/fr\/","name":"FR","description":"","potentialAction":[{"@type":"SearchAction","target":{"@type":"EntryPoint","urlTemplate":"https:\/\/fastformsystems.com\/fr\/?s={search_term_string}"},"query-input":{"@type":"PropertyValueSpecification","valueRequired":true,"valueName":"search_term_string"}}],"inLanguage":"en-GB"}]}},"_links":{"self":[{"href":"https:\/\/fastformsystems.com\/fr\/wp-json\/wp\/v2\/pages\/34","targetHints":{"allow":["GET"]}}],"collection":[{"href":"https:\/\/fastformsystems.com\/fr\/wp-json\/wp\/v2\/pages"}],"about":[{"href":"https:\/\/fastformsystems.com\/fr\/wp-json\/wp\/v2\/types\/page"}],"author":[{"embeddable":true,"href":"https:\/\/fastformsystems.com\/fr\/wp-json\/wp\/v2\/users\/1"}],"replies":[{"embeddable":true,"href":"https:\/\/fastformsystems.com\/fr\/wp-json\/wp\/v2\/comments?post=34"}],"version-history":[{"count":26,"href":"https:\/\/fastformsystems.com\/fr\/wp-json\/wp\/v2\/pages\/34\/revisions"}],"predecessor-version":[{"id":1766,"href":"https:\/\/fastformsystems.com\/fr\/wp-json\/wp\/v2\/pages\/34\/revisions\/1766"}],"wp:featuredmedia":[{"embeddable":true,"href":"https:\/\/fastformsystems.com\/fr\/wp-json\/wp\/v2\/media\/651"}],"wp:attachment":[{"href":"https:\/\/fastformsystems.com\/fr\/wp-json\/wp\/v2\/media?parent=34"}],"curies":[{"name":"wp","href":"https:\/\/api.w.org\/{rel}","templated":true}]}}