{"id":28,"date":"2018-11-19T16:19:53","date_gmt":"2018-11-19T16:19:53","guid":{"rendered":"https:\/\/fastformsystems.com\/uk\/?page_id=28"},"modified":"2020-03-23T10:21:54","modified_gmt":"2020-03-23T10:21:54","slug":"ressources","status":"publish","type":"page","link":"https:\/\/fastformsystems.com\/fr\/ressources\/","title":{"rendered":"Formwork Ressources"},"content":{"rendered":"<p>Les syst\u00e8mes de coffrage Fast-Form offrent une gamme de flexibilit\u00e9 tout en offrant une solution plus rapide, plus s\u00fbre, plus \u00e9cologique et plus durable. Consultez les ressources coffrage ci-dessous pour y d\u00e9couvrir des vid\u00e9os p\u00e9dagogiques, des brochures, des plans en 3D, des mesures m\u00e9triques et imp\u00e9riales<\/p>\n","protected":false},"excerpt":{"rendered":"<p>Les syst\u00e8mes de coffrage Fast-Form offrent une gamme de flexibilit\u00e9 tout en offrant une solution plus rapide, plus s\u00fbre, plus \u00e9cologique et plus durable. Consultez les ressources coffrage ci-dessous pour y d\u00e9couvrir des vid\u00e9os p\u00e9dagogiques, des brochures, des plans en 3D, des mesures m\u00e9triques et imp\u00e9riales<\/p>\n","protected":false},"author":1,"featured_media":1925,"parent":0,"menu_order":0,"comment_status":"closed","ping_status":"closed","template":"templates\/resources.php","meta":{"_acf_changed":false,"footnotes":""},"class_list":["post-28","page","type-page","status-publish","has-post-thumbnail","hentry"],"acf":[],"yoast_head":"<!-- This site is optimized with the Yoast SEO plugin v25.5 - https:\/\/yoast.com\/wordpress\/plugins\/seo\/ -->\n<title>Formwork Ressources - Fast Form Systems<\/title>\n<meta name=\"robots\" content=\"index, follow, max-snippet:-1, max-image-preview:large, max-video-preview:-1\" \/>\n<link rel=\"canonical\" href=\"https:\/\/fastformsystems.com\/fr\/ressources\/\" \/>\n<meta property=\"og:locale\" content=\"en_GB\" \/>\n<meta property=\"og:type\" content=\"article\" \/>\n<meta property=\"og:title\" content=\"Formwork Ressources - Fast Form Systems\" \/>\n<meta property=\"og:description\" content=\"Les syst\u00e8mes de coffrage Fast-Form offrent une gamme de flexibilit\u00e9 tout en offrant une solution plus rapide, plus s\u00fbre, plus \u00e9cologique et plus durable. Consultez les ressources coffrage ci-dessous pour y d\u00e9couvrir des vid\u00e9os p\u00e9dagogiques, des brochures, des plans en 3D, des mesures m\u00e9triques et imp\u00e9riales\" \/>\n<meta property=\"og:url\" content=\"https:\/\/fastformsystems.com\/fr\/ressources\/\" \/>\n<meta property=\"og:site_name\" content=\"FR\" \/>\n<meta property=\"article:modified_time\" content=\"2020-03-23T10:21:54+00:00\" \/>\n<meta property=\"og:image\" content=\"https:\/\/fastformsystems.com\/fr\/wp-content\/uploads\/sites\/7\/2020\/03\/RESOURCES_BANNER.jpg\" \/>\n\t<meta property=\"og:image:width\" content=\"1400\" \/>\n\t<meta property=\"og:image:height\" content=\"450\" \/>\n\t<meta property=\"og:image:type\" content=\"image\/jpeg\" \/>\n<meta name=\"twitter:card\" content=\"summary_large_image\" \/>\n<script type=\"application\/ld+json\" class=\"yoast-schema-graph\">{\"@context\":\"https:\/\/schema.org\",\"@graph\":[{\"@type\":\"WebPage\",\"@id\":\"https:\/\/fastformsystems.com\/fr\/ressources\/\",\"url\":\"https:\/\/fastformsystems.com\/fr\/ressources\/\",\"name\":\"Formwork Ressources - Fast Form Systems\",\"isPartOf\":{\"@id\":\"https:\/\/fastformsystems.com\/fr\/#website\"},\"primaryImageOfPage\":{\"@id\":\"https:\/\/fastformsystems.com\/fr\/ressources\/#primaryimage\"},\"image\":{\"@id\":\"https:\/\/fastformsystems.com\/fr\/ressources\/#primaryimage\"},\"thumbnailUrl\":\"https:\/\/fastformsystems.com\/fr\/wp-content\/uploads\/sites\/7\/2020\/03\/RESOURCES_BANNER.jpg\",\"datePublished\":\"2018-11-19T16:19:53+00:00\",\"dateModified\":\"2020-03-23T10:21:54+00:00\",\"breadcrumb\":{\"@id\":\"https:\/\/fastformsystems.com\/fr\/ressources\/#breadcrumb\"},\"inLanguage\":\"en-GB\",\"potentialAction\":[{\"@type\":\"ReadAction\",\"target\":[\"https:\/\/fastformsystems.com\/fr\/ressources\/\"]}]},{\"@type\":\"ImageObject\",\"inLanguage\":\"en-GB\",\"@id\":\"https:\/\/fastformsystems.com\/fr\/ressources\/#primaryimage\",\"url\":\"https:\/\/fastformsystems.com\/fr\/wp-content\/uploads\/sites\/7\/2020\/03\/RESOURCES_BANNER.jpg\",\"contentUrl\":\"https:\/\/fastformsystems.com\/fr\/wp-content\/uploads\/sites\/7\/2020\/03\/RESOURCES_BANNER.jpg\",\"width\":1400,\"height\":450},{\"@type\":\"BreadcrumbList\",\"@id\":\"https:\/\/fastformsystems.com\/fr\/ressources\/#breadcrumb\",\"itemListElement\":[{\"@type\":\"ListItem\",\"position\":1,\"name\":\"Home\",\"item\":\"https:\/\/fastformsystems.com\/fr\/\"},{\"@type\":\"ListItem\",\"position\":2,\"name\":\"Formwork Ressources\"}]},{\"@type\":\"WebSite\",\"@id\":\"https:\/\/fastformsystems.com\/fr\/#website\",\"url\":\"https:\/\/fastformsystems.com\/fr\/\",\"name\":\"FR\",\"description\":\"\",\"potentialAction\":[{\"@type\":\"SearchAction\",\"target\":{\"@type\":\"EntryPoint\",\"urlTemplate\":\"https:\/\/fastformsystems.com\/fr\/?s={search_term_string}\"},\"query-input\":{\"@type\":\"PropertyValueSpecification\",\"valueRequired\":true,\"valueName\":\"search_term_string\"}}],\"inLanguage\":\"en-GB\"}]}<\/script>\n<!-- \/ Yoast SEO plugin. -->","yoast_head_json":{"title":"Formwork Ressources - Fast Form Systems","robots":{"index":"index","follow":"follow","max-snippet":"max-snippet:-1","max-image-preview":"max-image-preview:large","max-video-preview":"max-video-preview:-1"},"canonical":"https:\/\/fastformsystems.com\/fr\/ressources\/","og_locale":"en_GB","og_type":"article","og_title":"Formwork Ressources - Fast Form Systems","og_description":"Les syst\u00e8mes de coffrage Fast-Form offrent une gamme de flexibilit\u00e9 tout en offrant une solution plus rapide, plus s\u00fbre, plus \u00e9cologique et plus durable. Consultez les ressources coffrage ci-dessous pour y d\u00e9couvrir des vid\u00e9os p\u00e9dagogiques, des brochures, des plans en 3D, des mesures m\u00e9triques et imp\u00e9riales","og_url":"https:\/\/fastformsystems.com\/fr\/ressources\/","og_site_name":"FR","article_modified_time":"2020-03-23T10:21:54+00:00","og_image":[{"width":1400,"height":450,"url":"https:\/\/fastformsystems.com\/fr\/wp-content\/uploads\/sites\/7\/2020\/03\/RESOURCES_BANNER.jpg","type":"image\/jpeg"}],"twitter_card":"summary_large_image","schema":{"@context":"https:\/\/schema.org","@graph":[{"@type":"WebPage","@id":"https:\/\/fastformsystems.com\/fr\/ressources\/","url":"https:\/\/fastformsystems.com\/fr\/ressources\/","name":"Formwork Ressources - Fast Form Systems","isPartOf":{"@id":"https:\/\/fastformsystems.com\/fr\/#website"},"primaryImageOfPage":{"@id":"https:\/\/fastformsystems.com\/fr\/ressources\/#primaryimage"},"image":{"@id":"https:\/\/fastformsystems.com\/fr\/ressources\/#primaryimage"},"thumbnailUrl":"https:\/\/fastformsystems.com\/fr\/wp-content\/uploads\/sites\/7\/2020\/03\/RESOURCES_BANNER.jpg","datePublished":"2018-11-19T16:19:53+00:00","dateModified":"2020-03-23T10:21:54+00:00","breadcrumb":{"@id":"https:\/\/fastformsystems.com\/fr\/ressources\/#breadcrumb"},"inLanguage":"en-GB","potentialAction":[{"@type":"ReadAction","target":["https:\/\/fastformsystems.com\/fr\/ressources\/"]}]},{"@type":"ImageObject","inLanguage":"en-GB","@id":"https:\/\/fastformsystems.com\/fr\/ressources\/#primaryimage","url":"https:\/\/fastformsystems.com\/fr\/wp-content\/uploads\/sites\/7\/2020\/03\/RESOURCES_BANNER.jpg","contentUrl":"https:\/\/fastformsystems.com\/fr\/wp-content\/uploads\/sites\/7\/2020\/03\/RESOURCES_BANNER.jpg","width":1400,"height":450},{"@type":"BreadcrumbList","@id":"https:\/\/fastformsystems.com\/fr\/ressources\/#breadcrumb","itemListElement":[{"@type":"ListItem","position":1,"name":"Home","item":"https:\/\/fastformsystems.com\/fr\/"},{"@type":"ListItem","position":2,"name":"Formwork Ressources"}]},{"@type":"WebSite","@id":"https:\/\/fastformsystems.com\/fr\/#website","url":"https:\/\/fastformsystems.com\/fr\/","name":"FR","description":"","potentialAction":[{"@type":"SearchAction","target":{"@type":"EntryPoint","urlTemplate":"https:\/\/fastformsystems.com\/fr\/?s={search_term_string}"},"query-input":{"@type":"PropertyValueSpecification","valueRequired":true,"valueName":"search_term_string"}}],"inLanguage":"en-GB"}]}},"_links":{"self":[{"href":"https:\/\/fastformsystems.com\/fr\/wp-json\/wp\/v2\/pages\/28","targetHints":{"allow":["GET"]}}],"collection":[{"href":"https:\/\/fastformsystems.com\/fr\/wp-json\/wp\/v2\/pages"}],"about":[{"href":"https:\/\/fastformsystems.com\/fr\/wp-json\/wp\/v2\/types\/page"}],"author":[{"embeddable":true,"href":"https:\/\/fastformsystems.com\/fr\/wp-json\/wp\/v2\/users\/1"}],"replies":[{"embeddable":true,"href":"https:\/\/fastformsystems.com\/fr\/wp-json\/wp\/v2\/comments?post=28"}],"version-history":[{"count":10,"href":"https:\/\/fastformsystems.com\/fr\/wp-json\/wp\/v2\/pages\/28\/revisions"}],"predecessor-version":[{"id":1765,"href":"https:\/\/fastformsystems.com\/fr\/wp-json\/wp\/v2\/pages\/28\/revisions\/1765"}],"wp:featuredmedia":[{"embeddable":true,"href":"https:\/\/fastformsystems.com\/fr\/wp-json\/wp\/v2\/media\/1925"}],"wp:attachment":[{"href":"https:\/\/fastformsystems.com\/fr\/wp-json\/wp\/v2\/media?parent=28"}],"curies":[{"name":"wp","href":"https:\/\/api.w.org\/{rel}","templated":true}]}}