{"id":23,"date":"2018-11-19T16:18:43","date_gmt":"2018-11-19T16:18:43","guid":{"rendered":"https:\/\/fastformsystems.com\/uk\/?page_id=23"},"modified":"2020-02-28T14:06:42","modified_gmt":"2020-02-28T14:06:42","slug":"livraison","status":"publish","type":"page","link":"https:\/\/fastformsystems.com\/fr\/livraison\/","title":{"rendered":"Livraison Fast-Form Formwork"},"content":{"rendered":"<p>Les produits Fast-Form sont livr\u00e9s dans nos propres cages fabriqu\u00e9es sur mesure, ce qui signifie que notre syst\u00e8me est s\u00fbr. Les cages restent sur les fixations pour toute la dur\u00e9e de la location.<\/p>\n","protected":false},"excerpt":{"rendered":"<p>Les produits Fast-Form sont livr\u00e9s dans nos propres cages fabriqu\u00e9es sur mesure, ce qui signifie que notre syst\u00e8me est s\u00fbr. Les cages restent sur les fixations pour toute la dur\u00e9e de la location.<\/p>\n","protected":false},"author":1,"featured_media":660,"parent":0,"menu_order":0,"comment_status":"closed","ping_status":"closed","template":"","meta":{"_acf_changed":false,"footnotes":""},"class_list":["post-23","page","type-page","status-publish","has-post-thumbnail","hentry"],"acf":[],"yoast_head":"<!-- This site is optimized with the Yoast SEO plugin v25.5 - https:\/\/yoast.com\/wordpress\/plugins\/seo\/ -->\n<title>Livraison Fast-Form Formwork - Fast Form Systems<\/title>\n<meta name=\"robots\" content=\"index, follow, max-snippet:-1, max-image-preview:large, max-video-preview:-1\" \/>\n<link rel=\"canonical\" href=\"https:\/\/fastformsystems.com\/fr\/livraison\/\" \/>\n<meta property=\"og:locale\" content=\"en_GB\" \/>\n<meta property=\"og:type\" content=\"article\" \/>\n<meta property=\"og:title\" content=\"Livraison Fast-Form Formwork - Fast Form Systems\" \/>\n<meta property=\"og:description\" content=\"Les produits Fast-Form sont livr\u00e9s dans nos propres cages fabriqu\u00e9es sur mesure, ce qui signifie que notre syst\u00e8me est s\u00fbr. Les cages restent sur les fixations pour toute la dur\u00e9e de la location.\" \/>\n<meta property=\"og:url\" content=\"https:\/\/fastformsystems.com\/fr\/livraison\/\" \/>\n<meta property=\"og:site_name\" content=\"FR\" \/>\n<meta property=\"article:modified_time\" content=\"2020-02-28T14:06:42+00:00\" \/>\n<meta property=\"og:image\" content=\"https:\/\/fastformsystems.com\/fr\/wp-content\/uploads\/sites\/7\/2019\/01\/fast-form-delivery.jpg\" \/>\n\t<meta property=\"og:image:width\" content=\"1400\" \/>\n\t<meta property=\"og:image:height\" content=\"400\" \/>\n\t<meta property=\"og:image:type\" content=\"image\/jpeg\" \/>\n<meta name=\"twitter:card\" content=\"summary_large_image\" \/>\n<script type=\"application\/ld+json\" class=\"yoast-schema-graph\">{\"@context\":\"https:\/\/schema.org\",\"@graph\":[{\"@type\":\"WebPage\",\"@id\":\"https:\/\/fastformsystems.com\/fr\/livraison\/\",\"url\":\"https:\/\/fastformsystems.com\/fr\/livraison\/\",\"name\":\"Livraison Fast-Form Formwork - Fast Form Systems\",\"isPartOf\":{\"@id\":\"https:\/\/fastformsystems.com\/fr\/#website\"},\"primaryImageOfPage\":{\"@id\":\"https:\/\/fastformsystems.com\/fr\/livraison\/#primaryimage\"},\"image\":{\"@id\":\"https:\/\/fastformsystems.com\/fr\/livraison\/#primaryimage\"},\"thumbnailUrl\":\"https:\/\/fastformsystems.com\/fr\/wp-content\/uploads\/sites\/7\/2019\/01\/fast-form-delivery.jpg\",\"datePublished\":\"2018-11-19T16:18:43+00:00\",\"dateModified\":\"2020-02-28T14:06:42+00:00\",\"breadcrumb\":{\"@id\":\"https:\/\/fastformsystems.com\/fr\/livraison\/#breadcrumb\"},\"inLanguage\":\"en-GB\",\"potentialAction\":[{\"@type\":\"ReadAction\",\"target\":[\"https:\/\/fastformsystems.com\/fr\/livraison\/\"]}]},{\"@type\":\"ImageObject\",\"inLanguage\":\"en-GB\",\"@id\":\"https:\/\/fastformsystems.com\/fr\/livraison\/#primaryimage\",\"url\":\"https:\/\/fastformsystems.com\/fr\/wp-content\/uploads\/sites\/7\/2019\/01\/fast-form-delivery.jpg\",\"contentUrl\":\"https:\/\/fastformsystems.com\/fr\/wp-content\/uploads\/sites\/7\/2019\/01\/fast-form-delivery.jpg\",\"width\":1400,\"height\":400},{\"@type\":\"BreadcrumbList\",\"@id\":\"https:\/\/fastformsystems.com\/fr\/livraison\/#breadcrumb\",\"itemListElement\":[{\"@type\":\"ListItem\",\"position\":1,\"name\":\"Home\",\"item\":\"https:\/\/fastformsystems.com\/fr\/\"},{\"@type\":\"ListItem\",\"position\":2,\"name\":\"Livraison Fast-Form Formwork\"}]},{\"@type\":\"WebSite\",\"@id\":\"https:\/\/fastformsystems.com\/fr\/#website\",\"url\":\"https:\/\/fastformsystems.com\/fr\/\",\"name\":\"FR\",\"description\":\"\",\"potentialAction\":[{\"@type\":\"SearchAction\",\"target\":{\"@type\":\"EntryPoint\",\"urlTemplate\":\"https:\/\/fastformsystems.com\/fr\/?s={search_term_string}\"},\"query-input\":{\"@type\":\"PropertyValueSpecification\",\"valueRequired\":true,\"valueName\":\"search_term_string\"}}],\"inLanguage\":\"en-GB\"}]}<\/script>\n<!-- \/ Yoast SEO plugin. -->","yoast_head_json":{"title":"Livraison Fast-Form Formwork - Fast Form Systems","robots":{"index":"index","follow":"follow","max-snippet":"max-snippet:-1","max-image-preview":"max-image-preview:large","max-video-preview":"max-video-preview:-1"},"canonical":"https:\/\/fastformsystems.com\/fr\/livraison\/","og_locale":"en_GB","og_type":"article","og_title":"Livraison Fast-Form Formwork - Fast Form Systems","og_description":"Les produits Fast-Form sont livr\u00e9s dans nos propres cages fabriqu\u00e9es sur mesure, ce qui signifie que notre syst\u00e8me est s\u00fbr. Les cages restent sur les fixations pour toute la dur\u00e9e de la location.","og_url":"https:\/\/fastformsystems.com\/fr\/livraison\/","og_site_name":"FR","article_modified_time":"2020-02-28T14:06:42+00:00","og_image":[{"width":1400,"height":400,"url":"https:\/\/fastformsystems.com\/fr\/wp-content\/uploads\/sites\/7\/2019\/01\/fast-form-delivery.jpg","type":"image\/jpeg"}],"twitter_card":"summary_large_image","schema":{"@context":"https:\/\/schema.org","@graph":[{"@type":"WebPage","@id":"https:\/\/fastformsystems.com\/fr\/livraison\/","url":"https:\/\/fastformsystems.com\/fr\/livraison\/","name":"Livraison Fast-Form Formwork - Fast Form Systems","isPartOf":{"@id":"https:\/\/fastformsystems.com\/fr\/#website"},"primaryImageOfPage":{"@id":"https:\/\/fastformsystems.com\/fr\/livraison\/#primaryimage"},"image":{"@id":"https:\/\/fastformsystems.com\/fr\/livraison\/#primaryimage"},"thumbnailUrl":"https:\/\/fastformsystems.com\/fr\/wp-content\/uploads\/sites\/7\/2019\/01\/fast-form-delivery.jpg","datePublished":"2018-11-19T16:18:43+00:00","dateModified":"2020-02-28T14:06:42+00:00","breadcrumb":{"@id":"https:\/\/fastformsystems.com\/fr\/livraison\/#breadcrumb"},"inLanguage":"en-GB","potentialAction":[{"@type":"ReadAction","target":["https:\/\/fastformsystems.com\/fr\/livraison\/"]}]},{"@type":"ImageObject","inLanguage":"en-GB","@id":"https:\/\/fastformsystems.com\/fr\/livraison\/#primaryimage","url":"https:\/\/fastformsystems.com\/fr\/wp-content\/uploads\/sites\/7\/2019\/01\/fast-form-delivery.jpg","contentUrl":"https:\/\/fastformsystems.com\/fr\/wp-content\/uploads\/sites\/7\/2019\/01\/fast-form-delivery.jpg","width":1400,"height":400},{"@type":"BreadcrumbList","@id":"https:\/\/fastformsystems.com\/fr\/livraison\/#breadcrumb","itemListElement":[{"@type":"ListItem","position":1,"name":"Home","item":"https:\/\/fastformsystems.com\/fr\/"},{"@type":"ListItem","position":2,"name":"Livraison Fast-Form Formwork"}]},{"@type":"WebSite","@id":"https:\/\/fastformsystems.com\/fr\/#website","url":"https:\/\/fastformsystems.com\/fr\/","name":"FR","description":"","potentialAction":[{"@type":"SearchAction","target":{"@type":"EntryPoint","urlTemplate":"https:\/\/fastformsystems.com\/fr\/?s={search_term_string}"},"query-input":{"@type":"PropertyValueSpecification","valueRequired":true,"valueName":"search_term_string"}}],"inLanguage":"en-GB"}]}},"_links":{"self":[{"href":"https:\/\/fastformsystems.com\/fr\/wp-json\/wp\/v2\/pages\/23","targetHints":{"allow":["GET"]}}],"collection":[{"href":"https:\/\/fastformsystems.com\/fr\/wp-json\/wp\/v2\/pages"}],"about":[{"href":"https:\/\/fastformsystems.com\/fr\/wp-json\/wp\/v2\/types\/page"}],"author":[{"embeddable":true,"href":"https:\/\/fastformsystems.com\/fr\/wp-json\/wp\/v2\/users\/1"}],"replies":[{"embeddable":true,"href":"https:\/\/fastformsystems.com\/fr\/wp-json\/wp\/v2\/comments?post=23"}],"version-history":[{"count":19,"href":"https:\/\/fastformsystems.com\/fr\/wp-json\/wp\/v2\/pages\/23\/revisions"}],"predecessor-version":[{"id":1761,"href":"https:\/\/fastformsystems.com\/fr\/wp-json\/wp\/v2\/pages\/23\/revisions\/1761"}],"wp:featuredmedia":[{"embeddable":true,"href":"https:\/\/fastformsystems.com\/fr\/wp-json\/wp\/v2\/media\/660"}],"wp:attachment":[{"href":"https:\/\/fastformsystems.com\/fr\/wp-json\/wp\/v2\/media?parent=23"}],"curies":[{"name":"wp","href":"https:\/\/api.w.org\/{rel}","templated":true}]}}