{"id":2,"date":"2018-11-19T10:41:15","date_gmt":"2018-11-19T10:41:15","guid":{"rendered":"https:\/\/fastformsystems.com\/uk\/?page_id=2"},"modified":"2020-02-28T12:48:59","modified_gmt":"2020-02-28T12:48:59","slug":"home","status":"publish","type":"page","link":"https:\/\/fastformsystems.com\/fr\/","title":{"rendered":"Fast-Form Systems Ltd"},"content":{"rendered":"<p>Fast-Form Systems Ltd fournit des coffrages en location ou \u00e0 l\u2019achat, ainsi que des accessoires et un service \u00e0 la client\u00e8le imbattable.<\/p>\n<p>Fast-Form Systems Ltd sont les fabricants et fournisseurs du syst\u00e8me de coffrages Fast-Form\u2122 et propose des coffrages en location ou \u00e0 l\u2019achat, ainsi que la gamme de coffrages de sol Fast-Form. Nous proposons \u00e9galement des coffrages permanents comme des coffrages de cha\u00eenage et des coffrages de Novoform, des \u00e9taiements et des platelages, des produits chimiques et tous les accessoires de coffrage, des barres de liaison aux barres \u00e0 eau, en passant par les tubes, les plaques, les centrifugeuses, les entretoises et encore bien d\u2019autres choses, alors quoi qu\u2019il vous faille, il suffit de nous appeler ou de nous envoyer un courriel \u00e0 info@fastformsystems.com<\/p>\n<p>Fast-Form\u2122 am\u00e9liorera votre\u00a0<strong>s\u00e9curit\u00e9, r\u00e9duira votre\u00a0<\/strong><a href=\"\/fr\/empreinte-carbone\/\"><strong>empreinte carbone<\/strong><\/a><strong>\u00a0et vous fera gagner du temps et de l\u2019argent<\/strong>. En g\u00e9n\u00e9ral,\u00a0<strong>des \u00e9conomies correspondant \u00e0<\/strong> <strong>50 \u00e0 60\u00a0% du co\u00fbt et du temps<\/strong>\u00a0peuvent \u00eatre r\u00e9alis\u00e9es par rapport \u00e0 des m\u00e9thodes traditionnelles, qui utilisent par ailleurs jusqu\u2019\u00e0 10 fois plus de carbone. Utiliser Fast-Form peut \u00e9galement <strong>r\u00e9duire votre empreinte carbone de 60 \u00e0 100 %<\/strong>. Consultez les \u00e9conomies en termes de co\u00fbts et de carbone en cliquant \u00c9conomies d\u2019empreinte carbone, ici.\u00a0Pour de plus amples informations, contactez-nous ou t\u00e9l\u00e9chargez la brochure ci-contre.<\/p>\n","protected":false},"excerpt":{"rendered":"<p>Fast-Form Systems Ltd fournit des coffrages en location ou \u00e0 l\u2019achat, ainsi que des accessoires et un service \u00e0 la client\u00e8le imbattable. Fast-Form Systems Ltd sont les fabricants et fournisseurs du syst\u00e8me de coffrages Fast-Form\u2122 et propose des coffrages en location ou \u00e0 l\u2019achat, ainsi que la gamme de coffrages de sol Fast-Form. Nous proposons \u00e9galement des coffrages permanents comme des coffrages de cha\u00eenage et &hellip; <a href=\"https:\/\/fastformsystems.com\/fr\/\" class=\"more-link\">Continue reading <span class=\"screen-reader-text\">Fast-Form Systems Ltd<\/span> <span class=\"meta-nav\">&raquo;<\/span><\/a><\/p>\n","protected":false},"author":1,"featured_media":0,"parent":0,"menu_order":0,"comment_status":"closed","ping_status":"closed","template":"front-page.php","meta":{"_acf_changed":false,"footnotes":""},"class_list":["post-2","page","type-page","status-publish","hentry"],"acf":[],"yoast_head":"<!-- This site is optimized with the Yoast SEO plugin v25.5 - https:\/\/yoast.com\/wordpress\/plugins\/seo\/ -->\n<title>Fast-Form Systems Ltd - Fast Form Systems<\/title>\n<meta name=\"robots\" content=\"index, follow, max-snippet:-1, max-image-preview:large, max-video-preview:-1\" \/>\n<link rel=\"canonical\" href=\"https:\/\/fastformsystems.com\/fr\/\" \/>\n<meta property=\"og:locale\" content=\"en_GB\" \/>\n<meta property=\"og:type\" content=\"article\" \/>\n<meta property=\"og:title\" content=\"Fast-Form Systems Ltd - Fast Form Systems\" \/>\n<meta property=\"og:description\" content=\"Fast-Form Systems Ltd fournit des coffrages en location ou \u00e0 l\u2019achat, ainsi que des accessoires et un service \u00e0 la client\u00e8le imbattable. Fast-Form Systems Ltd sont les fabricants et fournisseurs du syst\u00e8me de coffrages Fast-Form\u2122 et propose des coffrages en location ou \u00e0 l\u2019achat, ainsi que la gamme de coffrages de sol Fast-Form. Nous proposons \u00e9galement des coffrages permanents comme des coffrages de cha\u00eenage et &hellip; Continue reading Fast-Form Systems Ltd &raquo;\" \/>\n<meta property=\"og:url\" content=\"https:\/\/fastformsystems.com\/fr\/\" \/>\n<meta property=\"og:site_name\" content=\"FR\" \/>\n<meta property=\"article:modified_time\" content=\"2020-02-28T12:48:59+00:00\" \/>\n<meta name=\"twitter:card\" content=\"summary_large_image\" \/>\n<meta name=\"twitter:label1\" content=\"Estimated reading time\" \/>\n\t<meta name=\"twitter:data1\" content=\"1 minute\" \/>\n<script type=\"application\/ld+json\" class=\"yoast-schema-graph\">{\"@context\":\"https:\/\/schema.org\",\"@graph\":[{\"@type\":\"WebPage\",\"@id\":\"https:\/\/fastformsystems.com\/fr\/\",\"url\":\"https:\/\/fastformsystems.com\/fr\/\",\"name\":\"Fast-Form Systems Ltd - Fast Form Systems\",\"isPartOf\":{\"@id\":\"https:\/\/fastformsystems.com\/fr\/#website\"},\"datePublished\":\"2018-11-19T10:41:15+00:00\",\"dateModified\":\"2020-02-28T12:48:59+00:00\",\"breadcrumb\":{\"@id\":\"https:\/\/fastformsystems.com\/fr\/#breadcrumb\"},\"inLanguage\":\"en-GB\",\"potentialAction\":[{\"@type\":\"ReadAction\",\"target\":[\"https:\/\/fastformsystems.com\/fr\/\"]}]},{\"@type\":\"BreadcrumbList\",\"@id\":\"https:\/\/fastformsystems.com\/fr\/#breadcrumb\",\"itemListElement\":[{\"@type\":\"ListItem\",\"position\":1,\"name\":\"Home\",\"item\":\"https:\/\/fastformsystems.com\/fr\/\"},{\"@type\":\"ListItem\",\"position\":2,\"name\":\"Fast-Form Systems Ltd\"}]},{\"@type\":\"WebSite\",\"@id\":\"https:\/\/fastformsystems.com\/fr\/#website\",\"url\":\"https:\/\/fastformsystems.com\/fr\/\",\"name\":\"FR\",\"description\":\"\",\"potentialAction\":[{\"@type\":\"SearchAction\",\"target\":{\"@type\":\"EntryPoint\",\"urlTemplate\":\"https:\/\/fastformsystems.com\/fr\/?s={search_term_string}\"},\"query-input\":{\"@type\":\"PropertyValueSpecification\",\"valueRequired\":true,\"valueName\":\"search_term_string\"}}],\"inLanguage\":\"en-GB\"}]}<\/script>\n<!-- \/ Yoast SEO plugin. -->","yoast_head_json":{"title":"Fast-Form Systems Ltd - Fast Form Systems","robots":{"index":"index","follow":"follow","max-snippet":"max-snippet:-1","max-image-preview":"max-image-preview:large","max-video-preview":"max-video-preview:-1"},"canonical":"https:\/\/fastformsystems.com\/fr\/","og_locale":"en_GB","og_type":"article","og_title":"Fast-Form Systems Ltd - Fast Form Systems","og_description":"Fast-Form Systems Ltd fournit des coffrages en location ou \u00e0 l\u2019achat, ainsi que des accessoires et un service \u00e0 la client\u00e8le imbattable. Fast-Form Systems Ltd sont les fabricants et fournisseurs du syst\u00e8me de coffrages Fast-Form\u2122 et propose des coffrages en location ou \u00e0 l\u2019achat, ainsi que la gamme de coffrages de sol Fast-Form. Nous proposons \u00e9galement des coffrages permanents comme des coffrages de cha\u00eenage et &hellip; Continue reading Fast-Form Systems Ltd &raquo;","og_url":"https:\/\/fastformsystems.com\/fr\/","og_site_name":"FR","article_modified_time":"2020-02-28T12:48:59+00:00","twitter_card":"summary_large_image","twitter_misc":{"Estimated reading time":"1 minute"},"schema":{"@context":"https:\/\/schema.org","@graph":[{"@type":"WebPage","@id":"https:\/\/fastformsystems.com\/fr\/","url":"https:\/\/fastformsystems.com\/fr\/","name":"Fast-Form Systems Ltd - Fast Form Systems","isPartOf":{"@id":"https:\/\/fastformsystems.com\/fr\/#website"},"datePublished":"2018-11-19T10:41:15+00:00","dateModified":"2020-02-28T12:48:59+00:00","breadcrumb":{"@id":"https:\/\/fastformsystems.com\/fr\/#breadcrumb"},"inLanguage":"en-GB","potentialAction":[{"@type":"ReadAction","target":["https:\/\/fastformsystems.com\/fr\/"]}]},{"@type":"BreadcrumbList","@id":"https:\/\/fastformsystems.com\/fr\/#breadcrumb","itemListElement":[{"@type":"ListItem","position":1,"name":"Home","item":"https:\/\/fastformsystems.com\/fr\/"},{"@type":"ListItem","position":2,"name":"Fast-Form Systems Ltd"}]},{"@type":"WebSite","@id":"https:\/\/fastformsystems.com\/fr\/#website","url":"https:\/\/fastformsystems.com\/fr\/","name":"FR","description":"","potentialAction":[{"@type":"SearchAction","target":{"@type":"EntryPoint","urlTemplate":"https:\/\/fastformsystems.com\/fr\/?s={search_term_string}"},"query-input":{"@type":"PropertyValueSpecification","valueRequired":true,"valueName":"search_term_string"}}],"inLanguage":"en-GB"}]}},"_links":{"self":[{"href":"https:\/\/fastformsystems.com\/fr\/wp-json\/wp\/v2\/pages\/2","targetHints":{"allow":["GET"]}}],"collection":[{"href":"https:\/\/fastformsystems.com\/fr\/wp-json\/wp\/v2\/pages"}],"about":[{"href":"https:\/\/fastformsystems.com\/fr\/wp-json\/wp\/v2\/types\/page"}],"author":[{"embeddable":true,"href":"https:\/\/fastformsystems.com\/fr\/wp-json\/wp\/v2\/users\/1"}],"replies":[{"embeddable":true,"href":"https:\/\/fastformsystems.com\/fr\/wp-json\/wp\/v2\/comments?post=2"}],"version-history":[{"count":23,"href":"https:\/\/fastformsystems.com\/fr\/wp-json\/wp\/v2\/pages\/2\/revisions"}],"predecessor-version":[{"id":1760,"href":"https:\/\/fastformsystems.com\/fr\/wp-json\/wp\/v2\/pages\/2\/revisions\/1760"}],"wp:attachment":[{"href":"https:\/\/fastformsystems.com\/fr\/wp-json\/wp\/v2\/media?parent=2"}],"curies":[{"name":"wp","href":"https:\/\/api.w.org\/{rel}","templated":true}]}}