{"id":15,"date":"2018-11-19T16:17:34","date_gmt":"2018-11-19T16:17:34","guid":{"rendered":"https:\/\/fastformsystems.com\/uk\/?page_id=15"},"modified":"2020-02-28T14:20:56","modified_gmt":"2020-02-28T14:20:56","slug":"about","status":"publish","type":"page","link":"https:\/\/fastformsystems.com\/fr\/about\/","title":{"rendered":"About Fast-Form Systems"},"content":{"rendered":"<p>Les supports Fast Form\u2122 ont \u00e0 l\u2019origine \u00e9t\u00e9 con\u00e7us en 1994\/5 et l\u2019un de nos premiers projets majeurs se situait dans un <a href=\"http:\/\/www.mcarthurglen.com\/uk\/east-midlands-designer-outlet\/en\/plan-your-visit\/getting-here\/\">centre McArthur Glenn pr\u00e8s de Mansfield Notts<\/a>, leur centre dans l\u2019East Midlands, en 1996. Ils ont \u00e9t\u00e9 con\u00e7us pour fournir un \u00e9taiement de coffrage et une plateforme d\u2019acc\u00e8s sur une poutre de couronnement palplanche arrondie en cours de montage.<\/p>\n","protected":false},"excerpt":{"rendered":"<p>Les supports Fast Form\u2122 ont \u00e0 l\u2019origine \u00e9t\u00e9 con\u00e7us en 1994\/5 et l\u2019un de nos premiers projets majeurs se situait dans un centre McArthur Glenn pr\u00e8s de Mansfield Notts, leur centre dans l\u2019East Midlands, en 1996. Ils ont \u00e9t\u00e9 con\u00e7us pour fournir un \u00e9taiement de coffrage et une plateforme d\u2019acc\u00e8s sur une poutre de couronnement palplanche arrondie en cours de montage.<\/p>\n","protected":false},"author":1,"featured_media":1253,"parent":0,"menu_order":0,"comment_status":"closed","ping_status":"closed","template":"templates\/with-quote-page.php","meta":{"_acf_changed":false,"footnotes":""},"class_list":["post-15","page","type-page","status-publish","has-post-thumbnail","hentry"],"acf":[],"yoast_head":"<!-- This site is optimized with the Yoast SEO plugin v25.5 - https:\/\/yoast.com\/wordpress\/plugins\/seo\/ -->\n<title>About Fast-Form Systems - Fast Form Systems<\/title>\n<meta name=\"robots\" content=\"index, follow, max-snippet:-1, max-image-preview:large, max-video-preview:-1\" \/>\n<link rel=\"canonical\" href=\"https:\/\/fastformsystems.com\/fr\/about\/\" \/>\n<meta property=\"og:locale\" content=\"en_GB\" \/>\n<meta property=\"og:type\" content=\"article\" \/>\n<meta property=\"og:title\" content=\"About Fast-Form Systems - Fast Form Systems\" \/>\n<meta property=\"og:description\" content=\"Les supports Fast Form\u2122 ont \u00e0 l\u2019origine \u00e9t\u00e9 con\u00e7us en 1994\/5 et l\u2019un de nos premiers projets majeurs se situait dans un centre McArthur Glenn pr\u00e8s de Mansfield Notts, leur centre dans l\u2019East Midlands, en 1996. Ils ont \u00e9t\u00e9 con\u00e7us pour fournir un \u00e9taiement de coffrage et une plateforme d\u2019acc\u00e8s sur une poutre de couronnement palplanche arrondie en cours de montage.\" \/>\n<meta property=\"og:url\" content=\"https:\/\/fastformsystems.com\/fr\/about\/\" \/>\n<meta property=\"og:site_name\" content=\"FR\" \/>\n<meta property=\"article:modified_time\" content=\"2020-02-28T14:20:56+00:00\" \/>\n<meta property=\"og:image\" content=\"https:\/\/fastformsystems.com\/fr\/wp-content\/uploads\/sites\/7\/2019\/08\/maven_fastfrom_banner.jpg\" \/>\n\t<meta property=\"og:image:width\" content=\"1400\" \/>\n\t<meta property=\"og:image:height\" content=\"400\" \/>\n\t<meta property=\"og:image:type\" content=\"image\/jpeg\" \/>\n<meta name=\"twitter:card\" content=\"summary_large_image\" \/>\n<script type=\"application\/ld+json\" class=\"yoast-schema-graph\">{\"@context\":\"https:\/\/schema.org\",\"@graph\":[{\"@type\":\"WebPage\",\"@id\":\"https:\/\/fastformsystems.com\/fr\/about\/\",\"url\":\"https:\/\/fastformsystems.com\/fr\/about\/\",\"name\":\"About Fast-Form Systems - Fast Form Systems\",\"isPartOf\":{\"@id\":\"https:\/\/fastformsystems.com\/fr\/#website\"},\"primaryImageOfPage\":{\"@id\":\"https:\/\/fastformsystems.com\/fr\/about\/#primaryimage\"},\"image\":{\"@id\":\"https:\/\/fastformsystems.com\/fr\/about\/#primaryimage\"},\"thumbnailUrl\":\"https:\/\/fastformsystems.com\/fr\/wp-content\/uploads\/sites\/7\/2019\/08\/maven_fastfrom_banner.jpg\",\"datePublished\":\"2018-11-19T16:17:34+00:00\",\"dateModified\":\"2020-02-28T14:20:56+00:00\",\"breadcrumb\":{\"@id\":\"https:\/\/fastformsystems.com\/fr\/about\/#breadcrumb\"},\"inLanguage\":\"en-GB\",\"potentialAction\":[{\"@type\":\"ReadAction\",\"target\":[\"https:\/\/fastformsystems.com\/fr\/about\/\"]}]},{\"@type\":\"ImageObject\",\"inLanguage\":\"en-GB\",\"@id\":\"https:\/\/fastformsystems.com\/fr\/about\/#primaryimage\",\"url\":\"https:\/\/fastformsystems.com\/fr\/wp-content\/uploads\/sites\/7\/2019\/08\/maven_fastfrom_banner.jpg\",\"contentUrl\":\"https:\/\/fastformsystems.com\/fr\/wp-content\/uploads\/sites\/7\/2019\/08\/maven_fastfrom_banner.jpg\",\"width\":1400,\"height\":400},{\"@type\":\"BreadcrumbList\",\"@id\":\"https:\/\/fastformsystems.com\/fr\/about\/#breadcrumb\",\"itemListElement\":[{\"@type\":\"ListItem\",\"position\":1,\"name\":\"Home\",\"item\":\"https:\/\/fastformsystems.com\/fr\/\"},{\"@type\":\"ListItem\",\"position\":2,\"name\":\"About Fast-Form Systems\"}]},{\"@type\":\"WebSite\",\"@id\":\"https:\/\/fastformsystems.com\/fr\/#website\",\"url\":\"https:\/\/fastformsystems.com\/fr\/\",\"name\":\"FR\",\"description\":\"\",\"potentialAction\":[{\"@type\":\"SearchAction\",\"target\":{\"@type\":\"EntryPoint\",\"urlTemplate\":\"https:\/\/fastformsystems.com\/fr\/?s={search_term_string}\"},\"query-input\":{\"@type\":\"PropertyValueSpecification\",\"valueRequired\":true,\"valueName\":\"search_term_string\"}}],\"inLanguage\":\"en-GB\"}]}<\/script>\n<!-- \/ Yoast SEO plugin. -->","yoast_head_json":{"title":"About Fast-Form Systems - Fast Form Systems","robots":{"index":"index","follow":"follow","max-snippet":"max-snippet:-1","max-image-preview":"max-image-preview:large","max-video-preview":"max-video-preview:-1"},"canonical":"https:\/\/fastformsystems.com\/fr\/about\/","og_locale":"en_GB","og_type":"article","og_title":"About Fast-Form Systems - Fast Form Systems","og_description":"Les supports Fast Form\u2122 ont \u00e0 l\u2019origine \u00e9t\u00e9 con\u00e7us en 1994\/5 et l\u2019un de nos premiers projets majeurs se situait dans un centre McArthur Glenn pr\u00e8s de Mansfield Notts, leur centre dans l\u2019East Midlands, en 1996. Ils ont \u00e9t\u00e9 con\u00e7us pour fournir un \u00e9taiement de coffrage et une plateforme d\u2019acc\u00e8s sur une poutre de couronnement palplanche arrondie en cours de montage.","og_url":"https:\/\/fastformsystems.com\/fr\/about\/","og_site_name":"FR","article_modified_time":"2020-02-28T14:20:56+00:00","og_image":[{"width":1400,"height":400,"url":"https:\/\/fastformsystems.com\/fr\/wp-content\/uploads\/sites\/7\/2019\/08\/maven_fastfrom_banner.jpg","type":"image\/jpeg"}],"twitter_card":"summary_large_image","schema":{"@context":"https:\/\/schema.org","@graph":[{"@type":"WebPage","@id":"https:\/\/fastformsystems.com\/fr\/about\/","url":"https:\/\/fastformsystems.com\/fr\/about\/","name":"About Fast-Form Systems - Fast Form Systems","isPartOf":{"@id":"https:\/\/fastformsystems.com\/fr\/#website"},"primaryImageOfPage":{"@id":"https:\/\/fastformsystems.com\/fr\/about\/#primaryimage"},"image":{"@id":"https:\/\/fastformsystems.com\/fr\/about\/#primaryimage"},"thumbnailUrl":"https:\/\/fastformsystems.com\/fr\/wp-content\/uploads\/sites\/7\/2019\/08\/maven_fastfrom_banner.jpg","datePublished":"2018-11-19T16:17:34+00:00","dateModified":"2020-02-28T14:20:56+00:00","breadcrumb":{"@id":"https:\/\/fastformsystems.com\/fr\/about\/#breadcrumb"},"inLanguage":"en-GB","potentialAction":[{"@type":"ReadAction","target":["https:\/\/fastformsystems.com\/fr\/about\/"]}]},{"@type":"ImageObject","inLanguage":"en-GB","@id":"https:\/\/fastformsystems.com\/fr\/about\/#primaryimage","url":"https:\/\/fastformsystems.com\/fr\/wp-content\/uploads\/sites\/7\/2019\/08\/maven_fastfrom_banner.jpg","contentUrl":"https:\/\/fastformsystems.com\/fr\/wp-content\/uploads\/sites\/7\/2019\/08\/maven_fastfrom_banner.jpg","width":1400,"height":400},{"@type":"BreadcrumbList","@id":"https:\/\/fastformsystems.com\/fr\/about\/#breadcrumb","itemListElement":[{"@type":"ListItem","position":1,"name":"Home","item":"https:\/\/fastformsystems.com\/fr\/"},{"@type":"ListItem","position":2,"name":"About Fast-Form Systems"}]},{"@type":"WebSite","@id":"https:\/\/fastformsystems.com\/fr\/#website","url":"https:\/\/fastformsystems.com\/fr\/","name":"FR","description":"","potentialAction":[{"@type":"SearchAction","target":{"@type":"EntryPoint","urlTemplate":"https:\/\/fastformsystems.com\/fr\/?s={search_term_string}"},"query-input":{"@type":"PropertyValueSpecification","valueRequired":true,"valueName":"search_term_string"}}],"inLanguage":"en-GB"}]}},"_links":{"self":[{"href":"https:\/\/fastformsystems.com\/fr\/wp-json\/wp\/v2\/pages\/15","targetHints":{"allow":["GET"]}}],"collection":[{"href":"https:\/\/fastformsystems.com\/fr\/wp-json\/wp\/v2\/pages"}],"about":[{"href":"https:\/\/fastformsystems.com\/fr\/wp-json\/wp\/v2\/types\/page"}],"author":[{"embeddable":true,"href":"https:\/\/fastformsystems.com\/fr\/wp-json\/wp\/v2\/users\/1"}],"replies":[{"embeddable":true,"href":"https:\/\/fastformsystems.com\/fr\/wp-json\/wp\/v2\/comments?post=15"}],"version-history":[{"count":25,"href":"https:\/\/fastformsystems.com\/fr\/wp-json\/wp\/v2\/pages\/15\/revisions"}],"predecessor-version":[{"id":1767,"href":"https:\/\/fastformsystems.com\/fr\/wp-json\/wp\/v2\/pages\/15\/revisions\/1767"}],"wp:featuredmedia":[{"embeddable":true,"href":"https:\/\/fastformsystems.com\/fr\/wp-json\/wp\/v2\/media\/1253"}],"wp:attachment":[{"href":"https:\/\/fastformsystems.com\/fr\/wp-json\/wp\/v2\/media?parent=15"}],"curies":[{"name":"wp","href":"https:\/\/api.w.org\/{rel}","templated":true}]}}