{"id":9,"date":"2018-11-19T16:16:20","date_gmt":"2018-11-19T16:16:20","guid":{"rendered":"https:\/\/fastformsystems.com\/uk\/?post_type=product&#038;p=9"},"modified":"2020-03-20T16:18:13","modified_gmt":"2020-03-20T16:18:13","slug":"encofrado-de-columna","status":"publish","type":"product","link":"https:\/\/fastformsystems.com\/es\/producto\/encofrado-de-columna\/","title":{"rendered":"Encofrado de columna"},"content":{"rendered":"<p>Fast-Form es la soluci\u00f3n perfecta para todo tipo de encofrados de columna. Es el sistema m\u00e1s ligero del mercado, y es f\u00e1cil y r\u00e1pido de montar. Ofrecemos tama\u00f1os desde 1,2\u00a0m hasta 6,4\u00a0m de altura como est\u00e1ndar desde 250\u00a0mm de anchura en adelante y compatibles con nuestros sistemas de pared de aluminio y acero est\u00e1ndar.<\/p>\n<p>\u00a1No hace falta tornapuntas! Nuestro sistema de fijaci\u00f3n \u00fanico que atornilla su bloque significa que no necesita crear un tornapuntas, lo cual le supone un ahorro de costes adicional. Nuestro encofrado de columna se puede ajustar f\u00e1cilmente a otros tama\u00f1os, el sistema es tan flexible que aguantar\u00e1 casi cualquier tama\u00f1o o tipo de columna.<\/p>\n<p>Si se requieren, hay disponibles barandillas y accesos, un sistema ligero de aluminio para instalaci\u00f3n manual que ahorra costes de gr\u00faa o un sistema de acero para elevaci\u00f3n con gr\u00faa.<\/p>\n","protected":false},"featured_media":562,"template":"","class_list":["post-9","product","type-product","status-publish","has-post-thumbnail","hentry"],"acf":[],"yoast_head":"<!-- This site is optimized with the Yoast SEO plugin v25.5 - https:\/\/yoast.com\/wordpress\/plugins\/seo\/ -->\n<title>Encofrado de columna - Fast-Form Systems<\/title>\n<meta name=\"robots\" content=\"index, follow, max-snippet:-1, max-image-preview:large, max-video-preview:-1\" \/>\n<link rel=\"canonical\" href=\"https:\/\/fastformsystems.com\/es\/producto\/encofrado-de-columna\/\" \/>\n<meta property=\"og:locale\" content=\"en_GB\" \/>\n<meta property=\"og:type\" content=\"article\" \/>\n<meta property=\"og:title\" content=\"Encofrado de columna - Fast-Form Systems\" \/>\n<meta property=\"og:description\" content=\"Fast-Form es la soluci\u00f3n perfecta para todo tipo de encofrados de columna. Es el sistema m\u00e1s ligero del mercado, y es f\u00e1cil y r\u00e1pido de montar. Ofrecemos tama\u00f1os desde 1,2\u00a0m hasta 6,4\u00a0m de altura como est\u00e1ndar desde 250\u00a0mm de anchura en adelante y compatibles con nuestros sistemas de pared de aluminio y acero est\u00e1ndar. \u00a1No hace falta tornapuntas! Nuestro sistema de fijaci\u00f3n \u00fanico que atornilla &hellip; Continue reading Encofrado de columna &raquo;\" \/>\n<meta property=\"og:url\" content=\"https:\/\/fastformsystems.com\/es\/producto\/encofrado-de-columna\/\" \/>\n<meta property=\"og:site_name\" content=\"ES\" \/>\n<meta property=\"article:modified_time\" content=\"2020-03-20T16:18:13+00:00\" \/>\n<meta property=\"og:image\" content=\"https:\/\/fastformsystems.com\/es\/wp-content\/uploads\/sites\/8\/2018\/11\/Column_banner_1400x400.jpg\" \/>\n\t<meta property=\"og:image:width\" content=\"1300\" \/>\n\t<meta property=\"og:image:height\" content=\"400\" \/>\n\t<meta property=\"og:image:type\" content=\"image\/jpeg\" \/>\n<meta name=\"twitter:card\" content=\"summary_large_image\" \/>\n<meta name=\"twitter:label1\" content=\"Estimated reading time\" \/>\n\t<meta name=\"twitter:data1\" content=\"1 minute\" \/>\n<script type=\"application\/ld+json\" class=\"yoast-schema-graph\">{\"@context\":\"https:\/\/schema.org\",\"@graph\":[{\"@type\":\"WebPage\",\"@id\":\"https:\/\/fastformsystems.com\/es\/producto\/encofrado-de-columna\/\",\"url\":\"https:\/\/fastformsystems.com\/es\/producto\/encofrado-de-columna\/\",\"name\":\"Encofrado de columna - Fast-Form Systems\",\"isPartOf\":{\"@id\":\"https:\/\/fastformsystems.com\/es\/#website\"},\"primaryImageOfPage\":{\"@id\":\"https:\/\/fastformsystems.com\/es\/producto\/encofrado-de-columna\/#primaryimage\"},\"image\":{\"@id\":\"https:\/\/fastformsystems.com\/es\/producto\/encofrado-de-columna\/#primaryimage\"},\"thumbnailUrl\":\"https:\/\/fastformsystems.com\/es\/wp-content\/uploads\/sites\/8\/2018\/11\/Column_banner_1400x400.jpg\",\"datePublished\":\"2018-11-19T16:16:20+00:00\",\"dateModified\":\"2020-03-20T16:18:13+00:00\",\"breadcrumb\":{\"@id\":\"https:\/\/fastformsystems.com\/es\/producto\/encofrado-de-columna\/#breadcrumb\"},\"inLanguage\":\"en-GB\",\"potentialAction\":[{\"@type\":\"ReadAction\",\"target\":[\"https:\/\/fastformsystems.com\/es\/producto\/encofrado-de-columna\/\"]}]},{\"@type\":\"ImageObject\",\"inLanguage\":\"en-GB\",\"@id\":\"https:\/\/fastformsystems.com\/es\/producto\/encofrado-de-columna\/#primaryimage\",\"url\":\"https:\/\/fastformsystems.com\/es\/wp-content\/uploads\/sites\/8\/2018\/11\/Column_banner_1400x400.jpg\",\"contentUrl\":\"https:\/\/fastformsystems.com\/es\/wp-content\/uploads\/sites\/8\/2018\/11\/Column_banner_1400x400.jpg\",\"width\":1300,\"height\":400},{\"@type\":\"BreadcrumbList\",\"@id\":\"https:\/\/fastformsystems.com\/es\/producto\/encofrado-de-columna\/#breadcrumb\",\"itemListElement\":[{\"@type\":\"ListItem\",\"position\":1,\"name\":\"Home\",\"item\":\"https:\/\/fastformsystems.com\/es\/\"},{\"@type\":\"ListItem\",\"position\":2,\"name\":\"Encofrado de columna\"}]},{\"@type\":\"WebSite\",\"@id\":\"https:\/\/fastformsystems.com\/es\/#website\",\"url\":\"https:\/\/fastformsystems.com\/es\/\",\"name\":\"ES\",\"description\":\"\",\"potentialAction\":[{\"@type\":\"SearchAction\",\"target\":{\"@type\":\"EntryPoint\",\"urlTemplate\":\"https:\/\/fastformsystems.com\/es\/?s={search_term_string}\"},\"query-input\":{\"@type\":\"PropertyValueSpecification\",\"valueRequired\":true,\"valueName\":\"search_term_string\"}}],\"inLanguage\":\"en-GB\"}]}<\/script>\n<!-- \/ Yoast SEO plugin. -->","yoast_head_json":{"title":"Encofrado de columna - Fast-Form Systems","robots":{"index":"index","follow":"follow","max-snippet":"max-snippet:-1","max-image-preview":"max-image-preview:large","max-video-preview":"max-video-preview:-1"},"canonical":"https:\/\/fastformsystems.com\/es\/producto\/encofrado-de-columna\/","og_locale":"en_GB","og_type":"article","og_title":"Encofrado de columna - Fast-Form Systems","og_description":"Fast-Form es la soluci\u00f3n perfecta para todo tipo de encofrados de columna. Es el sistema m\u00e1s ligero del mercado, y es f\u00e1cil y r\u00e1pido de montar. Ofrecemos tama\u00f1os desde 1,2\u00a0m hasta 6,4\u00a0m de altura como est\u00e1ndar desde 250\u00a0mm de anchura en adelante y compatibles con nuestros sistemas de pared de aluminio y acero est\u00e1ndar. \u00a1No hace falta tornapuntas! Nuestro sistema de fijaci\u00f3n \u00fanico que atornilla &hellip; Continue reading Encofrado de columna &raquo;","og_url":"https:\/\/fastformsystems.com\/es\/producto\/encofrado-de-columna\/","og_site_name":"ES","article_modified_time":"2020-03-20T16:18:13+00:00","og_image":[{"width":1300,"height":400,"url":"https:\/\/fastformsystems.com\/es\/wp-content\/uploads\/sites\/8\/2018\/11\/Column_banner_1400x400.jpg","type":"image\/jpeg"}],"twitter_card":"summary_large_image","twitter_misc":{"Estimated reading time":"1 minute"},"schema":{"@context":"https:\/\/schema.org","@graph":[{"@type":"WebPage","@id":"https:\/\/fastformsystems.com\/es\/producto\/encofrado-de-columna\/","url":"https:\/\/fastformsystems.com\/es\/producto\/encofrado-de-columna\/","name":"Encofrado de columna - Fast-Form Systems","isPartOf":{"@id":"https:\/\/fastformsystems.com\/es\/#website"},"primaryImageOfPage":{"@id":"https:\/\/fastformsystems.com\/es\/producto\/encofrado-de-columna\/#primaryimage"},"image":{"@id":"https:\/\/fastformsystems.com\/es\/producto\/encofrado-de-columna\/#primaryimage"},"thumbnailUrl":"https:\/\/fastformsystems.com\/es\/wp-content\/uploads\/sites\/8\/2018\/11\/Column_banner_1400x400.jpg","datePublished":"2018-11-19T16:16:20+00:00","dateModified":"2020-03-20T16:18:13+00:00","breadcrumb":{"@id":"https:\/\/fastformsystems.com\/es\/producto\/encofrado-de-columna\/#breadcrumb"},"inLanguage":"en-GB","potentialAction":[{"@type":"ReadAction","target":["https:\/\/fastformsystems.com\/es\/producto\/encofrado-de-columna\/"]}]},{"@type":"ImageObject","inLanguage":"en-GB","@id":"https:\/\/fastformsystems.com\/es\/producto\/encofrado-de-columna\/#primaryimage","url":"https:\/\/fastformsystems.com\/es\/wp-content\/uploads\/sites\/8\/2018\/11\/Column_banner_1400x400.jpg","contentUrl":"https:\/\/fastformsystems.com\/es\/wp-content\/uploads\/sites\/8\/2018\/11\/Column_banner_1400x400.jpg","width":1300,"height":400},{"@type":"BreadcrumbList","@id":"https:\/\/fastformsystems.com\/es\/producto\/encofrado-de-columna\/#breadcrumb","itemListElement":[{"@type":"ListItem","position":1,"name":"Home","item":"https:\/\/fastformsystems.com\/es\/"},{"@type":"ListItem","position":2,"name":"Encofrado de columna"}]},{"@type":"WebSite","@id":"https:\/\/fastformsystems.com\/es\/#website","url":"https:\/\/fastformsystems.com\/es\/","name":"ES","description":"","potentialAction":[{"@type":"SearchAction","target":{"@type":"EntryPoint","urlTemplate":"https:\/\/fastformsystems.com\/es\/?s={search_term_string}"},"query-input":{"@type":"PropertyValueSpecification","valueRequired":true,"valueName":"search_term_string"}}],"inLanguage":"en-GB"}]}},"_links":{"self":[{"href":"https:\/\/fastformsystems.com\/es\/wp-json\/wp\/v2\/product\/9","targetHints":{"allow":["GET"]}}],"collection":[{"href":"https:\/\/fastformsystems.com\/es\/wp-json\/wp\/v2\/product"}],"about":[{"href":"https:\/\/fastformsystems.com\/es\/wp-json\/wp\/v2\/types\/product"}],"wp:featuredmedia":[{"embeddable":true,"href":"https:\/\/fastformsystems.com\/es\/wp-json\/wp\/v2\/media\/562"}],"wp:attachment":[{"href":"https:\/\/fastformsystems.com\/es\/wp-json\/wp\/v2\/media?parent=9"}],"curies":[{"name":"wp","href":"https:\/\/api.w.org\/{rel}","templated":true}]}}