{"id":8,"date":"2018-11-19T16:15:51","date_gmt":"2018-11-19T16:15:51","guid":{"rendered":"https:\/\/fastformsystems.com\/uk\/?post_type=product&#038;p=8"},"modified":"2020-03-20T16:18:05","modified_gmt":"2020-03-20T16:18:05","slug":"encofrado-de-pared","status":"publish","type":"product","link":"https:\/\/fastformsystems.com\/es\/producto\/encofrado-de-pared\/","title":{"rendered":"Encofrado de pared"},"content":{"rendered":"<p>Fast-Form es la soluci\u00f3n perfecta para todo tipo de encofrados de pared y columna. Nuestro dise\u00f1o \u00fanico patentado ofrece toda la resistencia de un sistema de paneles de acero con la flexibilidad y la facilidad de uso de un sistema instalado a mano (con opci\u00f3n para elevar en paneles tambi\u00e9n) y el acabado de un sistema de madera tradicional, menos barras de uni\u00f3n y ausencia de juntas de paneles, adem\u00e1s de que los mismos componentes del sistema pueden formar paredes rectas y circulares. Ning\u00fan otro sistema ofrece tanta flexibilidad, pero si prefiere los sistemas tradicionales de paneles grandes de vigas y montantes, tambi\u00e9n los ofrecemos.<\/p>\n<p>&nbsp;<\/p>\n","protected":false},"featured_media":761,"template":"","class_list":["post-8","product","type-product","status-publish","has-post-thumbnail","hentry"],"acf":[],"yoast_head":"<!-- This site is optimized with the Yoast SEO plugin v25.5 - https:\/\/yoast.com\/wordpress\/plugins\/seo\/ -->\n<title>Encofrado de pared - Fast-Form Systems<\/title>\n<meta name=\"robots\" content=\"index, follow, max-snippet:-1, max-image-preview:large, max-video-preview:-1\" \/>\n<link rel=\"canonical\" href=\"https:\/\/fastformsystems.com\/es\/producto\/encofrado-de-pared\/\" \/>\n<meta property=\"og:locale\" content=\"en_GB\" \/>\n<meta property=\"og:type\" content=\"article\" \/>\n<meta property=\"og:title\" content=\"Encofrado de pared - Fast-Form Systems\" \/>\n<meta property=\"og:description\" content=\"Fast-Form es la soluci\u00f3n perfecta para todo tipo de encofrados de pared y columna. Nuestro dise\u00f1o \u00fanico patentado ofrece toda la resistencia de un sistema de paneles de acero con la flexibilidad y la facilidad de uso de un sistema instalado a mano (con opci\u00f3n para elevar en paneles tambi\u00e9n) y el acabado de un sistema de madera tradicional, menos barras de uni\u00f3n y ausencia &hellip; Continue reading Encofrado de pared &raquo;\" \/>\n<meta property=\"og:url\" content=\"https:\/\/fastformsystems.com\/es\/producto\/encofrado-de-pared\/\" \/>\n<meta property=\"og:site_name\" content=\"ES\" \/>\n<meta property=\"article:modified_time\" content=\"2020-03-20T16:18:05+00:00\" \/>\n<meta property=\"og:image\" content=\"https:\/\/fastformsystems.com\/es\/wp-content\/uploads\/sites\/8\/2018\/11\/20170830_135914-2.jpg\" \/>\n\t<meta property=\"og:image:width\" content=\"2560\" \/>\n\t<meta property=\"og:image:height\" content=\"1536\" \/>\n\t<meta property=\"og:image:type\" content=\"image\/jpeg\" \/>\n<meta name=\"twitter:card\" content=\"summary_large_image\" \/>\n<meta name=\"twitter:label1\" content=\"Estimated reading time\" \/>\n\t<meta name=\"twitter:data1\" content=\"1 minute\" \/>\n<script type=\"application\/ld+json\" class=\"yoast-schema-graph\">{\"@context\":\"https:\/\/schema.org\",\"@graph\":[{\"@type\":\"WebPage\",\"@id\":\"https:\/\/fastformsystems.com\/es\/producto\/encofrado-de-pared\/\",\"url\":\"https:\/\/fastformsystems.com\/es\/producto\/encofrado-de-pared\/\",\"name\":\"Encofrado de pared - Fast-Form Systems\",\"isPartOf\":{\"@id\":\"https:\/\/fastformsystems.com\/es\/#website\"},\"primaryImageOfPage\":{\"@id\":\"https:\/\/fastformsystems.com\/es\/producto\/encofrado-de-pared\/#primaryimage\"},\"image\":{\"@id\":\"https:\/\/fastformsystems.com\/es\/producto\/encofrado-de-pared\/#primaryimage\"},\"thumbnailUrl\":\"https:\/\/fastformsystems.com\/es\/wp-content\/uploads\/sites\/8\/2018\/11\/20170830_135914-2.jpg\",\"datePublished\":\"2018-11-19T16:15:51+00:00\",\"dateModified\":\"2020-03-20T16:18:05+00:00\",\"breadcrumb\":{\"@id\":\"https:\/\/fastformsystems.com\/es\/producto\/encofrado-de-pared\/#breadcrumb\"},\"inLanguage\":\"en-GB\",\"potentialAction\":[{\"@type\":\"ReadAction\",\"target\":[\"https:\/\/fastformsystems.com\/es\/producto\/encofrado-de-pared\/\"]}]},{\"@type\":\"ImageObject\",\"inLanguage\":\"en-GB\",\"@id\":\"https:\/\/fastformsystems.com\/es\/producto\/encofrado-de-pared\/#primaryimage\",\"url\":\"https:\/\/fastformsystems.com\/es\/wp-content\/uploads\/sites\/8\/2018\/11\/20170830_135914-2.jpg\",\"contentUrl\":\"https:\/\/fastformsystems.com\/es\/wp-content\/uploads\/sites\/8\/2018\/11\/20170830_135914-2.jpg\",\"width\":2560,\"height\":1536},{\"@type\":\"BreadcrumbList\",\"@id\":\"https:\/\/fastformsystems.com\/es\/producto\/encofrado-de-pared\/#breadcrumb\",\"itemListElement\":[{\"@type\":\"ListItem\",\"position\":1,\"name\":\"Home\",\"item\":\"https:\/\/fastformsystems.com\/es\/\"},{\"@type\":\"ListItem\",\"position\":2,\"name\":\"Encofrado de pared\"}]},{\"@type\":\"WebSite\",\"@id\":\"https:\/\/fastformsystems.com\/es\/#website\",\"url\":\"https:\/\/fastformsystems.com\/es\/\",\"name\":\"ES\",\"description\":\"\",\"potentialAction\":[{\"@type\":\"SearchAction\",\"target\":{\"@type\":\"EntryPoint\",\"urlTemplate\":\"https:\/\/fastformsystems.com\/es\/?s={search_term_string}\"},\"query-input\":{\"@type\":\"PropertyValueSpecification\",\"valueRequired\":true,\"valueName\":\"search_term_string\"}}],\"inLanguage\":\"en-GB\"}]}<\/script>\n<!-- \/ Yoast SEO plugin. -->","yoast_head_json":{"title":"Encofrado de pared - Fast-Form Systems","robots":{"index":"index","follow":"follow","max-snippet":"max-snippet:-1","max-image-preview":"max-image-preview:large","max-video-preview":"max-video-preview:-1"},"canonical":"https:\/\/fastformsystems.com\/es\/producto\/encofrado-de-pared\/","og_locale":"en_GB","og_type":"article","og_title":"Encofrado de pared - Fast-Form Systems","og_description":"Fast-Form es la soluci\u00f3n perfecta para todo tipo de encofrados de pared y columna. Nuestro dise\u00f1o \u00fanico patentado ofrece toda la resistencia de un sistema de paneles de acero con la flexibilidad y la facilidad de uso de un sistema instalado a mano (con opci\u00f3n para elevar en paneles tambi\u00e9n) y el acabado de un sistema de madera tradicional, menos barras de uni\u00f3n y ausencia &hellip; Continue reading Encofrado de pared &raquo;","og_url":"https:\/\/fastformsystems.com\/es\/producto\/encofrado-de-pared\/","og_site_name":"ES","article_modified_time":"2020-03-20T16:18:05+00:00","og_image":[{"width":2560,"height":1536,"url":"https:\/\/fastformsystems.com\/es\/wp-content\/uploads\/sites\/8\/2018\/11\/20170830_135914-2.jpg","type":"image\/jpeg"}],"twitter_card":"summary_large_image","twitter_misc":{"Estimated reading time":"1 minute"},"schema":{"@context":"https:\/\/schema.org","@graph":[{"@type":"WebPage","@id":"https:\/\/fastformsystems.com\/es\/producto\/encofrado-de-pared\/","url":"https:\/\/fastformsystems.com\/es\/producto\/encofrado-de-pared\/","name":"Encofrado de pared - Fast-Form Systems","isPartOf":{"@id":"https:\/\/fastformsystems.com\/es\/#website"},"primaryImageOfPage":{"@id":"https:\/\/fastformsystems.com\/es\/producto\/encofrado-de-pared\/#primaryimage"},"image":{"@id":"https:\/\/fastformsystems.com\/es\/producto\/encofrado-de-pared\/#primaryimage"},"thumbnailUrl":"https:\/\/fastformsystems.com\/es\/wp-content\/uploads\/sites\/8\/2018\/11\/20170830_135914-2.jpg","datePublished":"2018-11-19T16:15:51+00:00","dateModified":"2020-03-20T16:18:05+00:00","breadcrumb":{"@id":"https:\/\/fastformsystems.com\/es\/producto\/encofrado-de-pared\/#breadcrumb"},"inLanguage":"en-GB","potentialAction":[{"@type":"ReadAction","target":["https:\/\/fastformsystems.com\/es\/producto\/encofrado-de-pared\/"]}]},{"@type":"ImageObject","inLanguage":"en-GB","@id":"https:\/\/fastformsystems.com\/es\/producto\/encofrado-de-pared\/#primaryimage","url":"https:\/\/fastformsystems.com\/es\/wp-content\/uploads\/sites\/8\/2018\/11\/20170830_135914-2.jpg","contentUrl":"https:\/\/fastformsystems.com\/es\/wp-content\/uploads\/sites\/8\/2018\/11\/20170830_135914-2.jpg","width":2560,"height":1536},{"@type":"BreadcrumbList","@id":"https:\/\/fastformsystems.com\/es\/producto\/encofrado-de-pared\/#breadcrumb","itemListElement":[{"@type":"ListItem","position":1,"name":"Home","item":"https:\/\/fastformsystems.com\/es\/"},{"@type":"ListItem","position":2,"name":"Encofrado de pared"}]},{"@type":"WebSite","@id":"https:\/\/fastformsystems.com\/es\/#website","url":"https:\/\/fastformsystems.com\/es\/","name":"ES","description":"","potentialAction":[{"@type":"SearchAction","target":{"@type":"EntryPoint","urlTemplate":"https:\/\/fastformsystems.com\/es\/?s={search_term_string}"},"query-input":{"@type":"PropertyValueSpecification","valueRequired":true,"valueName":"search_term_string"}}],"inLanguage":"en-GB"}]}},"_links":{"self":[{"href":"https:\/\/fastformsystems.com\/es\/wp-json\/wp\/v2\/product\/8","targetHints":{"allow":["GET"]}}],"collection":[{"href":"https:\/\/fastformsystems.com\/es\/wp-json\/wp\/v2\/product"}],"about":[{"href":"https:\/\/fastformsystems.com\/es\/wp-json\/wp\/v2\/types\/product"}],"wp:featuredmedia":[{"embeddable":true,"href":"https:\/\/fastformsystems.com\/es\/wp-json\/wp\/v2\/media\/761"}],"wp:attachment":[{"href":"https:\/\/fastformsystems.com\/es\/wp-json\/wp\/v2\/media?parent=8"}],"curies":[{"name":"wp","href":"https:\/\/api.w.org\/{rel}","templated":true}]}}