{"id":10,"date":"2018-11-19T16:16:32","date_gmt":"2018-11-19T16:16:32","guid":{"rendered":"https:\/\/fastformsystems.com\/uk\/?post_type=product&#038;p=10"},"modified":"2020-03-20T16:18:22","modified_gmt":"2020-03-20T16:18:22","slug":"encofrado-para-la-construccion-de-carreteras","status":"publish","type":"product","link":"https:\/\/fastformsystems.com\/es\/producto\/encofrado-para-la-construccion-de-carreteras\/","title":{"rendered":"Encofrado para la construcci\u00f3n de carreteras"},"content":{"rendered":"<p>Nuestro sistema de encofrado para la construcci\u00f3n de carreteras\/bordillos no tienen parang\u00f3n en el mercado y ofrecemos alquiler y venta. El encofrado para construcci\u00f3n de carreteras Fast-Form es el m\u00e1s flexible y vers\u00e1til que hay. Los encofrados para la construcci\u00f3n de carreteras tambi\u00e9n pueden funcionar con el sistema de soporte Fast-Form para proporcionar el encofrado para construcci\u00f3n de carreteras m\u00e1s estable del mercado, que permite la fijaci\u00f3n en cualquier superficie.<\/p>\n<p>Los encofrados para la construcci\u00f3n de carreteras son de acero galvanizado (versiones de acero dulce disponibles para la venta), son m\u00e1s fuertes y m\u00e1s flexibles que cualquier otro encofrado para la construcci\u00f3n de carreteras, con soportes atornillados m\u00e1s grandes que refuerzan el encofrado para la construcci\u00f3n de carreteras y lo protegen de da\u00f1os. Los encofrados para la construcci\u00f3n de carreteras Fast-Form se pueden unir en la parte superior de los mismos para lograr mayores alturas de vertido; tambi\u00e9n se pueden unir con tornillos, lo que significa que no habr\u00e1 m\u00e1s conexiones sueltas, incluso cuando se usan rieles y capas de revestimiento para tareas pesadas.<\/p>\n","protected":false},"featured_media":570,"template":"","class_list":["post-10","product","type-product","status-publish","has-post-thumbnail","hentry"],"acf":[],"yoast_head":"<!-- This site is optimized with the Yoast SEO plugin v25.5 - https:\/\/yoast.com\/wordpress\/plugins\/seo\/ -->\n<title>Encofrado para la construcci\u00f3n de carreteras - Fast-Form Systems<\/title>\n<meta name=\"robots\" content=\"index, follow, max-snippet:-1, max-image-preview:large, max-video-preview:-1\" \/>\n<link rel=\"canonical\" href=\"https:\/\/fastformsystems.com\/es\/producto\/encofrado-para-la-construccion-de-carreteras\/\" \/>\n<meta property=\"og:locale\" content=\"en_GB\" \/>\n<meta property=\"og:type\" content=\"article\" \/>\n<meta property=\"og:title\" content=\"Encofrado para la construcci\u00f3n de carreteras - Fast-Form Systems\" \/>\n<meta property=\"og:description\" content=\"Nuestro sistema de encofrado para la construcci\u00f3n de carreteras\/bordillos no tienen parang\u00f3n en el mercado y ofrecemos alquiler y venta. El encofrado para construcci\u00f3n de carreteras Fast-Form es el m\u00e1s flexible y vers\u00e1til que hay. Los encofrados para la construcci\u00f3n de carreteras tambi\u00e9n pueden funcionar con el sistema de soporte Fast-Form para proporcionar el encofrado para construcci\u00f3n de carreteras m\u00e1s estable del mercado, que permite &hellip; Continue reading Encofrado para la construcci\u00f3n de carreteras &raquo;\" \/>\n<meta property=\"og:url\" content=\"https:\/\/fastformsystems.com\/es\/producto\/encofrado-para-la-construccion-de-carreteras\/\" \/>\n<meta property=\"og:site_name\" content=\"ES\" \/>\n<meta property=\"article:modified_time\" content=\"2020-03-20T16:18:22+00:00\" \/>\n<meta property=\"og:image\" content=\"https:\/\/fastformsystems.com\/es\/wp-content\/uploads\/sites\/8\/2018\/11\/Road_forms_banner_1400x400.jpg\" \/>\n\t<meta property=\"og:image:width\" content=\"1400\" \/>\n\t<meta property=\"og:image:height\" content=\"400\" \/>\n\t<meta property=\"og:image:type\" content=\"image\/jpeg\" \/>\n<meta name=\"twitter:card\" content=\"summary_large_image\" \/>\n<meta name=\"twitter:label1\" content=\"Estimated reading time\" \/>\n\t<meta name=\"twitter:data1\" content=\"1 minute\" \/>\n<script type=\"application\/ld+json\" class=\"yoast-schema-graph\">{\"@context\":\"https:\/\/schema.org\",\"@graph\":[{\"@type\":\"WebPage\",\"@id\":\"https:\/\/fastformsystems.com\/es\/producto\/encofrado-para-la-construccion-de-carreteras\/\",\"url\":\"https:\/\/fastformsystems.com\/es\/producto\/encofrado-para-la-construccion-de-carreteras\/\",\"name\":\"Encofrado para la construcci\u00f3n de carreteras - Fast-Form Systems\",\"isPartOf\":{\"@id\":\"https:\/\/fastformsystems.com\/es\/#website\"},\"primaryImageOfPage\":{\"@id\":\"https:\/\/fastformsystems.com\/es\/producto\/encofrado-para-la-construccion-de-carreteras\/#primaryimage\"},\"image\":{\"@id\":\"https:\/\/fastformsystems.com\/es\/producto\/encofrado-para-la-construccion-de-carreteras\/#primaryimage\"},\"thumbnailUrl\":\"https:\/\/fastformsystems.com\/es\/wp-content\/uploads\/sites\/8\/2018\/11\/Road_forms_banner_1400x400.jpg\",\"datePublished\":\"2018-11-19T16:16:32+00:00\",\"dateModified\":\"2020-03-20T16:18:22+00:00\",\"breadcrumb\":{\"@id\":\"https:\/\/fastformsystems.com\/es\/producto\/encofrado-para-la-construccion-de-carreteras\/#breadcrumb\"},\"inLanguage\":\"en-GB\",\"potentialAction\":[{\"@type\":\"ReadAction\",\"target\":[\"https:\/\/fastformsystems.com\/es\/producto\/encofrado-para-la-construccion-de-carreteras\/\"]}]},{\"@type\":\"ImageObject\",\"inLanguage\":\"en-GB\",\"@id\":\"https:\/\/fastformsystems.com\/es\/producto\/encofrado-para-la-construccion-de-carreteras\/#primaryimage\",\"url\":\"https:\/\/fastformsystems.com\/es\/wp-content\/uploads\/sites\/8\/2018\/11\/Road_forms_banner_1400x400.jpg\",\"contentUrl\":\"https:\/\/fastformsystems.com\/es\/wp-content\/uploads\/sites\/8\/2018\/11\/Road_forms_banner_1400x400.jpg\",\"width\":1400,\"height\":400},{\"@type\":\"BreadcrumbList\",\"@id\":\"https:\/\/fastformsystems.com\/es\/producto\/encofrado-para-la-construccion-de-carreteras\/#breadcrumb\",\"itemListElement\":[{\"@type\":\"ListItem\",\"position\":1,\"name\":\"Home\",\"item\":\"https:\/\/fastformsystems.com\/es\/\"},{\"@type\":\"ListItem\",\"position\":2,\"name\":\"Encofrado para la construcci\u00f3n de carreteras\"}]},{\"@type\":\"WebSite\",\"@id\":\"https:\/\/fastformsystems.com\/es\/#website\",\"url\":\"https:\/\/fastformsystems.com\/es\/\",\"name\":\"ES\",\"description\":\"\",\"potentialAction\":[{\"@type\":\"SearchAction\",\"target\":{\"@type\":\"EntryPoint\",\"urlTemplate\":\"https:\/\/fastformsystems.com\/es\/?s={search_term_string}\"},\"query-input\":{\"@type\":\"PropertyValueSpecification\",\"valueRequired\":true,\"valueName\":\"search_term_string\"}}],\"inLanguage\":\"en-GB\"}]}<\/script>\n<!-- \/ Yoast SEO plugin. -->","yoast_head_json":{"title":"Encofrado para la construcci\u00f3n de carreteras - Fast-Form Systems","robots":{"index":"index","follow":"follow","max-snippet":"max-snippet:-1","max-image-preview":"max-image-preview:large","max-video-preview":"max-video-preview:-1"},"canonical":"https:\/\/fastformsystems.com\/es\/producto\/encofrado-para-la-construccion-de-carreteras\/","og_locale":"en_GB","og_type":"article","og_title":"Encofrado para la construcci\u00f3n de carreteras - Fast-Form Systems","og_description":"Nuestro sistema de encofrado para la construcci\u00f3n de carreteras\/bordillos no tienen parang\u00f3n en el mercado y ofrecemos alquiler y venta. El encofrado para construcci\u00f3n de carreteras Fast-Form es el m\u00e1s flexible y vers\u00e1til que hay. Los encofrados para la construcci\u00f3n de carreteras tambi\u00e9n pueden funcionar con el sistema de soporte Fast-Form para proporcionar el encofrado para construcci\u00f3n de carreteras m\u00e1s estable del mercado, que permite &hellip; Continue reading Encofrado para la construcci\u00f3n de carreteras &raquo;","og_url":"https:\/\/fastformsystems.com\/es\/producto\/encofrado-para-la-construccion-de-carreteras\/","og_site_name":"ES","article_modified_time":"2020-03-20T16:18:22+00:00","og_image":[{"width":1400,"height":400,"url":"https:\/\/fastformsystems.com\/es\/wp-content\/uploads\/sites\/8\/2018\/11\/Road_forms_banner_1400x400.jpg","type":"image\/jpeg"}],"twitter_card":"summary_large_image","twitter_misc":{"Estimated reading time":"1 minute"},"schema":{"@context":"https:\/\/schema.org","@graph":[{"@type":"WebPage","@id":"https:\/\/fastformsystems.com\/es\/producto\/encofrado-para-la-construccion-de-carreteras\/","url":"https:\/\/fastformsystems.com\/es\/producto\/encofrado-para-la-construccion-de-carreteras\/","name":"Encofrado para la construcci\u00f3n de carreteras - Fast-Form Systems","isPartOf":{"@id":"https:\/\/fastformsystems.com\/es\/#website"},"primaryImageOfPage":{"@id":"https:\/\/fastformsystems.com\/es\/producto\/encofrado-para-la-construccion-de-carreteras\/#primaryimage"},"image":{"@id":"https:\/\/fastformsystems.com\/es\/producto\/encofrado-para-la-construccion-de-carreteras\/#primaryimage"},"thumbnailUrl":"https:\/\/fastformsystems.com\/es\/wp-content\/uploads\/sites\/8\/2018\/11\/Road_forms_banner_1400x400.jpg","datePublished":"2018-11-19T16:16:32+00:00","dateModified":"2020-03-20T16:18:22+00:00","breadcrumb":{"@id":"https:\/\/fastformsystems.com\/es\/producto\/encofrado-para-la-construccion-de-carreteras\/#breadcrumb"},"inLanguage":"en-GB","potentialAction":[{"@type":"ReadAction","target":["https:\/\/fastformsystems.com\/es\/producto\/encofrado-para-la-construccion-de-carreteras\/"]}]},{"@type":"ImageObject","inLanguage":"en-GB","@id":"https:\/\/fastformsystems.com\/es\/producto\/encofrado-para-la-construccion-de-carreteras\/#primaryimage","url":"https:\/\/fastformsystems.com\/es\/wp-content\/uploads\/sites\/8\/2018\/11\/Road_forms_banner_1400x400.jpg","contentUrl":"https:\/\/fastformsystems.com\/es\/wp-content\/uploads\/sites\/8\/2018\/11\/Road_forms_banner_1400x400.jpg","width":1400,"height":400},{"@type":"BreadcrumbList","@id":"https:\/\/fastformsystems.com\/es\/producto\/encofrado-para-la-construccion-de-carreteras\/#breadcrumb","itemListElement":[{"@type":"ListItem","position":1,"name":"Home","item":"https:\/\/fastformsystems.com\/es\/"},{"@type":"ListItem","position":2,"name":"Encofrado para la construcci\u00f3n de carreteras"}]},{"@type":"WebSite","@id":"https:\/\/fastformsystems.com\/es\/#website","url":"https:\/\/fastformsystems.com\/es\/","name":"ES","description":"","potentialAction":[{"@type":"SearchAction","target":{"@type":"EntryPoint","urlTemplate":"https:\/\/fastformsystems.com\/es\/?s={search_term_string}"},"query-input":{"@type":"PropertyValueSpecification","valueRequired":true,"valueName":"search_term_string"}}],"inLanguage":"en-GB"}]}},"_links":{"self":[{"href":"https:\/\/fastformsystems.com\/es\/wp-json\/wp\/v2\/product\/10","targetHints":{"allow":["GET"]}}],"collection":[{"href":"https:\/\/fastformsystems.com\/es\/wp-json\/wp\/v2\/product"}],"about":[{"href":"https:\/\/fastformsystems.com\/es\/wp-json\/wp\/v2\/types\/product"}],"wp:featuredmedia":[{"embeddable":true,"href":"https:\/\/fastformsystems.com\/es\/wp-json\/wp\/v2\/media\/570"}],"wp:attachment":[{"href":"https:\/\/fastformsystems.com\/es\/wp-json\/wp\/v2\/media?parent=10"}],"curies":[{"name":"wp","href":"https:\/\/api.w.org\/{rel}","templated":true}]}}