{"id":28,"date":"2018-11-19T16:19:53","date_gmt":"2018-11-19T16:19:53","guid":{"rendered":"https:\/\/fastformsystems.com\/uk\/?page_id=28"},"modified":"2020-03-23T10:23:35","modified_gmt":"2020-03-23T10:23:35","slug":"recursos","status":"publish","type":"page","link":"https:\/\/fastformsystems.com\/es\/recursos\/","title":{"rendered":"Recursos de encofrados"},"content":{"rendered":"<p>El encofrado Fast-Form ofrece una gama de flexibilidad a la vez que ofrece una soluci\u00f3n m\u00e1s segura, m\u00e1s r\u00e1pida, m\u00e1s ecol\u00f3gica y m\u00e1s sostenible. Explore los recursos de encofrado que figuran a continuaci\u00f3n. Encontrar\u00e1 v\u00eddeos de instrucciones, folletos, planos en 3D, mediciones m\u00e9tricas e imperiales<\/p>\n","protected":false},"excerpt":{"rendered":"<p>El encofrado Fast-Form ofrece una gama de flexibilidad a la vez que ofrece una soluci\u00f3n m\u00e1s segura, m\u00e1s r\u00e1pida, m\u00e1s ecol\u00f3gica y m\u00e1s sostenible. Explore los recursos de encofrado que figuran a continuaci\u00f3n. Encontrar\u00e1 v\u00eddeos de instrucciones, folletos, planos en 3D, mediciones m\u00e9tricas e imperiales<\/p>\n","protected":false},"author":1,"featured_media":1924,"parent":0,"menu_order":0,"comment_status":"closed","ping_status":"closed","template":"templates\/resources.php","meta":{"_acf_changed":false,"footnotes":""},"class_list":["post-28","page","type-page","status-publish","has-post-thumbnail","hentry"],"acf":[],"yoast_head":"<!-- This site is optimized with the Yoast SEO plugin v25.5 - https:\/\/yoast.com\/wordpress\/plugins\/seo\/ -->\n<title>Recursos de encofrados - Fast-Form Systems<\/title>\n<meta name=\"robots\" content=\"index, follow, max-snippet:-1, max-image-preview:large, max-video-preview:-1\" \/>\n<link rel=\"canonical\" href=\"https:\/\/fastformsystems.com\/es\/recursos\/\" \/>\n<meta property=\"og:locale\" content=\"en_GB\" \/>\n<meta property=\"og:type\" content=\"article\" \/>\n<meta property=\"og:title\" content=\"Recursos de encofrados - Fast-Form Systems\" \/>\n<meta property=\"og:description\" content=\"El encofrado Fast-Form ofrece una gama de flexibilidad a la vez que ofrece una soluci\u00f3n m\u00e1s segura, m\u00e1s r\u00e1pida, m\u00e1s ecol\u00f3gica y m\u00e1s sostenible. Explore los recursos de encofrado que figuran a continuaci\u00f3n. Encontrar\u00e1 v\u00eddeos de instrucciones, folletos, planos en 3D, mediciones m\u00e9tricas e imperiales\" \/>\n<meta property=\"og:url\" content=\"https:\/\/fastformsystems.com\/es\/recursos\/\" \/>\n<meta property=\"og:site_name\" content=\"ES\" \/>\n<meta property=\"article:modified_time\" content=\"2020-03-23T10:23:35+00:00\" \/>\n<meta property=\"og:image\" content=\"https:\/\/fastformsystems.com\/es\/wp-content\/uploads\/sites\/8\/2020\/03\/RESOURCES_BANNER.jpg\" \/>\n\t<meta property=\"og:image:width\" content=\"1400\" \/>\n\t<meta property=\"og:image:height\" content=\"450\" \/>\n\t<meta property=\"og:image:type\" content=\"image\/jpeg\" \/>\n<meta name=\"twitter:card\" content=\"summary_large_image\" \/>\n<script type=\"application\/ld+json\" class=\"yoast-schema-graph\">{\"@context\":\"https:\/\/schema.org\",\"@graph\":[{\"@type\":\"WebPage\",\"@id\":\"https:\/\/fastformsystems.com\/es\/recursos\/\",\"url\":\"https:\/\/fastformsystems.com\/es\/recursos\/\",\"name\":\"Recursos de encofrados - Fast-Form Systems\",\"isPartOf\":{\"@id\":\"https:\/\/fastformsystems.com\/es\/#website\"},\"primaryImageOfPage\":{\"@id\":\"https:\/\/fastformsystems.com\/es\/recursos\/#primaryimage\"},\"image\":{\"@id\":\"https:\/\/fastformsystems.com\/es\/recursos\/#primaryimage\"},\"thumbnailUrl\":\"https:\/\/fastformsystems.com\/es\/wp-content\/uploads\/sites\/8\/2020\/03\/RESOURCES_BANNER.jpg\",\"datePublished\":\"2018-11-19T16:19:53+00:00\",\"dateModified\":\"2020-03-23T10:23:35+00:00\",\"breadcrumb\":{\"@id\":\"https:\/\/fastformsystems.com\/es\/recursos\/#breadcrumb\"},\"inLanguage\":\"en-GB\",\"potentialAction\":[{\"@type\":\"ReadAction\",\"target\":[\"https:\/\/fastformsystems.com\/es\/recursos\/\"]}]},{\"@type\":\"ImageObject\",\"inLanguage\":\"en-GB\",\"@id\":\"https:\/\/fastformsystems.com\/es\/recursos\/#primaryimage\",\"url\":\"https:\/\/fastformsystems.com\/es\/wp-content\/uploads\/sites\/8\/2020\/03\/RESOURCES_BANNER.jpg\",\"contentUrl\":\"https:\/\/fastformsystems.com\/es\/wp-content\/uploads\/sites\/8\/2020\/03\/RESOURCES_BANNER.jpg\",\"width\":1400,\"height\":450},{\"@type\":\"BreadcrumbList\",\"@id\":\"https:\/\/fastformsystems.com\/es\/recursos\/#breadcrumb\",\"itemListElement\":[{\"@type\":\"ListItem\",\"position\":1,\"name\":\"Home\",\"item\":\"https:\/\/fastformsystems.com\/es\/\"},{\"@type\":\"ListItem\",\"position\":2,\"name\":\"Recursos de encofrados\"}]},{\"@type\":\"WebSite\",\"@id\":\"https:\/\/fastformsystems.com\/es\/#website\",\"url\":\"https:\/\/fastformsystems.com\/es\/\",\"name\":\"ES\",\"description\":\"\",\"potentialAction\":[{\"@type\":\"SearchAction\",\"target\":{\"@type\":\"EntryPoint\",\"urlTemplate\":\"https:\/\/fastformsystems.com\/es\/?s={search_term_string}\"},\"query-input\":{\"@type\":\"PropertyValueSpecification\",\"valueRequired\":true,\"valueName\":\"search_term_string\"}}],\"inLanguage\":\"en-GB\"}]}<\/script>\n<!-- \/ Yoast SEO plugin. -->","yoast_head_json":{"title":"Recursos de encofrados - Fast-Form Systems","robots":{"index":"index","follow":"follow","max-snippet":"max-snippet:-1","max-image-preview":"max-image-preview:large","max-video-preview":"max-video-preview:-1"},"canonical":"https:\/\/fastformsystems.com\/es\/recursos\/","og_locale":"en_GB","og_type":"article","og_title":"Recursos de encofrados - Fast-Form Systems","og_description":"El encofrado Fast-Form ofrece una gama de flexibilidad a la vez que ofrece una soluci\u00f3n m\u00e1s segura, m\u00e1s r\u00e1pida, m\u00e1s ecol\u00f3gica y m\u00e1s sostenible. Explore los recursos de encofrado que figuran a continuaci\u00f3n. Encontrar\u00e1 v\u00eddeos de instrucciones, folletos, planos en 3D, mediciones m\u00e9tricas e imperiales","og_url":"https:\/\/fastformsystems.com\/es\/recursos\/","og_site_name":"ES","article_modified_time":"2020-03-23T10:23:35+00:00","og_image":[{"width":1400,"height":450,"url":"https:\/\/fastformsystems.com\/es\/wp-content\/uploads\/sites\/8\/2020\/03\/RESOURCES_BANNER.jpg","type":"image\/jpeg"}],"twitter_card":"summary_large_image","schema":{"@context":"https:\/\/schema.org","@graph":[{"@type":"WebPage","@id":"https:\/\/fastformsystems.com\/es\/recursos\/","url":"https:\/\/fastformsystems.com\/es\/recursos\/","name":"Recursos de encofrados - Fast-Form Systems","isPartOf":{"@id":"https:\/\/fastformsystems.com\/es\/#website"},"primaryImageOfPage":{"@id":"https:\/\/fastformsystems.com\/es\/recursos\/#primaryimage"},"image":{"@id":"https:\/\/fastformsystems.com\/es\/recursos\/#primaryimage"},"thumbnailUrl":"https:\/\/fastformsystems.com\/es\/wp-content\/uploads\/sites\/8\/2020\/03\/RESOURCES_BANNER.jpg","datePublished":"2018-11-19T16:19:53+00:00","dateModified":"2020-03-23T10:23:35+00:00","breadcrumb":{"@id":"https:\/\/fastformsystems.com\/es\/recursos\/#breadcrumb"},"inLanguage":"en-GB","potentialAction":[{"@type":"ReadAction","target":["https:\/\/fastformsystems.com\/es\/recursos\/"]}]},{"@type":"ImageObject","inLanguage":"en-GB","@id":"https:\/\/fastformsystems.com\/es\/recursos\/#primaryimage","url":"https:\/\/fastformsystems.com\/es\/wp-content\/uploads\/sites\/8\/2020\/03\/RESOURCES_BANNER.jpg","contentUrl":"https:\/\/fastformsystems.com\/es\/wp-content\/uploads\/sites\/8\/2020\/03\/RESOURCES_BANNER.jpg","width":1400,"height":450},{"@type":"BreadcrumbList","@id":"https:\/\/fastformsystems.com\/es\/recursos\/#breadcrumb","itemListElement":[{"@type":"ListItem","position":1,"name":"Home","item":"https:\/\/fastformsystems.com\/es\/"},{"@type":"ListItem","position":2,"name":"Recursos de encofrados"}]},{"@type":"WebSite","@id":"https:\/\/fastformsystems.com\/es\/#website","url":"https:\/\/fastformsystems.com\/es\/","name":"ES","description":"","potentialAction":[{"@type":"SearchAction","target":{"@type":"EntryPoint","urlTemplate":"https:\/\/fastformsystems.com\/es\/?s={search_term_string}"},"query-input":{"@type":"PropertyValueSpecification","valueRequired":true,"valueName":"search_term_string"}}],"inLanguage":"en-GB"}]}},"_links":{"self":[{"href":"https:\/\/fastformsystems.com\/es\/wp-json\/wp\/v2\/pages\/28","targetHints":{"allow":["GET"]}}],"collection":[{"href":"https:\/\/fastformsystems.com\/es\/wp-json\/wp\/v2\/pages"}],"about":[{"href":"https:\/\/fastformsystems.com\/es\/wp-json\/wp\/v2\/types\/page"}],"author":[{"embeddable":true,"href":"https:\/\/fastformsystems.com\/es\/wp-json\/wp\/v2\/users\/1"}],"replies":[{"embeddable":true,"href":"https:\/\/fastformsystems.com\/es\/wp-json\/wp\/v2\/comments?post=28"}],"version-history":[{"count":10,"href":"https:\/\/fastformsystems.com\/es\/wp-json\/wp\/v2\/pages\/28\/revisions"}],"predecessor-version":[{"id":1764,"href":"https:\/\/fastformsystems.com\/es\/wp-json\/wp\/v2\/pages\/28\/revisions\/1764"}],"wp:featuredmedia":[{"embeddable":true,"href":"https:\/\/fastformsystems.com\/es\/wp-json\/wp\/v2\/media\/1924"}],"wp:attachment":[{"href":"https:\/\/fastformsystems.com\/es\/wp-json\/wp\/v2\/media?parent=28"}],"curies":[{"name":"wp","href":"https:\/\/api.w.org\/{rel}","templated":true}]}}