{"id":2,"date":"2018-11-19T10:41:15","date_gmt":"2018-11-19T10:41:15","guid":{"rendered":"https:\/\/fastformsystems.com\/uk\/?page_id=2"},"modified":"2020-03-02T11:43:46","modified_gmt":"2020-03-02T11:43:46","slug":"home","status":"publish","type":"page","link":"https:\/\/fastformsystems.com\/es\/","title":{"rendered":"Fast-Form Systems Ltd"},"content":{"rendered":"<p>Fast-Form Systems Ltd proporciona encofrados para alquiler y venta, accesorios y ofrece un servicio de atenci\u00f3n al cliente de primera.<\/p>\n<p>Fast-Form Systems Ltd es un fabricante y proveedor del sistema de encofrado Fast-Form\u2122 y ofrece encofrados para alquiler y venta, adem\u00e1s de la amplia gama de encofrados Fast-Form para la construcci\u00f3n de carreteras. Tambi\u00e9n ofrecemos encofrados permanentes, como Beam form y Novo Form, cimbrado y entarimado, productos qu\u00edmicos y todos los accesorios para encofrado, desde barras de uni\u00f3n, tubos, placas y caperuzas hasta vierteaguas, distanciadores y mucho m\u00e1s; as\u00ed que cualesquiera que sean sus necesidades, ll\u00e1menos o escr\u00edbanos a <a href=\"mailto:info@fastformsystems.com\"><strong>info@fastformsystems.com<\/strong><\/a><\/p>\n<p>Fast-Form\u2122 mejorar\u00e1 su\u00a0<strong>seguridad<\/strong>,\u00a0<strong>reducir\u00e1 su\u00a0<\/strong><a href=\"\/es\/huella-de-carbono\/\"><strong>huella de carbono<\/strong><\/a><strong>\u00a0y le ahorrar\u00e1 tiempo y dinero<\/strong>; habitualmente se puede lograr un\u00a0<strong>50-60\u00a0% de ahorro de costes y tiempo<\/strong>\u00a0en comparaci\u00f3n con m\u00e9todos tradicionales. Adem\u00e1s, estos \u00faltimos usan hasta 10 veces m\u00e1s carbono. Usando Fast-Form tambi\u00e9n puede <strong>reducir su huella de carbono un 60-100\u00a0%<\/strong>; puede ver los ahorros de costes y carbono haciendo clic aqu\u00ed, en ahorro de la huella de carbono.\u00a0Para obtener m\u00e1s informaci\u00f3n, p\u00f3ngase en contacto con nosotros o descargue el folleto en el lado opuesto.<\/p>\n","protected":false},"excerpt":{"rendered":"<p>Fast-Form Systems Ltd proporciona encofrados para alquiler y venta, accesorios y ofrece un servicio de atenci\u00f3n al cliente de primera. Fast-Form Systems Ltd es un fabricante y proveedor del sistema de encofrado Fast-Form\u2122 y ofrece encofrados para alquiler y venta, adem\u00e1s de la amplia gama de encofrados Fast-Form para la construcci\u00f3n de carreteras. Tambi\u00e9n ofrecemos encofrados permanentes, como Beam form y Novo Form, cimbrado y &hellip; <a href=\"https:\/\/fastformsystems.com\/es\/\" class=\"more-link\">Continue reading <span class=\"screen-reader-text\">Fast-Form Systems Ltd<\/span> <span class=\"meta-nav\">&raquo;<\/span><\/a><\/p>\n","protected":false},"author":1,"featured_media":0,"parent":0,"menu_order":0,"comment_status":"closed","ping_status":"closed","template":"front-page.php","meta":{"_acf_changed":false,"footnotes":""},"class_list":["post-2","page","type-page","status-publish","hentry"],"acf":[],"yoast_head":"<!-- This site is optimized with the Yoast SEO plugin v25.5 - https:\/\/yoast.com\/wordpress\/plugins\/seo\/ -->\n<title>Fast-Form Systems Ltd - Fast-Form Sytems<\/title>\n<meta name=\"robots\" content=\"index, follow, max-snippet:-1, max-image-preview:large, max-video-preview:-1\" \/>\n<link rel=\"canonical\" href=\"https:\/\/fastformsystems.com\/es\/\" \/>\n<meta property=\"og:locale\" content=\"en_GB\" \/>\n<meta property=\"og:type\" content=\"article\" \/>\n<meta property=\"og:title\" content=\"Fast-Form Systems Ltd - Fast-Form Sytems\" \/>\n<meta property=\"og:description\" content=\"Fast-Form Systems Ltd proporciona encofrados para alquiler y venta, accesorios y ofrece un servicio de atenci\u00f3n al cliente de primera. Fast-Form Systems Ltd es un fabricante y proveedor del sistema de encofrado Fast-Form\u2122 y ofrece encofrados para alquiler y venta, adem\u00e1s de la amplia gama de encofrados Fast-Form para la construcci\u00f3n de carreteras. Tambi\u00e9n ofrecemos encofrados permanentes, como Beam form y Novo Form, cimbrado y &hellip; Continue reading Fast-Form Systems Ltd &raquo;\" \/>\n<meta property=\"og:url\" content=\"https:\/\/fastformsystems.com\/es\/\" \/>\n<meta property=\"og:site_name\" content=\"ES\" \/>\n<meta property=\"article:modified_time\" content=\"2020-03-02T11:43:46+00:00\" \/>\n<meta name=\"twitter:card\" content=\"summary_large_image\" \/>\n<meta name=\"twitter:label1\" content=\"Estimated reading time\" \/>\n\t<meta name=\"twitter:data1\" content=\"1 minute\" \/>\n<script type=\"application\/ld+json\" class=\"yoast-schema-graph\">{\"@context\":\"https:\/\/schema.org\",\"@graph\":[{\"@type\":\"WebPage\",\"@id\":\"https:\/\/fastformsystems.com\/es\/\",\"url\":\"https:\/\/fastformsystems.com\/es\/\",\"name\":\"Fast-Form Systems Ltd - Fast-Form Sytems\",\"isPartOf\":{\"@id\":\"https:\/\/fastformsystems.com\/es\/#website\"},\"datePublished\":\"2018-11-19T10:41:15+00:00\",\"dateModified\":\"2020-03-02T11:43:46+00:00\",\"breadcrumb\":{\"@id\":\"https:\/\/fastformsystems.com\/es\/#breadcrumb\"},\"inLanguage\":\"en-GB\",\"potentialAction\":[{\"@type\":\"ReadAction\",\"target\":[\"https:\/\/fastformsystems.com\/es\/\"]}]},{\"@type\":\"BreadcrumbList\",\"@id\":\"https:\/\/fastformsystems.com\/es\/#breadcrumb\",\"itemListElement\":[{\"@type\":\"ListItem\",\"position\":1,\"name\":\"Home\",\"item\":\"https:\/\/fastformsystems.com\/es\/\"},{\"@type\":\"ListItem\",\"position\":2,\"name\":\"Fast-Form Systems Ltd\"}]},{\"@type\":\"WebSite\",\"@id\":\"https:\/\/fastformsystems.com\/es\/#website\",\"url\":\"https:\/\/fastformsystems.com\/es\/\",\"name\":\"ES\",\"description\":\"\",\"potentialAction\":[{\"@type\":\"SearchAction\",\"target\":{\"@type\":\"EntryPoint\",\"urlTemplate\":\"https:\/\/fastformsystems.com\/es\/?s={search_term_string}\"},\"query-input\":{\"@type\":\"PropertyValueSpecification\",\"valueRequired\":true,\"valueName\":\"search_term_string\"}}],\"inLanguage\":\"en-GB\"}]}<\/script>\n<!-- \/ Yoast SEO plugin. -->","yoast_head_json":{"title":"Fast-Form Systems Ltd - Fast-Form Sytems","robots":{"index":"index","follow":"follow","max-snippet":"max-snippet:-1","max-image-preview":"max-image-preview:large","max-video-preview":"max-video-preview:-1"},"canonical":"https:\/\/fastformsystems.com\/es\/","og_locale":"en_GB","og_type":"article","og_title":"Fast-Form Systems Ltd - Fast-Form Sytems","og_description":"Fast-Form Systems Ltd proporciona encofrados para alquiler y venta, accesorios y ofrece un servicio de atenci\u00f3n al cliente de primera. Fast-Form Systems Ltd es un fabricante y proveedor del sistema de encofrado Fast-Form\u2122 y ofrece encofrados para alquiler y venta, adem\u00e1s de la amplia gama de encofrados Fast-Form para la construcci\u00f3n de carreteras. Tambi\u00e9n ofrecemos encofrados permanentes, como Beam form y Novo Form, cimbrado y &hellip; Continue reading Fast-Form Systems Ltd &raquo;","og_url":"https:\/\/fastformsystems.com\/es\/","og_site_name":"ES","article_modified_time":"2020-03-02T11:43:46+00:00","twitter_card":"summary_large_image","twitter_misc":{"Estimated reading time":"1 minute"},"schema":{"@context":"https:\/\/schema.org","@graph":[{"@type":"WebPage","@id":"https:\/\/fastformsystems.com\/es\/","url":"https:\/\/fastformsystems.com\/es\/","name":"Fast-Form Systems Ltd - Fast-Form Sytems","isPartOf":{"@id":"https:\/\/fastformsystems.com\/es\/#website"},"datePublished":"2018-11-19T10:41:15+00:00","dateModified":"2020-03-02T11:43:46+00:00","breadcrumb":{"@id":"https:\/\/fastformsystems.com\/es\/#breadcrumb"},"inLanguage":"en-GB","potentialAction":[{"@type":"ReadAction","target":["https:\/\/fastformsystems.com\/es\/"]}]},{"@type":"BreadcrumbList","@id":"https:\/\/fastformsystems.com\/es\/#breadcrumb","itemListElement":[{"@type":"ListItem","position":1,"name":"Home","item":"https:\/\/fastformsystems.com\/es\/"},{"@type":"ListItem","position":2,"name":"Fast-Form Systems Ltd"}]},{"@type":"WebSite","@id":"https:\/\/fastformsystems.com\/es\/#website","url":"https:\/\/fastformsystems.com\/es\/","name":"ES","description":"","potentialAction":[{"@type":"SearchAction","target":{"@type":"EntryPoint","urlTemplate":"https:\/\/fastformsystems.com\/es\/?s={search_term_string}"},"query-input":{"@type":"PropertyValueSpecification","valueRequired":true,"valueName":"search_term_string"}}],"inLanguage":"en-GB"}]}},"_links":{"self":[{"href":"https:\/\/fastformsystems.com\/es\/wp-json\/wp\/v2\/pages\/2","targetHints":{"allow":["GET"]}}],"collection":[{"href":"https:\/\/fastformsystems.com\/es\/wp-json\/wp\/v2\/pages"}],"about":[{"href":"https:\/\/fastformsystems.com\/es\/wp-json\/wp\/v2\/types\/page"}],"author":[{"embeddable":true,"href":"https:\/\/fastformsystems.com\/es\/wp-json\/wp\/v2\/users\/1"}],"replies":[{"embeddable":true,"href":"https:\/\/fastformsystems.com\/es\/wp-json\/wp\/v2\/comments?post=2"}],"version-history":[{"count":24,"href":"https:\/\/fastformsystems.com\/es\/wp-json\/wp\/v2\/pages\/2\/revisions"}],"predecessor-version":[{"id":1756,"href":"https:\/\/fastformsystems.com\/es\/wp-json\/wp\/v2\/pages\/2\/revisions\/1756"}],"wp:attachment":[{"href":"https:\/\/fastformsystems.com\/es\/wp-json\/wp\/v2\/media?parent=2"}],"curies":[{"name":"wp","href":"https:\/\/api.w.org\/{rel}","templated":true}]}}