{"id":136,"date":"2018-11-22T09:35:03","date_gmt":"2018-11-22T09:35:03","guid":{"rendered":"http:\/\/fastform.rbpagency.com\/uk\/?page_id=136"},"modified":"2020-03-20T16:21:58","modified_gmt":"2020-03-20T16:21:58","slug":"casos-practicos","status":"publish","type":"page","link":"https:\/\/fastformsystems.com\/es\/casos-practicos\/","title":{"rendered":"Formwork casos pr\u00e1cticos"},"content":{"rendered":"<p>A continuaci\u00f3n, puede echar un vistazo a algunos de nuestros casos pr\u00e1cticos de clientes.<\/p>\n","protected":false},"excerpt":{"rendered":"<p>A continuaci\u00f3n, puede echar un vistazo a algunos de nuestros casos pr\u00e1cticos de clientes.<\/p>\n","protected":false},"author":1,"featured_media":455,"parent":0,"menu_order":0,"comment_status":"closed","ping_status":"closed","template":"templates\/case-studies.php","meta":{"_acf_changed":false,"footnotes":""},"class_list":["post-136","page","type-page","status-publish","has-post-thumbnail","hentry"],"acf":[],"yoast_head":"<!-- This site is optimized with the Yoast SEO plugin v25.5 - https:\/\/yoast.com\/wordpress\/plugins\/seo\/ -->\n<title>Formwork casos pr\u00e1cticos - Fast-Form Sytems<\/title>\n<meta name=\"robots\" content=\"index, follow, max-snippet:-1, max-image-preview:large, max-video-preview:-1\" \/>\n<link rel=\"canonical\" href=\"https:\/\/fastformsystems.com\/es\/casos-practicos\/\" \/>\n<meta property=\"og:locale\" content=\"en_GB\" \/>\n<meta property=\"og:type\" content=\"article\" \/>\n<meta property=\"og:title\" content=\"Formwork casos pr\u00e1cticos - Fast-Form Sytems\" \/>\n<meta property=\"og:description\" content=\"A continuaci\u00f3n, puede echar un vistazo a algunos de nuestros casos pr\u00e1cticos de clientes.\" \/>\n<meta property=\"og:url\" content=\"https:\/\/fastformsystems.com\/es\/casos-practicos\/\" \/>\n<meta property=\"og:site_name\" content=\"ES\" \/>\n<meta property=\"article:modified_time\" content=\"2020-03-20T16:21:58+00:00\" \/>\n<meta property=\"og:image\" content=\"https:\/\/fastformsystems.com\/es\/wp-content\/uploads\/sites\/8\/2018\/11\/google-case-study-banner.jpg\" \/>\n\t<meta property=\"og:image:width\" content=\"1400\" \/>\n\t<meta property=\"og:image:height\" content=\"400\" \/>\n\t<meta property=\"og:image:type\" content=\"image\/jpeg\" \/>\n<meta name=\"twitter:card\" content=\"summary_large_image\" \/>\n<script type=\"application\/ld+json\" class=\"yoast-schema-graph\">{\"@context\":\"https:\/\/schema.org\",\"@graph\":[{\"@type\":\"WebPage\",\"@id\":\"https:\/\/fastformsystems.com\/es\/casos-practicos\/\",\"url\":\"https:\/\/fastformsystems.com\/es\/casos-practicos\/\",\"name\":\"Formwork casos pr\u00e1cticos - Fast-Form Sytems\",\"isPartOf\":{\"@id\":\"https:\/\/fastformsystems.com\/es\/#website\"},\"primaryImageOfPage\":{\"@id\":\"https:\/\/fastformsystems.com\/es\/casos-practicos\/#primaryimage\"},\"image\":{\"@id\":\"https:\/\/fastformsystems.com\/es\/casos-practicos\/#primaryimage\"},\"thumbnailUrl\":\"https:\/\/fastformsystems.com\/es\/wp-content\/uploads\/sites\/8\/2018\/11\/google-case-study-banner.jpg\",\"datePublished\":\"2018-11-22T09:35:03+00:00\",\"dateModified\":\"2020-03-20T16:21:58+00:00\",\"breadcrumb\":{\"@id\":\"https:\/\/fastformsystems.com\/es\/casos-practicos\/#breadcrumb\"},\"inLanguage\":\"en-GB\",\"potentialAction\":[{\"@type\":\"ReadAction\",\"target\":[\"https:\/\/fastformsystems.com\/es\/casos-practicos\/\"]}]},{\"@type\":\"ImageObject\",\"inLanguage\":\"en-GB\",\"@id\":\"https:\/\/fastformsystems.com\/es\/casos-practicos\/#primaryimage\",\"url\":\"https:\/\/fastformsystems.com\/es\/wp-content\/uploads\/sites\/8\/2018\/11\/google-case-study-banner.jpg\",\"contentUrl\":\"https:\/\/fastformsystems.com\/es\/wp-content\/uploads\/sites\/8\/2018\/11\/google-case-study-banner.jpg\",\"width\":1400,\"height\":400},{\"@type\":\"BreadcrumbList\",\"@id\":\"https:\/\/fastformsystems.com\/es\/casos-practicos\/#breadcrumb\",\"itemListElement\":[{\"@type\":\"ListItem\",\"position\":1,\"name\":\"Home\",\"item\":\"https:\/\/fastformsystems.com\/es\/\"},{\"@type\":\"ListItem\",\"position\":2,\"name\":\"Formwork casos pr\u00e1cticos\"}]},{\"@type\":\"WebSite\",\"@id\":\"https:\/\/fastformsystems.com\/es\/#website\",\"url\":\"https:\/\/fastformsystems.com\/es\/\",\"name\":\"ES\",\"description\":\"\",\"potentialAction\":[{\"@type\":\"SearchAction\",\"target\":{\"@type\":\"EntryPoint\",\"urlTemplate\":\"https:\/\/fastformsystems.com\/es\/?s={search_term_string}\"},\"query-input\":{\"@type\":\"PropertyValueSpecification\",\"valueRequired\":true,\"valueName\":\"search_term_string\"}}],\"inLanguage\":\"en-GB\"}]}<\/script>\n<!-- \/ Yoast SEO plugin. -->","yoast_head_json":{"title":"Formwork casos pr\u00e1cticos - Fast-Form Sytems","robots":{"index":"index","follow":"follow","max-snippet":"max-snippet:-1","max-image-preview":"max-image-preview:large","max-video-preview":"max-video-preview:-1"},"canonical":"https:\/\/fastformsystems.com\/es\/casos-practicos\/","og_locale":"en_GB","og_type":"article","og_title":"Formwork casos pr\u00e1cticos - Fast-Form Sytems","og_description":"A continuaci\u00f3n, puede echar un vistazo a algunos de nuestros casos pr\u00e1cticos de clientes.","og_url":"https:\/\/fastformsystems.com\/es\/casos-practicos\/","og_site_name":"ES","article_modified_time":"2020-03-20T16:21:58+00:00","og_image":[{"width":1400,"height":400,"url":"https:\/\/fastformsystems.com\/es\/wp-content\/uploads\/sites\/8\/2018\/11\/google-case-study-banner.jpg","type":"image\/jpeg"}],"twitter_card":"summary_large_image","schema":{"@context":"https:\/\/schema.org","@graph":[{"@type":"WebPage","@id":"https:\/\/fastformsystems.com\/es\/casos-practicos\/","url":"https:\/\/fastformsystems.com\/es\/casos-practicos\/","name":"Formwork casos pr\u00e1cticos - Fast-Form Sytems","isPartOf":{"@id":"https:\/\/fastformsystems.com\/es\/#website"},"primaryImageOfPage":{"@id":"https:\/\/fastformsystems.com\/es\/casos-practicos\/#primaryimage"},"image":{"@id":"https:\/\/fastformsystems.com\/es\/casos-practicos\/#primaryimage"},"thumbnailUrl":"https:\/\/fastformsystems.com\/es\/wp-content\/uploads\/sites\/8\/2018\/11\/google-case-study-banner.jpg","datePublished":"2018-11-22T09:35:03+00:00","dateModified":"2020-03-20T16:21:58+00:00","breadcrumb":{"@id":"https:\/\/fastformsystems.com\/es\/casos-practicos\/#breadcrumb"},"inLanguage":"en-GB","potentialAction":[{"@type":"ReadAction","target":["https:\/\/fastformsystems.com\/es\/casos-practicos\/"]}]},{"@type":"ImageObject","inLanguage":"en-GB","@id":"https:\/\/fastformsystems.com\/es\/casos-practicos\/#primaryimage","url":"https:\/\/fastformsystems.com\/es\/wp-content\/uploads\/sites\/8\/2018\/11\/google-case-study-banner.jpg","contentUrl":"https:\/\/fastformsystems.com\/es\/wp-content\/uploads\/sites\/8\/2018\/11\/google-case-study-banner.jpg","width":1400,"height":400},{"@type":"BreadcrumbList","@id":"https:\/\/fastformsystems.com\/es\/casos-practicos\/#breadcrumb","itemListElement":[{"@type":"ListItem","position":1,"name":"Home","item":"https:\/\/fastformsystems.com\/es\/"},{"@type":"ListItem","position":2,"name":"Formwork casos pr\u00e1cticos"}]},{"@type":"WebSite","@id":"https:\/\/fastformsystems.com\/es\/#website","url":"https:\/\/fastformsystems.com\/es\/","name":"ES","description":"","potentialAction":[{"@type":"SearchAction","target":{"@type":"EntryPoint","urlTemplate":"https:\/\/fastformsystems.com\/es\/?s={search_term_string}"},"query-input":{"@type":"PropertyValueSpecification","valueRequired":true,"valueName":"search_term_string"}}],"inLanguage":"en-GB"}]}},"_links":{"self":[{"href":"https:\/\/fastformsystems.com\/es\/wp-json\/wp\/v2\/pages\/136","targetHints":{"allow":["GET"]}}],"collection":[{"href":"https:\/\/fastformsystems.com\/es\/wp-json\/wp\/v2\/pages"}],"about":[{"href":"https:\/\/fastformsystems.com\/es\/wp-json\/wp\/v2\/types\/page"}],"author":[{"embeddable":true,"href":"https:\/\/fastformsystems.com\/es\/wp-json\/wp\/v2\/users\/1"}],"replies":[{"embeddable":true,"href":"https:\/\/fastformsystems.com\/es\/wp-json\/wp\/v2\/comments?post=136"}],"version-history":[{"count":12,"href":"https:\/\/fastformsystems.com\/es\/wp-json\/wp\/v2\/pages\/136\/revisions"}],"predecessor-version":[{"id":1918,"href":"https:\/\/fastformsystems.com\/es\/wp-json\/wp\/v2\/pages\/136\/revisions\/1918"}],"wp:featuredmedia":[{"embeddable":true,"href":"https:\/\/fastformsystems.com\/es\/wp-json\/wp\/v2\/media\/455"}],"wp:attachment":[{"href":"https:\/\/fastformsystems.com\/es\/wp-json\/wp\/v2\/media?parent=136"}],"curies":[{"name":"wp","href":"https:\/\/api.w.org\/{rel}","templated":true}]}}